{"id":12676,"date":"2026-02-27T00:14:56","date_gmt":"2026-02-27T00:14:56","guid":{"rendered":"https:\/\/nordicmart.andreevmaster.com\/product\/songmics-kosmetiktrolley-xxl-svart\/"},"modified":"2026-02-27T08:08:51","modified_gmt":"2026-02-27T08:08:51","slug":"songmics-kosmetiktrolley-xxl-svart","status":"publish","type":"product","link":"https:\/\/nordicmart.andreevmaster.com\/sv\/produkt\/songmics-kosmetiktrolley-xxl-svart\/","title":{"rendered":"SONGMICS Kosmetiktrolley XXL Svart"},"content":{"rendered":"<p>Har du redan lagt mycket tid p\u00e5 att hitta en l\u00e4mplig sminkv\u00e4ska? D\u00e5 \u00e4r din s\u00f6kning \u00f6ver! Denna kosmetikv\u00e4ska fr\u00e5n SONGMICS&#8230;&#8230; \u00e4r perfekt f\u00f6r att organisera smink: placera sm\u00e5 tillbeh\u00f6r som l\u00e4ppstift eller \u00f6gonskugga i de 4 utdragbara facken. Den rymliga l\u00e5dan i den nedre delen \u00e4r idealisk f\u00f6r stora f\u00f6rem\u00e5l som en UV-nagellampa, en h\u00e5rtork etc. Du har alltid snabb tillg\u00e5ng till de f\u00f6rem\u00e5l du beh\u00f6ver!&#8230; h\u00e5ller i m\u00e5nga \u00e5r: Den svarta ABS-h\u00e5rda skalet, de eleganta aluminiumlisterna och metallh\u00f6rnen \u00e4r stabila och robusta och skyddar v\u00e4skans inneh\u00e5ll mot st\u00f6tar&#8230;. \u00e4r en perfekt presentid\u00e9: V\u00e4skan \u00e4r en utm\u00e4rkt present till alla k\u00e4ra v\u00e4nner som har mycket smink, oavsett om de \u00e4r sminkentusiaster eller professionella makeupartister. Om de f\u00e5r denna present p\u00e5 sin f\u00f6delsedag kommer de s\u00e4kert att str\u00e5la av gl\u00e4dje. B\u00f6rja din resa genom den magiska kosmetik- och sk\u00f6nhetsv\u00e4rlden med denna kosmetikv\u00e4ska! Produktdetaljer:F\u00e4rg: Svart Material: Aluminiumlister, MDF, polyesterv\u00e4v Storlek: Totalstorlek (med hjul): 35 x 25 x 82,5 cm (L x B x H) Totalstorlek (utan hjul): 35 x 25 x 74,5 cm (L x B x H)Storlek p\u00e5 f\u00f6rsta niv\u00e5n (en liten v\u00e4ska): 35 x 25 x 22,5 cm (L x B x H) Storlek p\u00e5 facket i den nedre delen av denna lilla v\u00e4ska: 33,5 x 23,5 x 10,3 cm (L x B x H) Innerm\u00e5tt p\u00e5 ett utdragbart fack (4x): 22 x 15,1 x 3 cm (L x B x H) Storlek p\u00e5 andra niv\u00e5n: 35 x 25 x 11 cm (L x B x H) Innerm\u00e5tt p\u00e5 andra niv\u00e5n: 33,5 x 23,5 x 10,3 cm (L x B x H) Storlek p\u00e5 tredje niv\u00e5n: 35 x 25 x 11 cm (L x B x H)Innerm\u00e5tt p\u00e5 tredje niv\u00e5n: 33,5 x 23,5 x 10,3 cm (L x B x H)Storlek p\u00e5 fj\u00e4rde niv\u00e5n (en \u00f6ppen l\u00e5da): 35 x 25 x 30 cm (L x B x H)Innerm\u00e5tt p\u00e5 fj\u00e4rde niv\u00e5n: 33,5 x 23,5 x 29,8 cm (L x B x H) Storlek p\u00e5 insatsen i fj\u00e4rde niv\u00e5n: 33,2 x 21 x 7,5 cm (L x B x H) Innerm\u00e5tt f\u00f6r insatsen i fj\u00e4rde niv\u00e5n: 31,5 x 19,7 x 17,3 cm (L x B x H)Vikt: 7,4 kgLeveransomfattning:1 x sminkv\u00e4ska4 x universalhjul4 x nycklarSONGMICS Anm\u00e4rkningar:Produkten kan p\u00e5 grund av tillverkningsprocessen avvika n\u00e5got (mindre \u00e4n en millimeter) fr\u00e5n de m\u00e5tt som vi anger.Kontrollera produktens m\u00e5tt (totalstorlek och innerm\u00e5tt) innan du k\u00f6per den. Det kan h\u00e4nda att produkten har en svag lukt n\u00e4r du packar upp den. Placera i s\u00e5 fall produkten i ett svalt, v\u00e4lventilerat rum innan du anv\u00e4nder den.<\/p>\n","protected":false},"excerpt":{"rendered":"<p>SONGMICS kosmetika-v\u00e4ska, professionell sminkv\u00e4ska, 4-i-1 sminkv\u00e4ska f\u00f6r resor, stor v\u00e4ska med hjul f\u00f6r fris\u00f6rer, l\u00e5sbar, med 360\u00b0 vridbara universalhjul, svart JHZ11BK<\/p>\n","protected":false},"featured_media":40885,"comment_status":"open","ping_status":"closed","template":"","meta":[],"product_brand":[],"product_cat":[33],"product_tag":[],"class_list":{"0":"post-12676","1":"product","2":"type-product","3":"status-publish","4":"has-post-thumbnail","6":"product_cat-okategoriserad","8":"first","9":"instock","10":"shipping-taxable","11":"purchasable","12":"product-type-simple"},"_links":{"self":[{"href":"https:\/\/nordicmart.andreevmaster.com\/sv\/wp-json\/wp\/v2\/product\/12676","targetHints":{"allow":["GET"]}}],"collection":[{"href":"https:\/\/nordicmart.andreevmaster.com\/sv\/wp-json\/wp\/v2\/product"}],"about":[{"href":"https:\/\/nordicmart.andreevmaster.com\/sv\/wp-json\/wp\/v2\/types\/product"}],"replies":[{"embeddable":true,"href":"https:\/\/nordicmart.andreevmaster.com\/sv\/wp-json\/wp\/v2\/comments?post=12676"}],"wp:featuredmedia":[{"embeddable":true,"href":"https:\/\/nordicmart.andreevmaster.com\/sv\/wp-json\/wp\/v2\/media\/40885"}],"wp:attachment":[{"href":"https:\/\/nordicmart.andreevmaster.com\/sv\/wp-json\/wp\/v2\/media?parent=12676"}],"wp:term":[{"taxonomy":"product_brand","embeddable":true,"href":"https:\/\/nordicmart.andreevmaster.com\/sv\/wp-json\/wp\/v2\/product_brand?post=12676"},{"taxonomy":"product_cat","embeddable":true,"href":"https:\/\/nordicmart.andreevmaster.com\/sv\/wp-json\/wp\/v2\/product_cat?post=12676"},{"taxonomy":"product_tag","embeddable":true,"href":"https:\/\/nordicmart.andreevmaster.com\/sv\/wp-json\/wp\/v2\/product_tag?post=12676"}],"curies":[{"name":"wp","href":"https:\/\/api.w.org\/{rel}","templated":true}]}}