{"id":12675,"date":"2026-02-27T00:14:56","date_gmt":"2026-02-27T00:14:56","guid":{"rendered":"https:\/\/nordicmart.andreevmaster.com\/product\/songmics-kosmetikvaska-med-2-lador-knallrod\/"},"modified":"2026-02-27T08:08:51","modified_gmt":"2026-02-27T08:08:51","slug":"songmics-kosmetikvaska-med-2-lador-knallrod","status":"publish","type":"product","link":"https:\/\/nordicmart.andreevmaster.com\/sv\/produkt\/songmics-kosmetikvaska-med-2-lador-knallrod\/","title":{"rendered":"SONGMICS kosmetikv\u00e4ska med 2 l\u00e5dor, knallr\u00f6d"},"content":{"rendered":"<p>Om du vill k\u00f6pa en praktisk kosmetikv\u00e4ska, s\u00e4rskilt f\u00f6r resor, f\u00f6r att st\u00e4da upp dina kaotiska sminkutensilier, kommer denna SONGMICS-v\u00e4ska att inspirera dig. I denna v\u00e4ska m\u00f6ts funktionalitet och estetik och harmonierar perfekt med varandra. J\u00e4mf\u00f6rt med vanliga v\u00e4skor utm\u00e4rker sig denna v\u00e4ska med 3 \u00f6vre niv\u00e5er, 2 l\u00e5dor med glidskenor och 4 avtagbara universalhjul.   Genomt\u00e4nkta detaljer  Botten p\u00e5 de 3 \u00f6vre niv\u00e5erna \u00e4r gjord av plast och d\u00e4rf\u00f6r l\u00e4tt att sk\u00f6ta. Det f\u00f6rst\u00e4rkta sexkantiga teleskophandtaget och de f\u00f6rst\u00e4rkta kanterna och h\u00f6rnen av aluminium garanterar l\u00e5ng livsl\u00e4ngd. N\u00e4r du \u00f6ppnar den f\u00f6rhindrar de slitstarka g\u00e5ngj\u00e4rnen att locket v\u00e4lter. Det b\u00f6jda b\u00e4rhandtaget i ABS k\u00e4nns bekv\u00e4mt att b\u00e4ra.  Universellt anv\u00e4ndbar v\u00e4ska  Perfekt f\u00f6r transport av din smink, h\u00e5rsmycken och nageltillbeh\u00f6r. En oumb\u00e4rlig hj\u00e4lpreda f\u00f6r modeikoner, nageldesigners, makeupartister, fris\u00f6rer, kosmetologer etc. Det \u00e4r dags att byta ut din gamla sminkv\u00e4ska. Denna sminkv\u00e4ska hj\u00e4lper dig att f\u00f6rvara all din smink p\u00e5 ett \u00f6gonblick. Genom att ge dig snabb \u00e5tkomst till n\u00f6dv\u00e4ndiga saker underl\u00e4ttar v\u00e4skan din dagliga sminkrutin, \u00e4ven n\u00e4r du \u00e4r p\u00e5 resande fot. Ge dina n\u00e4ra och k\u00e4ra en SONGMICS kosmetikv\u00e4ska s\u00e5 att de kan skapa ett perfekt smink p\u00e5 ett professionellt s\u00e4tt.  Produktdetaljer: F\u00e4rg: r\u00f6d Material: aluminiumlister + MDF-skivor + ABS-plast Belastbarhet: 0 till 50 kg M\u00e5tt: 34 x 57 x 27 cm (B x H x D) Nettovikt: 7,05 kg Bruttovikt: 7,75 kg  Leveransomfattning:  &#8211; 1 x kosmetikv\u00e4ska<\/p>\n","protected":false},"excerpt":{"rendered":"<p>SONGMICS Kosmetikv\u00e4ska Trolley, Professionell sminkv\u00e4ska, Fris\u00f6rv\u00e4ska med 4 avtagbara universalhjul, 3 hyllor upptill, r\u00f6d JHZ08RD<\/p>\n","protected":false},"featured_media":40884,"comment_status":"open","ping_status":"closed","template":"","meta":[],"product_brand":[],"product_cat":[33],"product_tag":[],"class_list":{"0":"post-12675","1":"product","2":"type-product","3":"status-publish","4":"has-post-thumbnail","6":"product_cat-okategoriserad","8":"first","9":"instock","10":"shipping-taxable","11":"purchasable","12":"product-type-simple"},"_links":{"self":[{"href":"https:\/\/nordicmart.andreevmaster.com\/sv\/wp-json\/wp\/v2\/product\/12675","targetHints":{"allow":["GET"]}}],"collection":[{"href":"https:\/\/nordicmart.andreevmaster.com\/sv\/wp-json\/wp\/v2\/product"}],"about":[{"href":"https:\/\/nordicmart.andreevmaster.com\/sv\/wp-json\/wp\/v2\/types\/product"}],"replies":[{"embeddable":true,"href":"https:\/\/nordicmart.andreevmaster.com\/sv\/wp-json\/wp\/v2\/comments?post=12675"}],"wp:featuredmedia":[{"embeddable":true,"href":"https:\/\/nordicmart.andreevmaster.com\/sv\/wp-json\/wp\/v2\/media\/40884"}],"wp:attachment":[{"href":"https:\/\/nordicmart.andreevmaster.com\/sv\/wp-json\/wp\/v2\/media?parent=12675"}],"wp:term":[{"taxonomy":"product_brand","embeddable":true,"href":"https:\/\/nordicmart.andreevmaster.com\/sv\/wp-json\/wp\/v2\/product_brand?post=12675"},{"taxonomy":"product_cat","embeddable":true,"href":"https:\/\/nordicmart.andreevmaster.com\/sv\/wp-json\/wp\/v2\/product_cat?post=12675"},{"taxonomy":"product_tag","embeddable":true,"href":"https:\/\/nordicmart.andreevmaster.com\/sv\/wp-json\/wp\/v2\/product_tag?post=12675"}],"curies":[{"name":"wp","href":"https:\/\/api.w.org\/{rel}","templated":true}]}}