{"id":12674,"date":"2026-02-27T00:14:56","date_gmt":"2026-02-27T00:14:56","guid":{"rendered":"https:\/\/nordicmart.andreevmaster.com\/product\/songmics-kosmetiktrolley\/"},"modified":"2026-02-27T08:08:50","modified_gmt":"2026-02-27T08:08:50","slug":"songmics-kosmetiktrolley","status":"publish","type":"product","link":"https:\/\/nordicmart.andreevmaster.com\/sv\/produkt\/songmics-kosmetiktrolley\/","title":{"rendered":"SONGMICS kosmetiktrolley"},"content":{"rendered":"<p>SONGMICS Kosmetikv\u00e4ska Trolley, Professionell sminkv\u00e4ska, Fris\u00f6rv\u00e4ska med 4 avtagbara universalhjul, 3 hyllor upptill, r\u00f6d JHZ08RD<\/p>\n","protected":false},"excerpt":{"rendered":"<p>SONGMICS Kosmetikv\u00e4ska Trolley, Professionell sminkv\u00e4ska, Fris\u00f6rv\u00e4ska med 4 avtagbara universalhjul, 3 hyllor upptill, r\u00f6d JHZ08RD<\/p>\n","protected":false},"featured_media":40883,"comment_status":"open","ping_status":"closed","template":"","meta":[],"product_brand":[],"product_cat":[33],"product_tag":[],"class_list":{"0":"post-12674","1":"product","2":"type-product","3":"status-publish","4":"has-post-thumbnail","6":"product_cat-okategoriserad","8":"first","9":"instock","10":"shipping-taxable","11":"purchasable","12":"product-type-simple"},"_links":{"self":[{"href":"https:\/\/nordicmart.andreevmaster.com\/sv\/wp-json\/wp\/v2\/product\/12674","targetHints":{"allow":["GET"]}}],"collection":[{"href":"https:\/\/nordicmart.andreevmaster.com\/sv\/wp-json\/wp\/v2\/product"}],"about":[{"href":"https:\/\/nordicmart.andreevmaster.com\/sv\/wp-json\/wp\/v2\/types\/product"}],"replies":[{"embeddable":true,"href":"https:\/\/nordicmart.andreevmaster.com\/sv\/wp-json\/wp\/v2\/comments?post=12674"}],"wp:featuredmedia":[{"embeddable":true,"href":"https:\/\/nordicmart.andreevmaster.com\/sv\/wp-json\/wp\/v2\/media\/40883"}],"wp:attachment":[{"href":"https:\/\/nordicmart.andreevmaster.com\/sv\/wp-json\/wp\/v2\/media?parent=12674"}],"wp:term":[{"taxonomy":"product_brand","embeddable":true,"href":"https:\/\/nordicmart.andreevmaster.com\/sv\/wp-json\/wp\/v2\/product_brand?post=12674"},{"taxonomy":"product_cat","embeddable":true,"href":"https:\/\/nordicmart.andreevmaster.com\/sv\/wp-json\/wp\/v2\/product_cat?post=12674"},{"taxonomy":"product_tag","embeddable":true,"href":"https:\/\/nordicmart.andreevmaster.com\/sv\/wp-json\/wp\/v2\/product_tag?post=12674"}],"curies":[{"name":"wp","href":"https:\/\/api.w.org\/{rel}","templated":true}]}}