{"id":12672,"date":"2026-02-27T00:14:55","date_gmt":"2026-02-27T00:14:55","guid":{"rendered":"https:\/\/nordicmart.andreevmaster.com\/product\/songmics-sminkvagn-1-lada-svart\/"},"modified":"2026-02-27T08:08:50","modified_gmt":"2026-02-27T08:08:50","slug":"songmics-sminkvagn-1-lada-svart","status":"publish","type":"product","link":"https:\/\/nordicmart.andreevmaster.com\/sv\/produkt\/songmics-sminkvagn-1-lada-svart\/","title":{"rendered":"SONGMICS sminkvagn 1 l\u00e5da svart"},"content":{"rendered":"<p>En praktisk resv\u00e4ska med elegant design och logisk indelning f\u00f6r alla tillf\u00e4llen! Med en stabil aluminiumram och robusta metallh\u00f6rn \u00e4r v\u00e4skan attraktiv och stabil. Tack vare de l\u00e5sbara sp\u00e4rrl\u00e5sen p\u00e5 sidan \u00e4r den l\u00e4tt att \u00f6ppna och st\u00e4nga. En separat lock medf\u00f6ljer, vilket g\u00f6r att resv\u00e4skan kan anv\u00e4ndas p\u00e5 olika s\u00e4tt. Du kan kombinera locket med det andra, tredje och sista lagret efter behov. Med ett teleskophandtag och en justerbar, avtagbar b\u00e4rrem \u00e4r resv\u00e4skan mycket flexibel, b\u00e5de vid transport och f\u00f6rflyttning. Ett gummerat plasthandtag ger b\u00e4ttre grepp. Koffertarna \u00e4r l\u00e4mpliga f\u00f6r olika smycken. Dina skatter \u00e4r alltid inom r\u00e4ckh\u00e5ll. Varje koffert inneh\u00e5ller kiselgel (m\u00f6gelskydd). Allt f\u00f6rvaras ordentligt och utrymmesbesparande. Produktdetaljer: Material: Ram: Aluminiumlist + metallh\u00f6rn Bekl\u00e4dnad: MDF-skiva + konstl\u00e4der med krokodilm\u00f6nster Teleskophandtag: Aluminium + plast Rulle: PVC Innerfoder: paraplytygInre fack: paraplytyg + MDF-skiva + PEM\u00e5tt:Totala m\u00e5tt (med hjul): 34,8 x 80 x 25 cm (B x H x D)Totala m\u00e5tt (utan hjul): 34,8 x 72 x 25 cm (B x H x D)H\u00f6jd p\u00e5 1:a niv\u00e5n: 22 cmH\u00f6jd p\u00e5 2:a niv\u00e5n: 10,2 cmH\u00f6jd p\u00e5 3:e niv\u00e5n: 10,2 cmH\u00f6jd p\u00e5 4:e niv\u00e5n: 29,8 cmM\u00e5tt p\u00e5 utdragbart fack: 22,3 x 3 x 14,9 cm (B x H x D)Inre m\u00e5tt p\u00e5 facket i nedre delen av 1:a niv\u00e5n: 33,5 x 8,5 x 23 cm (B x H x D)Leveransomfattning:1 x resv\u00e4ska med hjul1 x extra lock1 x b\u00e4rrem6 x nycklar<\/p>\n","protected":false},"excerpt":{"rendered":"<p>SONGMICS Kosmetikkoffert med hjul, svart, XXL2<\/p>\n","protected":false},"featured_media":40881,"comment_status":"open","ping_status":"closed","template":"","meta":[],"product_brand":[],"product_cat":[33],"product_tag":[],"class_list":{"0":"post-12672","1":"product","2":"type-product","3":"status-publish","4":"has-post-thumbnail","6":"product_cat-okategoriserad","8":"first","9":"instock","10":"shipping-taxable","11":"purchasable","12":"product-type-simple"},"_links":{"self":[{"href":"https:\/\/nordicmart.andreevmaster.com\/sv\/wp-json\/wp\/v2\/product\/12672","targetHints":{"allow":["GET"]}}],"collection":[{"href":"https:\/\/nordicmart.andreevmaster.com\/sv\/wp-json\/wp\/v2\/product"}],"about":[{"href":"https:\/\/nordicmart.andreevmaster.com\/sv\/wp-json\/wp\/v2\/types\/product"}],"replies":[{"embeddable":true,"href":"https:\/\/nordicmart.andreevmaster.com\/sv\/wp-json\/wp\/v2\/comments?post=12672"}],"wp:featuredmedia":[{"embeddable":true,"href":"https:\/\/nordicmart.andreevmaster.com\/sv\/wp-json\/wp\/v2\/media\/40881"}],"wp:attachment":[{"href":"https:\/\/nordicmart.andreevmaster.com\/sv\/wp-json\/wp\/v2\/media?parent=12672"}],"wp:term":[{"taxonomy":"product_brand","embeddable":true,"href":"https:\/\/nordicmart.andreevmaster.com\/sv\/wp-json\/wp\/v2\/product_brand?post=12672"},{"taxonomy":"product_cat","embeddable":true,"href":"https:\/\/nordicmart.andreevmaster.com\/sv\/wp-json\/wp\/v2\/product_cat?post=12672"},{"taxonomy":"product_tag","embeddable":true,"href":"https:\/\/nordicmart.andreevmaster.com\/sv\/wp-json\/wp\/v2\/product_tag?post=12672"}],"curies":[{"name":"wp","href":"https:\/\/api.w.org\/{rel}","templated":true}]}}