{"id":12671,"date":"2026-02-27T00:14:55","date_gmt":"2026-02-27T00:14:55","guid":{"rendered":"https:\/\/nordicmart.andreevmaster.com\/product\/songmics-3-i-1-sminkvaska-svart\/"},"modified":"2026-02-27T08:08:50","modified_gmt":"2026-02-27T08:08:50","slug":"songmics-3-i-1-sminkvaska-svart","status":"publish","type":"product","link":"https:\/\/nordicmart.andreevmaster.com\/sv\/produkt\/songmics-3-i-1-sminkvaska-svart\/","title":{"rendered":"SONGMICS 3-i-1 sminkv\u00e4ska svart"},"content":{"rendered":"<p>En v\u00e4ska med 4 hjul, elegant design och logisk indelning \u2013 b\u00e4rbar och rullande! Denna eleganta v\u00e4ska \u00f6vertygar inte bara med sin eleganta design, utan ocks\u00e5 med sin geniala indelning och h\u00f6ga funktionalitet. Med stabil aluminiumram och robusta metallh\u00f6rn \u00e4r v\u00e4skan attraktiv och stabil. Tack vare de l\u00e5sbara sp\u00e4nnena p\u00e5 sidan \u00e4r den l\u00e4tt att \u00f6ppna och st\u00e4nga. Med 4 l\u00e4ttrullade hjul och ett utdragbart teleskophandtag \u00e4r resv\u00e4skan mycket stabil b\u00e5de n\u00e4r den b\u00e4rs och n\u00e4r den rullas. Ett gummerat plasthandtag ger b\u00e4ttre grepp. Mellanlock finns som tillbeh\u00f6r att k\u00f6pa separat. Resv\u00e4skan \u00e4r l\u00e4mplig f\u00f6r diverse smycken. Anvisningar: 1. Innan du st\u00e4nger m\u00e5ste du rikta in sp\u00e5ret p\u00e5 fj\u00e4dern p\u00e5 resv\u00e4skans kant korrekt. 2. Innan du flyttar v\u00e4skan, kontrollera att alla l\u00e5s \u00e4r ordentligt l\u00e5sta f\u00f6r att undvika att den faller is\u00e4r. 3. M\u00e5ttangivelserna \u00e4r uppm\u00e4tta f\u00f6r hand, sm\u00e5 avvikelser kan f\u00f6rekomma. 4. Det kan h\u00e4nda att artikeln luktar &#8221;nytt&#8221; n\u00e4r du packar upp den. Men denna lukt f\u00f6rsvinner senare n\u00e4r du placerar resv\u00e4skan i ett ventilerat rum. 5. Innan du k\u00f6per, l\u00e4s de exakta m\u00e5tten p\u00e5 resv\u00e4skan p\u00e5 webbplatsen s\u00e5 att du f\u00e5r en kosmetisk resv\u00e4ska som passar. Produktdetaljer: &#8211; Material: Ram: aluminiumlist + metallh\u00f6rn; Bekl\u00e4dnad: MDF-skiva + ABS med rutm\u00f6nster; Teleskophandtag: aluminium + plast; innerfoder: svart sammet; produktm\u00e5tt (med hjul): 37 x 75 x 23 cm (B x H x D); teleskophandtag utdragbart upp till 99 cm &#8211; F\u00e4rg: svart &#8211; Vikt: 6,6 kg Leveransomfattning: 1 x kosmetikkoffert 4 x nycklar 1 x extra lock<\/p>\n","protected":false},"excerpt":{"rendered":"<p>SONGMICS Trolley, sminkv\u00e4ska, kosmetikv\u00e4ska, f\u00f6r nageldesign, sminkorganiserare, v\u00e4ska med b\u00e4rbox, svart JHZ04B<\/p>\n","protected":false},"featured_media":40880,"comment_status":"open","ping_status":"closed","template":"","meta":[],"product_brand":[],"product_cat":[33],"product_tag":[],"class_list":{"0":"post-12671","1":"product","2":"type-product","3":"status-publish","4":"has-post-thumbnail","6":"product_cat-okategoriserad","8":"first","9":"instock","10":"shipping-taxable","11":"purchasable","12":"product-type-simple"},"_links":{"self":[{"href":"https:\/\/nordicmart.andreevmaster.com\/sv\/wp-json\/wp\/v2\/product\/12671","targetHints":{"allow":["GET"]}}],"collection":[{"href":"https:\/\/nordicmart.andreevmaster.com\/sv\/wp-json\/wp\/v2\/product"}],"about":[{"href":"https:\/\/nordicmart.andreevmaster.com\/sv\/wp-json\/wp\/v2\/types\/product"}],"replies":[{"embeddable":true,"href":"https:\/\/nordicmart.andreevmaster.com\/sv\/wp-json\/wp\/v2\/comments?post=12671"}],"wp:featuredmedia":[{"embeddable":true,"href":"https:\/\/nordicmart.andreevmaster.com\/sv\/wp-json\/wp\/v2\/media\/40880"}],"wp:attachment":[{"href":"https:\/\/nordicmart.andreevmaster.com\/sv\/wp-json\/wp\/v2\/media?parent=12671"}],"wp:term":[{"taxonomy":"product_brand","embeddable":true,"href":"https:\/\/nordicmart.andreevmaster.com\/sv\/wp-json\/wp\/v2\/product_brand?post=12671"},{"taxonomy":"product_cat","embeddable":true,"href":"https:\/\/nordicmart.andreevmaster.com\/sv\/wp-json\/wp\/v2\/product_cat?post=12671"},{"taxonomy":"product_tag","embeddable":true,"href":"https:\/\/nordicmart.andreevmaster.com\/sv\/wp-json\/wp\/v2\/product_tag?post=12671"}],"curies":[{"name":"wp","href":"https:\/\/api.w.org\/{rel}","templated":true}]}}