{"id":12670,"date":"2026-02-27T00:14:55","date_gmt":"2026-02-27T00:14:55","guid":{"rendered":"https:\/\/nordicmart.andreevmaster.com\/product\/songmics-2-i-1-kosmetikvaska-med-krokodilmonster\/"},"modified":"2026-02-27T08:08:50","modified_gmt":"2026-02-27T08:08:50","slug":"songmics-2-i-1-kosmetikvaska-med-krokodilmonster","status":"publish","type":"product","link":"https:\/\/nordicmart.andreevmaster.com\/sv\/produkt\/songmics-2-i-1-kosmetikvaska-med-krokodilmonster\/","title":{"rendered":"SONGMICS 2-i-1 kosmetikv\u00e4ska med krokodilm\u00f6nster"},"content":{"rendered":"<p>En v\u00e4ska med 2 hjul, elegant design och logisk indelning \u2013 b\u00e4rbar och rullande\uff01Denna eleganta v\u00e4ska \u00f6vertygar inte bara med sin eleganta design, utan ocks\u00e5 med sin geniala indelning och h\u00f6ga funktionalitet. Med stabil aluminiumram och robusta metallh\u00f6rn \u00e4r v\u00e4skan attraktiv och stabil. Den har 2 niv\u00e5er som kan anv\u00e4ndas separat. Tack vare de 4 l\u00e5sbara sp\u00e4rrl\u00e5sen p\u00e5 sidorna \u00e4r v\u00e4skan l\u00e4tt att \u00f6ppna och st\u00e4nga. V\u00e4skan \u00e4r l\u00e4mplig f\u00f6r diverse smycken. Det utdragbara handtaget g\u00f6r den l\u00e4tt att hantera och transportera. Ett gummerat plasthandtag ger b\u00e4ttre grepp. Anvisningar: 1. Innan du st\u00e4nger v\u00e4skan m\u00e5ste du rikta in sp\u00e5ret p\u00e5 fj\u00e4dern p\u00e5 v\u00e4skans kant. 2. Kontrollera att alla l\u00e5s \u00e4r ordentligt l\u00e5sta innan du flyttar v\u00e4skan f\u00f6r att undvika att den faller is\u00e4r. 3. M\u00e5ttangivelserna \u00e4r uppm\u00e4tta f\u00f6r hand, vilket inneb\u00e4r att sm\u00e5 avvikelser kan f\u00f6rekomma. 4. Det kan h\u00e4nda att produkten luktar \u201dnytt\u201d n\u00e4r du packar upp den. Men denna lukt f\u00f6rsvinner senare n\u00e4r du placerar resv\u00e4skan i ett ventilerat rum. 5. Innan du k\u00f6per, l\u00e4s de exakta m\u00e5tten p\u00e5 resv\u00e4skan p\u00e5 webbplatsen s\u00e5 att du f\u00e5r en kosmetisk resv\u00e4ska som passar. Produktdetaljer: Material: Ram: Aluminiumlist + metallh\u00f6rn; Bekl\u00e4dnad: MDF-skiva + konstl\u00e4der med krokodilm\u00f6nster; Teleskophandtag: aluminium + plast; Innerfoder: svart sammet Produktm\u00e5tt (med hjul): 35 x 59,5 x 25 cm (B x H x D); Teleskophandtag utdragbart upp till 87 cm F\u00e4rg: svart Vikt: 5,5 kg Leveransomfattning: 1 x kosmetikkoffert 4 x nycklar 1 x b\u00e4rrem<\/p>\n","protected":false},"excerpt":{"rendered":"<p>SONGMICS Trolley, 2-i-1 kosmetika-v\u00e4ska, smink-v\u00e4ska, ram av aluminium, fris\u00f6rv\u00e4ska, smink-v\u00e4ska med h\u00e5rd skal, tom, multiv\u00e4ska f\u00f6r bagage, svart JHZ03B<\/p>\n","protected":false},"featured_media":40879,"comment_status":"open","ping_status":"closed","template":"","meta":[],"product_brand":[],"product_cat":[33],"product_tag":[],"class_list":{"0":"post-12670","1":"product","2":"type-product","3":"status-publish","4":"has-post-thumbnail","6":"product_cat-okategoriserad","8":"first","9":"instock","10":"shipping-taxable","11":"purchasable","12":"product-type-simple"},"_links":{"self":[{"href":"https:\/\/nordicmart.andreevmaster.com\/sv\/wp-json\/wp\/v2\/product\/12670","targetHints":{"allow":["GET"]}}],"collection":[{"href":"https:\/\/nordicmart.andreevmaster.com\/sv\/wp-json\/wp\/v2\/product"}],"about":[{"href":"https:\/\/nordicmart.andreevmaster.com\/sv\/wp-json\/wp\/v2\/types\/product"}],"replies":[{"embeddable":true,"href":"https:\/\/nordicmart.andreevmaster.com\/sv\/wp-json\/wp\/v2\/comments?post=12670"}],"wp:featuredmedia":[{"embeddable":true,"href":"https:\/\/nordicmart.andreevmaster.com\/sv\/wp-json\/wp\/v2\/media\/40879"}],"wp:attachment":[{"href":"https:\/\/nordicmart.andreevmaster.com\/sv\/wp-json\/wp\/v2\/media?parent=12670"}],"wp:term":[{"taxonomy":"product_brand","embeddable":true,"href":"https:\/\/nordicmart.andreevmaster.com\/sv\/wp-json\/wp\/v2\/product_brand?post=12670"},{"taxonomy":"product_cat","embeddable":true,"href":"https:\/\/nordicmart.andreevmaster.com\/sv\/wp-json\/wp\/v2\/product_cat?post=12670"},{"taxonomy":"product_tag","embeddable":true,"href":"https:\/\/nordicmart.andreevmaster.com\/sv\/wp-json\/wp\/v2\/product_tag?post=12670"}],"curies":[{"name":"wp","href":"https:\/\/api.w.org\/{rel}","templated":true}]}}