{"id":12669,"date":"2026-02-27T00:14:55","date_gmt":"2026-02-27T00:14:55","guid":{"rendered":"https:\/\/nordicmart.andreevmaster.com\/product\/songmics-3-i-1-kosmetikvaska-silver\/"},"modified":"2026-02-27T08:08:50","modified_gmt":"2026-02-27T08:08:50","slug":"songmics-3-i-1-kosmetikvaska-silver","status":"publish","type":"product","link":"https:\/\/nordicmart.andreevmaster.com\/sv\/produkt\/songmics-3-i-1-kosmetikvaska-silver\/","title":{"rendered":"SONGMICS 3-i-1 kosmetikv\u00e4ska  Silver"},"content":{"rendered":"<p>Har du redan lagt mycket tid p\u00e5 att hitta en l\u00e4mplig sminkv\u00e4ska? D\u00e5 \u00e4r din s\u00f6kning nu \u00f6ver! F\u00f6r denna kosmetikv\u00e4ska fr\u00e5n SONGMICS&#8230; &#8230; \u00e4r ett organisationstalang f\u00f6r ditt smink Placera sm\u00e5 tillbeh\u00f6r som l\u00e4ppstift eller \u00f6gonskugga i de 4 utdragbara facken. Den rymliga l\u00e5dan i den nedre delen \u00e4r idealisk f\u00f6r stora f\u00f6rem\u00e5l som en UV-nagellampa, en h\u00e5rtork etc. Du kan snabbt komma \u00e5t de f\u00f6rem\u00e5l du beh\u00f6ver n\u00e4r som helst! &#8230; h\u00e5ller i m\u00e5nga \u00e5r Den svarta ABS-h\u00e5rda skalet, de eleganta aluminiumlisterna och metallh\u00f6rnen \u00e4r stabila och robusta och skyddar v\u00e4skans inneh\u00e5ll mot st\u00f6tar. &#8230; \u00e4r en perfekt presentid\u00e9 V\u00e4skan \u00e4r en utm\u00e4rkt present till alla k\u00e4ra v\u00e4nner som har mycket smink, oavsett om de \u00e4r sminkentusiaster eller professionella makeupartister. Om de f\u00e5r denna present p\u00e5 sin f\u00f6delsedag kommer de s\u00e4kert att str\u00e5la av gl\u00e4dje. B\u00f6rja din resa genom den magiska kosmetik- och sk\u00f6nhetsv\u00e4rlden med denna kosmetikv\u00e4ska! Produktdetaljer: &#8211; F\u00e4rg: silver &#8211; Material: aluminiumlister, MDF, polyestertyg &#8211; M\u00e5tt: Totala m\u00e5tt (med hjul): 34,8 x 25 x 71,5 cm (L x B x H) Totala m\u00e5tt (utan hjul): 34,8 x 25 x 67 cm (L x B x H) H\u00f6jd p\u00e5 den lilla v\u00e4skan i det \u00f6vre facket: 22,5 cm H\u00f6jd p\u00e5 mellanplanet: 11 cm H\u00f6jd p\u00e5 l\u00e5dan i nedre delen: 30 cm Innerm\u00e5tt p\u00e5 ett utdragbart fack: 21,8 x 14,8 x 3 cm (L x B x H) M\u00e5tt p\u00e5 insatsen i l\u00e5dan i nedre delen: 31,6 x 19,8 x 7 cm (L x B x H) Innerm\u00e5tt f\u00f6r den lilla v\u00e4skan i den \u00f6vre delen: 33,5 x 23 x 10 cm (L x B x H) Innerm\u00e5tt f\u00f6r l\u00e5dan i den nedre delen: 33,5 x 23,5 x 29,2 cm (L x B x H) &#8211; Vikt: 6,5 kg Leveransomfattning: &#8211; 1 x sminkv\u00e4ska &#8211; 4 x universalhjul &#8211; 4 x nycklar<\/p>\n","protected":false},"excerpt":{"rendered":"<p>SONGMICS Kosmetikkoffer, professionell sminkv\u00e4ska, 3-i-1 sminkv\u00e4ska f\u00f6r resor, stor trolley f\u00f6r fris\u00f6rer, l\u00e5sbar, med 360\u00b0 vridbara universalhjul, svart JHZ01B<\/p>\n","protected":false},"featured_media":40878,"comment_status":"open","ping_status":"closed","template":"","meta":[],"product_brand":[],"product_cat":[33],"product_tag":[],"class_list":{"0":"post-12669","1":"product","2":"type-product","3":"status-publish","4":"has-post-thumbnail","6":"product_cat-okategoriserad","8":"first","9":"instock","10":"shipping-taxable","11":"purchasable","12":"product-type-simple"},"_links":{"self":[{"href":"https:\/\/nordicmart.andreevmaster.com\/sv\/wp-json\/wp\/v2\/product\/12669","targetHints":{"allow":["GET"]}}],"collection":[{"href":"https:\/\/nordicmart.andreevmaster.com\/sv\/wp-json\/wp\/v2\/product"}],"about":[{"href":"https:\/\/nordicmart.andreevmaster.com\/sv\/wp-json\/wp\/v2\/types\/product"}],"replies":[{"embeddable":true,"href":"https:\/\/nordicmart.andreevmaster.com\/sv\/wp-json\/wp\/v2\/comments?post=12669"}],"wp:featuredmedia":[{"embeddable":true,"href":"https:\/\/nordicmart.andreevmaster.com\/sv\/wp-json\/wp\/v2\/media\/40878"}],"wp:attachment":[{"href":"https:\/\/nordicmart.andreevmaster.com\/sv\/wp-json\/wp\/v2\/media?parent=12669"}],"wp:term":[{"taxonomy":"product_brand","embeddable":true,"href":"https:\/\/nordicmart.andreevmaster.com\/sv\/wp-json\/wp\/v2\/product_brand?post=12669"},{"taxonomy":"product_cat","embeddable":true,"href":"https:\/\/nordicmart.andreevmaster.com\/sv\/wp-json\/wp\/v2\/product_cat?post=12669"},{"taxonomy":"product_tag","embeddable":true,"href":"https:\/\/nordicmart.andreevmaster.com\/sv\/wp-json\/wp\/v2\/product_tag?post=12669"}],"curies":[{"name":"wp","href":"https:\/\/api.w.org\/{rel}","templated":true}]}}