{"id":12668,"date":"2026-02-27T00:14:54","date_gmt":"2026-02-27T00:14:54","guid":{"rendered":"https:\/\/nordicmart.andreevmaster.com\/product\/songmics-3-i-1-kosmetikvaska-rosa\/"},"modified":"2026-02-27T08:08:49","modified_gmt":"2026-02-27T08:08:49","slug":"songmics-3-i-1-kosmetikvaska-rosa","status":"publish","type":"product","link":"https:\/\/nordicmart.andreevmaster.com\/sv\/produkt\/songmics-3-i-1-kosmetikvaska-rosa\/","title":{"rendered":"SONGMICS 3-i-1 kosmetikv\u00e4ska Rosa"},"content":{"rendered":"<p>Den h\u00e5rda skalet i sakura-rosa p\u00e5 kosmetikvagnen st\u00e4nger sig vackert som en godisf\u00f6rpackning runt dina skatter. I denna eleganta v\u00e4ska kan du f\u00f6rvara alla n\u00f6dv\u00e4ndiga kosmetika- och v\u00e5rdprodukter p\u00e5 ett ordnat s\u00e4tt, s\u00e5 att du alltid hittar det du beh\u00f6ver. Organisationstalang f\u00f6r din makeup: Placera sm\u00e5 tillbeh\u00f6r som l\u00e4ppstift eller \u00f6gonskugga i de 4 utdragbara facken; den rymliga l\u00e5dan  i den nedre delen \u00e4r idealisk f\u00f6r stora f\u00f6rem\u00e5l som en UV-nagellampa, en h\u00e5rtork etc. H\u00e5ller i m\u00e5nga \u00e5r: ABS-h\u00e5rdskalet, aluminiumlisterna och metallh\u00f6rnen \u00e4r stabila och robusta och skyddar v\u00e4skans inneh\u00e5ll mot st\u00f6tar.En perfekt presentid\u00e9: V\u00e4skan \u00e4r en utm\u00e4rkt present till alla k\u00e4ra v\u00e4nner som har mycket smink. Om de f\u00e5r denna present  p\u00e5 sin f\u00f6delsedag kommer de s\u00e4kert att str\u00e5la av gl\u00e4dje. B\u00f6rja din resa genom den magiska kosmetik- och sk\u00f6nhetsv\u00e4rlden med denna kosmetikv\u00e4ska! Produktdetaljer:F\u00e4rg: rosa Material: aluminiumlister, MDF, polyesterv\u00e4v, PVC-plattor M\u00e5tt: Totala m\u00e5tt: 30 x 70 x 25 cm (B x H x D) H\u00f6jd p\u00e5 den lilla v\u00e4skan i den \u00f6vre delen: 22,3 cm H\u00f6jd p\u00e5 mellanplanet: 8,5 cm H\u00f6jd p\u00e5 l\u00e5dan i den nedre delen: 29,3 cm M\u00e5tt p\u00e5 utdragbart fack: 22,7 x 3 x 16 cm (B x H x D) M\u00e5tt p\u00e5 insatsen i l\u00e5dan i nedre delen: 33,4 x 7,2 x 22,2 cm (B x H x D) H\u00f6jd p\u00e5 justerbart teleskophandtag: 58,5\u201396,5 cm Vikt: 6,4 kg Leveransomfattning: 1 x sminkv\u00e4ska 4 x universalhjul 4 x nyckel<\/p>\n","protected":false},"excerpt":{"rendered":"<p>SONGMICS Kosmetikkoffer, professionell sminkv\u00e4ska, 3-i-1 sminkv\u00e4ska f\u00f6r resor, stor trolley f\u00f6r fris\u00f6rer, l\u00e5sbar, med 360\u00b0 vridbara universalhjul, svart JHZ01B<\/p>\n","protected":false},"featured_media":40877,"comment_status":"open","ping_status":"closed","template":"","meta":[],"product_brand":[],"product_cat":[33],"product_tag":[],"class_list":{"0":"post-12668","1":"product","2":"type-product","3":"status-publish","4":"has-post-thumbnail","6":"product_cat-okategoriserad","8":"first","9":"instock","10":"shipping-taxable","11":"purchasable","12":"product-type-simple"},"_links":{"self":[{"href":"https:\/\/nordicmart.andreevmaster.com\/sv\/wp-json\/wp\/v2\/product\/12668","targetHints":{"allow":["GET"]}}],"collection":[{"href":"https:\/\/nordicmart.andreevmaster.com\/sv\/wp-json\/wp\/v2\/product"}],"about":[{"href":"https:\/\/nordicmart.andreevmaster.com\/sv\/wp-json\/wp\/v2\/types\/product"}],"replies":[{"embeddable":true,"href":"https:\/\/nordicmart.andreevmaster.com\/sv\/wp-json\/wp\/v2\/comments?post=12668"}],"wp:featuredmedia":[{"embeddable":true,"href":"https:\/\/nordicmart.andreevmaster.com\/sv\/wp-json\/wp\/v2\/media\/40877"}],"wp:attachment":[{"href":"https:\/\/nordicmart.andreevmaster.com\/sv\/wp-json\/wp\/v2\/media?parent=12668"}],"wp:term":[{"taxonomy":"product_brand","embeddable":true,"href":"https:\/\/nordicmart.andreevmaster.com\/sv\/wp-json\/wp\/v2\/product_brand?post=12668"},{"taxonomy":"product_cat","embeddable":true,"href":"https:\/\/nordicmart.andreevmaster.com\/sv\/wp-json\/wp\/v2\/product_cat?post=12668"},{"taxonomy":"product_tag","embeddable":true,"href":"https:\/\/nordicmart.andreevmaster.com\/sv\/wp-json\/wp\/v2\/product_tag?post=12668"}],"curies":[{"name":"wp","href":"https:\/\/api.w.org\/{rel}","templated":true}]}}