{"id":12667,"date":"2026-02-27T00:14:54","date_gmt":"2026-02-27T00:14:54","guid":{"rendered":"https:\/\/nordicmart.andreevmaster.com\/product\/songmics-3-i-1-kosmetikvaska-svart\/"},"modified":"2026-02-27T08:08:49","modified_gmt":"2026-02-27T08:08:49","slug":"songmics-3-i-1-kosmetikvaska-svart","status":"publish","type":"product","link":"https:\/\/nordicmart.andreevmaster.com\/sv\/produkt\/songmics-3-i-1-kosmetikvaska-svart\/","title":{"rendered":"SONGMICS 3-i-1 kosmetikv\u00e4ska svart"},"content":{"rendered":"<p>En vacker, elegant och tidl\u00f6s pilotv\u00e4ska! Denna eleganta v\u00e4ska \u00f6vertygar inte bara med sin eleganta design, utan ocks\u00e5 med sin geniala indelning och h\u00f6ga funktionalitet. Med stabil aluminiumram och robusta metallh\u00f6rn \u00e4r v\u00e4skan attraktiv och stabil. Den har 3 niv\u00e5er, den 1:a och 2:a niv\u00e5n \u00e4r separat avtagbara och anv\u00e4ndbara. Tack vare de 4 l\u00e5sbara sp\u00e4rrl\u00e5sen p\u00e5 sidorna \u00e4r v\u00e4skan l\u00e4tt att \u00f6ppna och st\u00e4nga. V\u00e4skan \u00e4r l\u00e4mplig f\u00f6r diverse smycken. Det utdragbara handtaget g\u00f6r den l\u00e4tt att hantera och transportera. Ett gummerat plasthandtag ger b\u00e4ttre grepp. Anvisningar: 1. Innan du st\u00e4nger m\u00e5ste du rikta in sp\u00e5ret p\u00e5 fj\u00e4dern p\u00e5 kofferten korrekt. 2. F\u00f6r att st\u00e4nga kofferten korrekt, l\u00e4gg inte f\u00f6r h\u00f6ga f\u00f6rem\u00e5l i den. 3. M\u00e5ttangivelserna \u00e4r m\u00e4tta f\u00f6r hand, sm\u00e5 avvikelser kan f\u00f6rekomma. 4. Det kan h\u00e4nda att artikeln luktar &#8221;nytt&#8221; n\u00e4r du packar upp den. Men denna lukt f\u00f6rsvinner senare n\u00e4r du placerar resv\u00e4skan i ett ventilerat rum. 5. Innan du k\u00f6per, l\u00e4s de exakta m\u00e5tten p\u00e5 resv\u00e4skan p\u00e5 webbplatsen s\u00e5 att du f\u00e5r en kosmetisk resv\u00e4ska som passar. Produktdetaljer: &#8211; Material: Ram: aluminiumlist + metallh\u00f6rn; Bekl\u00e4dnad: MDF-skiva + konstl\u00e4der ; Teleskophandtag: Aluminium + plast ; Innerfoder: svart sammet &#8211; Produktm\u00e5tt: 35 x 68,5 x 25 cm (B x H x D) &#8211; M\u00e5tt p\u00e5 1:a niv\u00e5n: 35 x 22 x 25 cm (B x H x D) &#8211; M\u00e5tt p\u00e5 2:a niv\u00e5n: 35 x 10 x 25 cm (B x H x D)- M\u00e5tt p\u00e5 3:e niv\u00e5n: 35 x 30 x 25 cm (B x H x D)- Nettovikt: 6,56 kg Leveransomfattning: &#8211; 1 x kosmetisk v\u00e4ska &#8211; 6 x nycklar<\/p>\n","protected":false},"excerpt":{"rendered":"<p>SONGMICS Kosmetikkoffer, professionell sminkv\u00e4ska, 3-i-1 sminkv\u00e4ska f\u00f6r resor, stor trolley f\u00f6r fris\u00f6rer, l\u00e5sbar, med 360\u00b0 vridbara universalhjul, svart JHZ01B<\/p>\n","protected":false},"featured_media":40876,"comment_status":"open","ping_status":"closed","template":"","meta":[],"product_brand":[],"product_cat":[33],"product_tag":[],"class_list":{"0":"post-12667","1":"product","2":"type-product","3":"status-publish","4":"has-post-thumbnail","6":"product_cat-okategoriserad","8":"first","9":"instock","10":"shipping-taxable","11":"purchasable","12":"product-type-simple"},"_links":{"self":[{"href":"https:\/\/nordicmart.andreevmaster.com\/sv\/wp-json\/wp\/v2\/product\/12667","targetHints":{"allow":["GET"]}}],"collection":[{"href":"https:\/\/nordicmart.andreevmaster.com\/sv\/wp-json\/wp\/v2\/product"}],"about":[{"href":"https:\/\/nordicmart.andreevmaster.com\/sv\/wp-json\/wp\/v2\/types\/product"}],"replies":[{"embeddable":true,"href":"https:\/\/nordicmart.andreevmaster.com\/sv\/wp-json\/wp\/v2\/comments?post=12667"}],"wp:featuredmedia":[{"embeddable":true,"href":"https:\/\/nordicmart.andreevmaster.com\/sv\/wp-json\/wp\/v2\/media\/40876"}],"wp:attachment":[{"href":"https:\/\/nordicmart.andreevmaster.com\/sv\/wp-json\/wp\/v2\/media?parent=12667"}],"wp:term":[{"taxonomy":"product_brand","embeddable":true,"href":"https:\/\/nordicmart.andreevmaster.com\/sv\/wp-json\/wp\/v2\/product_brand?post=12667"},{"taxonomy":"product_cat","embeddable":true,"href":"https:\/\/nordicmart.andreevmaster.com\/sv\/wp-json\/wp\/v2\/product_cat?post=12667"},{"taxonomy":"product_tag","embeddable":true,"href":"https:\/\/nordicmart.andreevmaster.com\/sv\/wp-json\/wp\/v2\/product_tag?post=12667"}],"curies":[{"name":"wp","href":"https:\/\/api.w.org\/{rel}","templated":true}]}}