{"id":12666,"date":"2026-02-27T00:14:54","date_gmt":"2026-02-27T00:14:54","guid":{"rendered":"https:\/\/nordicmart.andreevmaster.com\/product\/songmics-kosmetiktrolley-med-las-for-resor\/"},"modified":"2026-02-27T08:08:49","modified_gmt":"2026-02-27T08:08:49","slug":"songmics-kosmetiktrolley-med-las-for-resor","status":"publish","type":"product","link":"https:\/\/nordicmart.andreevmaster.com\/sv\/produkt\/songmics-kosmetiktrolley-med-las-for-resor\/","title":{"rendered":"SONGMICS kosmetiktrolley med l\u00e5s f\u00f6r resor"},"content":{"rendered":"<p>SONGMICS kosmetika-v\u00e4ska, trolley, 4-i-1 sminkv\u00e4ska, extra stor, fris\u00f6rv\u00e4ska, 34 x 24 x 79,3 cm, l\u00e5sbar, sminkv\u00e4ska, 360\u00b0 vridbara hjul, f\u00f6r resor, presentid\u00e9, svart JHZ015B01<br \/>\nF\u00e4rg: Svart<br \/>\nMaterial: Aluminiumram, MDF (medeldensitetsfiberplatta), ABS-plast<br \/>\nStorlek<br \/>\nTotalstorlek (med hjul): 34 x 24 x 79,3 cm (L x B x H)<br \/>\nTotalstorlek (utan hjul): 34 x 24 x 71,9 cm (L x B x H)<br \/>\nH\u00f6jd p\u00e5 f\u00f6rsta niv\u00e5n: 18,8 cm<br \/>\nStorlek p\u00e5 utdragbart fack (4x): 21,5 x 15,3 x 3,5 cm (L x B x H)<br \/>\nH\u00f6jd p\u00e5 2:a niv\u00e5n: 8,8 cm<br \/>\nH\u00f6jd p\u00e5 3:e niv\u00e5n: 8,8 cm<br \/>\nH\u00f6jd p\u00e5 4:e niv\u00e5n: 35,5 cm<br \/>\nVikt: 7 kg<br \/>\nMax. total statisk belastningskapacitet: 30 kg<\/p>\n","protected":false},"excerpt":{"rendered":"<p>SONGMICS kosmetika-v\u00e4ska, trolley, 4-i-1 sminkv\u00e4ska, extra stor, fris\u00f6rv\u00e4ska, 34 x 24 x 79,3 cm, l\u00e5sbar, sminkv\u00e4ska, 360\u00b0 vridbara hjul, f\u00f6r resor, presentid\u00e9, svart JHZ015B01<\/p>\n","protected":false},"featured_media":40875,"comment_status":"open","ping_status":"closed","template":"","meta":[],"product_brand":[],"product_cat":[33],"product_tag":[],"class_list":{"0":"post-12666","1":"product","2":"type-product","3":"status-publish","4":"has-post-thumbnail","6":"product_cat-okategoriserad","8":"first","9":"instock","10":"shipping-taxable","11":"purchasable","12":"product-type-simple"},"_links":{"self":[{"href":"https:\/\/nordicmart.andreevmaster.com\/sv\/wp-json\/wp\/v2\/product\/12666","targetHints":{"allow":["GET"]}}],"collection":[{"href":"https:\/\/nordicmart.andreevmaster.com\/sv\/wp-json\/wp\/v2\/product"}],"about":[{"href":"https:\/\/nordicmart.andreevmaster.com\/sv\/wp-json\/wp\/v2\/types\/product"}],"replies":[{"embeddable":true,"href":"https:\/\/nordicmart.andreevmaster.com\/sv\/wp-json\/wp\/v2\/comments?post=12666"}],"wp:featuredmedia":[{"embeddable":true,"href":"https:\/\/nordicmart.andreevmaster.com\/sv\/wp-json\/wp\/v2\/media\/40875"}],"wp:attachment":[{"href":"https:\/\/nordicmart.andreevmaster.com\/sv\/wp-json\/wp\/v2\/media?parent=12666"}],"wp:term":[{"taxonomy":"product_brand","embeddable":true,"href":"https:\/\/nordicmart.andreevmaster.com\/sv\/wp-json\/wp\/v2\/product_brand?post=12666"},{"taxonomy":"product_cat","embeddable":true,"href":"https:\/\/nordicmart.andreevmaster.com\/sv\/wp-json\/wp\/v2\/product_cat?post=12666"},{"taxonomy":"product_tag","embeddable":true,"href":"https:\/\/nordicmart.andreevmaster.com\/sv\/wp-json\/wp\/v2\/product_tag?post=12666"}],"curies":[{"name":"wp","href":"https:\/\/api.w.org\/{rel}","templated":true}]}}