{"id":12664,"date":"2026-02-27T00:14:54","date_gmt":"2026-02-27T00:14:54","guid":{"rendered":"https:\/\/nordicmart.andreevmaster.com\/product\/songmics-kosmetiktui-trolley-3-i-1-sminkvaskor-pastellrosa\/"},"modified":"2026-02-27T08:08:49","modified_gmt":"2026-02-27T08:08:49","slug":"songmics-kosmetiktui-trolley-3-i-1-sminkvaskor-pastellrosa","status":"publish","type":"product","link":"https:\/\/nordicmart.andreevmaster.com\/sv\/produkt\/songmics-kosmetiktui-trolley-3-i-1-sminkvaskor-pastellrosa\/","title":{"rendered":"SONGMICS kosmetiktui Trolley 3-i-1 sminkv\u00e4skor pastellrosa"},"content":{"rendered":"<p>SONGMICS kosmetikv\u00e4ska, stor trolley, med hjul, professionell, tom sminkv\u00e4ska, sk\u00f6nhetsv\u00e4ska, sminkv\u00e4ska, 4 universalhjul, f\u00f6r resor och arbete, svart JHZ014B01<br \/>\nF\u00e4rg: pastellrosa<br \/>\nMaterial: Aluminiumram, MDF (medeldensitetsfiberplatta), ABS-plast<br \/>\nStorlek:<br \/>\nTotalstorlek (med hjul): 34 x 24 x 70,5 cm (L x B x H)<br \/>\nTotalstorlek (utan hjul): 34 x 24 x 63,1 cm (L x B x H)<br \/>\nH\u00f6jd p\u00e5 f\u00f6rsta niv\u00e5n: 18,8 cm<br \/>\nStorlek p\u00e5 utdragbart fack (4x): 21,5 x 15,3 x 3,5 cm (L x B x H)<br \/>\nH\u00f6jd p\u00e5 2:a niv\u00e5n: 8,8 cm<br \/>\nH\u00f6jd p\u00e5 3:e niv\u00e5n: 35,5 cm<br \/>\nVikt: 5,9 kg<br \/>\nMax. statisk totalbelastning: 15 kg<\/p>\n","protected":false},"excerpt":{"rendered":"<p>SONGMICS kosmetikv\u00e4ska, stor trolley, med hjul, professionell, tom sminkv\u00e4ska, sk\u00f6nhetsv\u00e4ska, sminkv\u00e4ska, 4 universalhjul, f\u00f6r resor och arbete, svart JHZ014B01<\/p>\n","protected":false},"featured_media":40873,"comment_status":"open","ping_status":"closed","template":"","meta":[],"product_brand":[],"product_cat":[33],"product_tag":[],"class_list":{"0":"post-12664","1":"product","2":"type-product","3":"status-publish","4":"has-post-thumbnail","6":"product_cat-okategoriserad","8":"first","9":"instock","10":"shipping-taxable","11":"purchasable","12":"product-type-simple"},"_links":{"self":[{"href":"https:\/\/nordicmart.andreevmaster.com\/sv\/wp-json\/wp\/v2\/product\/12664","targetHints":{"allow":["GET"]}}],"collection":[{"href":"https:\/\/nordicmart.andreevmaster.com\/sv\/wp-json\/wp\/v2\/product"}],"about":[{"href":"https:\/\/nordicmart.andreevmaster.com\/sv\/wp-json\/wp\/v2\/types\/product"}],"replies":[{"embeddable":true,"href":"https:\/\/nordicmart.andreevmaster.com\/sv\/wp-json\/wp\/v2\/comments?post=12664"}],"wp:featuredmedia":[{"embeddable":true,"href":"https:\/\/nordicmart.andreevmaster.com\/sv\/wp-json\/wp\/v2\/media\/40873"}],"wp:attachment":[{"href":"https:\/\/nordicmart.andreevmaster.com\/sv\/wp-json\/wp\/v2\/media?parent=12664"}],"wp:term":[{"taxonomy":"product_brand","embeddable":true,"href":"https:\/\/nordicmart.andreevmaster.com\/sv\/wp-json\/wp\/v2\/product_brand?post=12664"},{"taxonomy":"product_cat","embeddable":true,"href":"https:\/\/nordicmart.andreevmaster.com\/sv\/wp-json\/wp\/v2\/product_cat?post=12664"},{"taxonomy":"product_tag","embeddable":true,"href":"https:\/\/nordicmart.andreevmaster.com\/sv\/wp-json\/wp\/v2\/product_tag?post=12664"}],"curies":[{"name":"wp","href":"https:\/\/api.w.org\/{rel}","templated":true}]}}