{"id":12663,"date":"2026-02-27T00:14:53","date_gmt":"2026-02-27T00:14:53","guid":{"rendered":"https:\/\/nordicmart.andreevmaster.com\/product\/songmics-kosmetikvaska-med-hjul-svart\/"},"modified":"2026-02-27T08:08:49","modified_gmt":"2026-02-27T08:08:49","slug":"songmics-kosmetikvaska-med-hjul-svart","status":"publish","type":"product","link":"https:\/\/nordicmart.andreevmaster.com\/sv\/produkt\/songmics-kosmetikvaska-med-hjul-svart\/","title":{"rendered":"SONGMICS Kosmetikv\u00e4ska med hjul Svart"},"content":{"rendered":"<p>Mycket f\u00f6rvaringsutrymme: l\u00e4ppstift, \u00f6gonskugga, penslar, nagellack&#8230; alla dina sminktillbeh\u00f6r f\u00e5r plats i denna kosmetiska v\u00e4ska. Vad mer? Kl\u00e4der, b\u00f6cker, peruker eller en h\u00e5rtork f\u00e5r perfekt plats i det stora facket l\u00e4ngst ner. Klassisk stil: Den klassiska svarta f\u00e4rgen ger denna sminkv\u00e4ska en tidl\u00f6s elegans. Ge dina n\u00e4ra och k\u00e4ra eller dig sj\u00e4lv denna vackra sminkv\u00e4ska i present! Produktdetaljer: F\u00e4rg: Svart Material: MDF (medeldensitetsfiberplatta), aluminium, ABS-plast Storlek: 35,7 x 27 x 72,5 cm (L x B x H) H\u00f6jd p\u00e5 teleskophandtaget: 25,5 cm Vikt: 5,9 kg Max. statisk belastningskapacitet: 20 kg Leveransomfattning: 1 x kosmetikkoffert 4 x nycklar SONGMICS Anm\u00e4rkningar:Uts\u00e4tt inte produkten f\u00f6r direkt solljus. Undvik att produkten kommer i kontakt med vassa eller spetsiga f\u00f6rem\u00e5l f\u00f6r att undvika skador. Nycklarna \u00e4r mycket sm\u00e5. F\u00f6rvara dem d\u00e4rf\u00f6r utom r\u00e4ckh\u00e5ll f\u00f6r barn p\u00e5 en s\u00e4ker plats f\u00f6r att undvika h\u00e4lsorisker genom inandning eller f\u00f6rt\u00e4ring av nycklarna.<\/p>\n","protected":false},"excerpt":{"rendered":"<p>SONGMICS kosmetikv\u00e4ska, stor trolley, med hjul, professionell, tom sminkv\u00e4ska, sk\u00f6nhetsv\u00e4ska, sminkv\u00e4ska, 4 universalhjul, f\u00f6r resor och arbete, svart JHZ014B01<\/p>\n","protected":false},"featured_media":40872,"comment_status":"open","ping_status":"closed","template":"","meta":[],"product_brand":[],"product_cat":[33],"product_tag":[],"class_list":{"0":"post-12663","1":"product","2":"type-product","3":"status-publish","4":"has-post-thumbnail","6":"product_cat-okategoriserad","8":"first","9":"instock","10":"shipping-taxable","11":"purchasable","12":"product-type-simple"},"_links":{"self":[{"href":"https:\/\/nordicmart.andreevmaster.com\/sv\/wp-json\/wp\/v2\/product\/12663","targetHints":{"allow":["GET"]}}],"collection":[{"href":"https:\/\/nordicmart.andreevmaster.com\/sv\/wp-json\/wp\/v2\/product"}],"about":[{"href":"https:\/\/nordicmart.andreevmaster.com\/sv\/wp-json\/wp\/v2\/types\/product"}],"replies":[{"embeddable":true,"href":"https:\/\/nordicmart.andreevmaster.com\/sv\/wp-json\/wp\/v2\/comments?post=12663"}],"wp:featuredmedia":[{"embeddable":true,"href":"https:\/\/nordicmart.andreevmaster.com\/sv\/wp-json\/wp\/v2\/media\/40872"}],"wp:attachment":[{"href":"https:\/\/nordicmart.andreevmaster.com\/sv\/wp-json\/wp\/v2\/media?parent=12663"}],"wp:term":[{"taxonomy":"product_brand","embeddable":true,"href":"https:\/\/nordicmart.andreevmaster.com\/sv\/wp-json\/wp\/v2\/product_brand?post=12663"},{"taxonomy":"product_cat","embeddable":true,"href":"https:\/\/nordicmart.andreevmaster.com\/sv\/wp-json\/wp\/v2\/product_cat?post=12663"},{"taxonomy":"product_tag","embeddable":true,"href":"https:\/\/nordicmart.andreevmaster.com\/sv\/wp-json\/wp\/v2\/product_tag?post=12663"}],"curies":[{"name":"wp","href":"https:\/\/api.w.org\/{rel}","templated":true}]}}