{"id":12662,"date":"2026-02-27T00:14:53","date_gmt":"2026-02-27T00:14:53","guid":{"rendered":"https:\/\/nordicmart.andreevmaster.com\/product\/songmics-kosmetiktui-med-4-universalhjul-rod\/"},"modified":"2026-02-27T08:08:48","modified_gmt":"2026-02-27T08:08:48","slug":"songmics-kosmetiktui-med-4-universalhjul-rod","status":"publish","type":"product","link":"https:\/\/nordicmart.andreevmaster.com\/sv\/produkt\/songmics-kosmetiktui-med-4-universalhjul-rod\/","title":{"rendered":"SONGMICS kosmetiktui med 4 universalhjul, r\u00f6d"},"content":{"rendered":"<p>Ett perfekt f\u00f6rvaringsst\u00e4lle f\u00f6r din smink: Ordna l\u00e4ppstift, borstar, puder, mascara, nagellack, eyeliner och liknande i de \u00f6vre, utdragbara facken i kosmetika-v\u00e4skan. Det nedre facket \u00e4r perfekt f\u00f6r b\u00f6cker, kl\u00e4der, peruker eller h\u00e5rtorkar. Tidl\u00f6s stil: R\u00f6tt \u00e4r en f\u00e4rg som aldrig g\u00e5r ur mode. Denna kosmetiska v\u00e4ska visar upp din stil, oavsett var du placerar den. Ge dina n\u00e4ra och k\u00e4ra denna stilfulla kosmetiska v\u00e4ska i present s\u00e5 kommer de garanterat att str\u00e5la av gl\u00e4dje. Men om du sj\u00e4lv gillar denna v\u00e4ska, varf\u00f6r inte bara ge dig sj\u00e4lv en present? Produktdetaljer:F\u00e4rg: R\u00f6d Material: MDF (medeldensitetsfiberplatta), aluminium, ABS-plast Storlek: 34 x 24 x 45 cm (L x B x H) Vikt: 4,3 kg Leveransomfattning: 1 x sminkv\u00e4ska 2 x nycklar 1 x sminkp\u00e5se SONGICs anvisningar: Uts\u00e4tt inte produkten f\u00f6r direkt solljus.Undvik att uts\u00e4tta produkten f\u00f6r skador genom att inte l\u00e5ta den komma i kontakt med vassa eller spetsiga f\u00f6rem\u00e5l. Nycklarna \u00e4r mycket sm\u00e5. F\u00f6rvara dem d\u00e4rf\u00f6r utom r\u00e4ckh\u00e5ll f\u00f6r barn p\u00e5 en s\u00e4ker plats f\u00f6r att undvika h\u00e4lsorisker genom inandning eller f\u00f6rt\u00e4ring av nycklarna.<\/p>\n","protected":false},"excerpt":{"rendered":"<p>SONGMICS Kosmetikkoffert, trolley, sminkoffert, med handtag, med 4 universalhjul, med 4 utdragbara fack, f\u00f6r resor, svart JHZ013B01<\/p>\n","protected":false},"featured_media":40871,"comment_status":"open","ping_status":"closed","template":"","meta":[],"product_brand":[],"product_cat":[33],"product_tag":[],"class_list":{"0":"post-12662","1":"product","2":"type-product","3":"status-publish","4":"has-post-thumbnail","6":"product_cat-okategoriserad","8":"first","9":"instock","10":"shipping-taxable","11":"purchasable","12":"product-type-simple"},"_links":{"self":[{"href":"https:\/\/nordicmart.andreevmaster.com\/sv\/wp-json\/wp\/v2\/product\/12662","targetHints":{"allow":["GET"]}}],"collection":[{"href":"https:\/\/nordicmart.andreevmaster.com\/sv\/wp-json\/wp\/v2\/product"}],"about":[{"href":"https:\/\/nordicmart.andreevmaster.com\/sv\/wp-json\/wp\/v2\/types\/product"}],"replies":[{"embeddable":true,"href":"https:\/\/nordicmart.andreevmaster.com\/sv\/wp-json\/wp\/v2\/comments?post=12662"}],"wp:featuredmedia":[{"embeddable":true,"href":"https:\/\/nordicmart.andreevmaster.com\/sv\/wp-json\/wp\/v2\/media\/40871"}],"wp:attachment":[{"href":"https:\/\/nordicmart.andreevmaster.com\/sv\/wp-json\/wp\/v2\/media?parent=12662"}],"wp:term":[{"taxonomy":"product_brand","embeddable":true,"href":"https:\/\/nordicmart.andreevmaster.com\/sv\/wp-json\/wp\/v2\/product_brand?post=12662"},{"taxonomy":"product_cat","embeddable":true,"href":"https:\/\/nordicmart.andreevmaster.com\/sv\/wp-json\/wp\/v2\/product_cat?post=12662"},{"taxonomy":"product_tag","embeddable":true,"href":"https:\/\/nordicmart.andreevmaster.com\/sv\/wp-json\/wp\/v2\/product_tag?post=12662"}],"curies":[{"name":"wp","href":"https:\/\/api.w.org\/{rel}","templated":true}]}}