{"id":12661,"date":"2026-02-27T00:14:53","date_gmt":"2026-02-27T00:14:53","guid":{"rendered":"https:\/\/nordicmart.andreevmaster.com\/product\/songmics-kosmetikkoffer-med-universalhjul-svart\/"},"modified":"2026-02-27T08:08:48","modified_gmt":"2026-02-27T08:08:48","slug":"songmics-kosmetikkoffer-med-universalhjul-svart","status":"publish","type":"product","link":"https:\/\/nordicmart.andreevmaster.com\/sv\/produkt\/songmics-kosmetikkoffer-med-universalhjul-svart\/","title":{"rendered":"SONGMICS Kosmetikkoffer med universalhjul Svart"},"content":{"rendered":"<p>Ett perfekt f\u00f6rvaringsst\u00e4lle f\u00f6r din smink. Ordna l\u00e4ppstift, borstar, puder, mascara, nagellack, eyeliner och annat i de \u00f6vre, utdragbara facken i kosmetika-v\u00e4skan. Det nedre facket \u00e4r perfekt f\u00f6r b\u00f6cker, kl\u00e4der, peruker eller h\u00e5rtorkar.   Tidl\u00f6s stil Svart \u00e4r en f\u00e4rg som aldrig g\u00e5r ur mode. Denna kosmetiska v\u00e4ska visar din stil, oavsett var du placerar den. Ge dina n\u00e4ra och k\u00e4ra denna eleganta kosmetiska v\u00e4ska och de kommer s\u00e4kert att str\u00e5la av lycka. Men om du sj\u00e4lv gillar denna v\u00e4ska, varf\u00f6r inte bara ge dig sj\u00e4lv en present?   Produktdetaljer: &#8211; F\u00e4rg: Svart &#8211; Material: MDF (medeldensitetsfiberplatta), aluminium, ABS-plast &#8211; Storlek: 34 x 24 x 45 cm (L x B x H) &#8211; Vikt: 4,3 kg   Leveransomfattning: &#8211; 1 x sminkv\u00e4ska &#8211; 2 x nycklar &#8211; 1 x sminkp\u00e5se SONGICs anvisningar:- Uts\u00e4tt inte produkten f\u00f6r direkt solljus. &#8211; Undvik att produkten kommer i kontakt med vassa eller spetsiga f\u00f6rem\u00e5l f\u00f6r att undvika skador. &#8211; Nycklarna \u00e4r mycket sm\u00e5. F\u00f6rvara dem d\u00e4rf\u00f6r utom r\u00e4ckh\u00e5ll f\u00f6r barn p\u00e5 en s\u00e4ker plats f\u00f6r att undvika h\u00e4lsorisker genom inandning eller f\u00f6rt\u00e4ring av nycklarna.<\/p>\n","protected":false},"excerpt":{"rendered":"<p>SONGMICS Kosmetikkoffert, trolley, sminkoffert, med handtag, med 4 universalhjul, med 4 utdragbara fack, f\u00f6r resor, svart JHZ013B01<\/p>\n","protected":false},"featured_media":40870,"comment_status":"open","ping_status":"closed","template":"","meta":[],"product_brand":[],"product_cat":[33],"product_tag":[],"class_list":{"0":"post-12661","1":"product","2":"type-product","3":"status-publish","4":"has-post-thumbnail","6":"product_cat-okategoriserad","8":"first","9":"instock","10":"shipping-taxable","11":"purchasable","12":"product-type-simple"},"_links":{"self":[{"href":"https:\/\/nordicmart.andreevmaster.com\/sv\/wp-json\/wp\/v2\/product\/12661","targetHints":{"allow":["GET"]}}],"collection":[{"href":"https:\/\/nordicmart.andreevmaster.com\/sv\/wp-json\/wp\/v2\/product"}],"about":[{"href":"https:\/\/nordicmart.andreevmaster.com\/sv\/wp-json\/wp\/v2\/types\/product"}],"replies":[{"embeddable":true,"href":"https:\/\/nordicmart.andreevmaster.com\/sv\/wp-json\/wp\/v2\/comments?post=12661"}],"wp:featuredmedia":[{"embeddable":true,"href":"https:\/\/nordicmart.andreevmaster.com\/sv\/wp-json\/wp\/v2\/media\/40870"}],"wp:attachment":[{"href":"https:\/\/nordicmart.andreevmaster.com\/sv\/wp-json\/wp\/v2\/media?parent=12661"}],"wp:term":[{"taxonomy":"product_brand","embeddable":true,"href":"https:\/\/nordicmart.andreevmaster.com\/sv\/wp-json\/wp\/v2\/product_brand?post=12661"},{"taxonomy":"product_cat","embeddable":true,"href":"https:\/\/nordicmart.andreevmaster.com\/sv\/wp-json\/wp\/v2\/product_cat?post=12661"},{"taxonomy":"product_tag","embeddable":true,"href":"https:\/\/nordicmart.andreevmaster.com\/sv\/wp-json\/wp\/v2\/product_tag?post=12661"}],"curies":[{"name":"wp","href":"https:\/\/api.w.org\/{rel}","templated":true}]}}