{"id":12660,"date":"2026-02-27T00:14:53","date_gmt":"2026-02-27T00:14:53","guid":{"rendered":"https:\/\/nordicmart.andreevmaster.com\/product\/songmics-kosmetikkoffer-trolley-4-i-1-design\/"},"modified":"2026-02-27T08:08:48","modified_gmt":"2026-02-27T08:08:48","slug":"songmics-kosmetikkoffer-trolley-4-i-1-design","status":"publish","type":"product","link":"https:\/\/nordicmart.andreevmaster.com\/sv\/produkt\/songmics-kosmetikkoffer-trolley-4-i-1-design\/","title":{"rendered":"SONGMICS Kosmetikkoffer Trolley 4-i-1-design"},"content":{"rendered":"<p>Produktdetaljer: F\u00e4rg: Silver Material: Aluminiumlister, MDF, plast Storlek: Totalstorlek (med hjul): 35 x 25 x 78,5 cm (L x B x H) Totalstorlek (utan hjul): 35 x 25 x 72 cm (L x B x H) Storlek p\u00e5 f\u00f6rsta niv\u00e5n (en liten v\u00e4ska): 35 x 25 x 22 cm (L x B x H) Storlek p\u00e5 facket i nedre delen av denna lilla v\u00e4ska: 35 x 25 x 8,5 cm (L x B x H) Storlek p\u00e5 ett utdragbart fack (4x): 22,5 x 15,8 x 3,3 cm (L x B x H) Storlek p\u00e5 andra niv\u00e5n: 35 x 25 x 10,2 cm (L x B x H) Storlek p\u00e5 tredje niv\u00e5n: 35 x 25 x 10,2 cm (L x B x H) Storlek p\u00e5 fj\u00e4rde niv\u00e5n (en \u00f6ppen l\u00e5da): 35 x 25 x 31 cm (L x B x H) Storlek p\u00e5 insatsen i fj\u00e4rde niv\u00e5n: 33 x 21 x 7,5 cm (L x B x H) Vikt: 7,4 kg Leveransomfattning: 1 x sminkv\u00e4ska 4 x universalhjul 4 x nycklar SONGMICS Anm\u00e4rkningar:Produkten kan p\u00e5 grund av tillverkningsprocessen avvika n\u00e5got (mindre \u00e4n en millimeter) fr\u00e5n de m\u00e5tt som vi anger. Observera produktens m\u00e5tt. Det kan h\u00e4nda att denna produkt avger en svag lukt n\u00e4r den packas upp. Placera den i s\u00e5 fall p\u00e5 en sval, v\u00e4l ventilerad plats en stund innan du anv\u00e4nder den.<\/p>\n","protected":false},"excerpt":{"rendered":"<p>SONGMICS kosmetikv\u00e4ska, trolley, 4-i-1 sminkv\u00e4ska, sminkv\u00e4ska f\u00f6r resor, stor fris\u00f6rv\u00e4ska, l\u00e5sbar, 360\u00b0 vridbara universalhjul, f\u00f6r makeupartister, fris\u00f6rer, silverf\u00e4rgad JHZ011E01<\/p>\n","protected":false},"featured_media":40869,"comment_status":"open","ping_status":"closed","template":"","meta":[],"product_brand":[],"product_cat":[33],"product_tag":[],"class_list":{"0":"post-12660","1":"product","2":"type-product","3":"status-publish","4":"has-post-thumbnail","6":"product_cat-okategoriserad","8":"first","9":"instock","10":"shipping-taxable","11":"purchasable","12":"product-type-simple"},"_links":{"self":[{"href":"https:\/\/nordicmart.andreevmaster.com\/sv\/wp-json\/wp\/v2\/product\/12660","targetHints":{"allow":["GET"]}}],"collection":[{"href":"https:\/\/nordicmart.andreevmaster.com\/sv\/wp-json\/wp\/v2\/product"}],"about":[{"href":"https:\/\/nordicmart.andreevmaster.com\/sv\/wp-json\/wp\/v2\/types\/product"}],"replies":[{"embeddable":true,"href":"https:\/\/nordicmart.andreevmaster.com\/sv\/wp-json\/wp\/v2\/comments?post=12660"}],"wp:featuredmedia":[{"embeddable":true,"href":"https:\/\/nordicmart.andreevmaster.com\/sv\/wp-json\/wp\/v2\/media\/40869"}],"wp:attachment":[{"href":"https:\/\/nordicmart.andreevmaster.com\/sv\/wp-json\/wp\/v2\/media?parent=12660"}],"wp:term":[{"taxonomy":"product_brand","embeddable":true,"href":"https:\/\/nordicmart.andreevmaster.com\/sv\/wp-json\/wp\/v2\/product_brand?post=12660"},{"taxonomy":"product_cat","embeddable":true,"href":"https:\/\/nordicmart.andreevmaster.com\/sv\/wp-json\/wp\/v2\/product_cat?post=12660"},{"taxonomy":"product_tag","embeddable":true,"href":"https:\/\/nordicmart.andreevmaster.com\/sv\/wp-json\/wp\/v2\/product_tag?post=12660"}],"curies":[{"name":"wp","href":"https:\/\/api.w.org\/{rel}","templated":true}]}}