{"id":12659,"date":"2026-02-27T00:14:53","date_gmt":"2026-02-27T00:14:53","guid":{"rendered":"https:\/\/nordicmart.andreevmaster.com\/product\/songmics-kosmetikkoffer-trolley-frisorvaska-champagneguld\/"},"modified":"2026-02-27T08:08:48","modified_gmt":"2026-02-27T08:08:48","slug":"songmics-kosmetikkoffer-trolley-frisorvaska-champagneguld","status":"publish","type":"product","link":"https:\/\/nordicmart.andreevmaster.com\/sv\/produkt\/songmics-kosmetikkoffer-trolley-frisorvaska-champagneguld\/","title":{"rendered":"SONGMICS Kosmetikkoffer Trolley Fris\u00f6rv\u00e4ska champagneguld"},"content":{"rendered":"<p>SONGMICS kosmetiktrolley, sminkv\u00e4ska med 2 l\u00e5dor, stor fris\u00f6rv\u00e4ska, sminkv\u00e4ska, 34 x 24 x 56 cm, 360\u00b0 vridbara hjul, resor, fris\u00f6rer, presentid\u00e9<br \/>\nF\u00e4rg: Champagneguld<br \/>\nMaterial: Aluminiumram, MDF (medeldensitetsfiberplatta), ABS-plast<br \/>\nStorlek:<br \/>\nTotalstorlek (med hjul): 34 x 24 x 56 cm (L x B x H)<br \/>\nTotalstorlek (utan hjul): 34 x 24 x 48 cm (L x B x H)<br \/>\nStorlek p\u00e5 f\u00f6rvaringsutrymmet i den \u00f6vre delen (2x): 32 x 10,5 x 2,3 cm (L x B x H)<br \/>\nStorlek p\u00e5 \u00f6vre l\u00e5da: 26,7 x 21,2 x 11,9 cm (L x B x H)<br \/>\nStorlek p\u00e5 den nedre l\u00e5dan: 26,7 x 21,2 x 13,9 cm (L x B x H)<br \/>\nVikt: 6,2 kg<br \/>\nMax. statisk totalbelastning: 10 kg<\/p>\n","protected":false},"excerpt":{"rendered":"<p>SONGMICS kosmetiktrolley, sminkv\u00e4ska med 2 l\u00e5dor, stor fris\u00f6rv\u00e4ska, sminkv\u00e4ska, 34 x 24 x 56 cm, 360\u00b0 vridbara hjul, resor, fris\u00f6rer, presentid\u00e9<\/p>\n","protected":false},"featured_media":40868,"comment_status":"open","ping_status":"closed","template":"","meta":[],"product_brand":[],"product_cat":[33],"product_tag":[],"class_list":{"0":"post-12659","1":"product","2":"type-product","3":"status-publish","4":"has-post-thumbnail","6":"product_cat-okategoriserad","8":"first","9":"instock","10":"shipping-taxable","11":"purchasable","12":"product-type-simple"},"_links":{"self":[{"href":"https:\/\/nordicmart.andreevmaster.com\/sv\/wp-json\/wp\/v2\/product\/12659","targetHints":{"allow":["GET"]}}],"collection":[{"href":"https:\/\/nordicmart.andreevmaster.com\/sv\/wp-json\/wp\/v2\/product"}],"about":[{"href":"https:\/\/nordicmart.andreevmaster.com\/sv\/wp-json\/wp\/v2\/types\/product"}],"replies":[{"embeddable":true,"href":"https:\/\/nordicmart.andreevmaster.com\/sv\/wp-json\/wp\/v2\/comments?post=12659"}],"wp:featuredmedia":[{"embeddable":true,"href":"https:\/\/nordicmart.andreevmaster.com\/sv\/wp-json\/wp\/v2\/media\/40868"}],"wp:attachment":[{"href":"https:\/\/nordicmart.andreevmaster.com\/sv\/wp-json\/wp\/v2\/media?parent=12659"}],"wp:term":[{"taxonomy":"product_brand","embeddable":true,"href":"https:\/\/nordicmart.andreevmaster.com\/sv\/wp-json\/wp\/v2\/product_brand?post=12659"},{"taxonomy":"product_cat","embeddable":true,"href":"https:\/\/nordicmart.andreevmaster.com\/sv\/wp-json\/wp\/v2\/product_cat?post=12659"},{"taxonomy":"product_tag","embeddable":true,"href":"https:\/\/nordicmart.andreevmaster.com\/sv\/wp-json\/wp\/v2\/product_tag?post=12659"}],"curies":[{"name":"wp","href":"https:\/\/api.w.org\/{rel}","templated":true}]}}