{"id":12643,"date":"2026-02-27T00:14:49","date_gmt":"2026-02-27T00:14:49","guid":{"rendered":"https:\/\/nordicmart.andreevmaster.com\/product\/songmics-elegant-smyckesstall-svart\/"},"modified":"2026-02-27T08:08:45","modified_gmt":"2026-02-27T08:08:45","slug":"songmics-elegant-smyckesstall-svart","status":"publish","type":"product","link":"https:\/\/nordicmart.andreevmaster.com\/sv\/produkt\/songmics-elegant-smyckesstall-svart\/","title":{"rendered":"SONGMICS Elegant smyckesst\u00e4ll Svart"},"content":{"rendered":"<p>Ligger \u00f6rh\u00e4ngen och kedjor \u00f6verallt? Och hittar du aldrig de smycken du beh\u00f6ver? Songmics smyckesst\u00e4ll \u00e4r den perfekta l\u00f6sningen, s\u00e5 du slipper leta efter r\u00e4tt smycken! Det \u00e4r ett stabilt stativ med sockel. Stativet \u00e4r v\u00e4lsvetsat och har en utm\u00e4rkt lackering som understryker dess romantiska karakt\u00e4r. Ytan \u00e4r pulverlackerad, vilket g\u00f6r den h\u00e5llbar. Den eleganta smyckesst\u00e4llningen erbjuder gott om plats f\u00f6r \u00f6rh\u00e4ngen, \u00f6rh\u00e4ngen, armband, kedjor eller till och med klockor. Alla dina skatter f\u00f6rvaras optimalt och \u00e4r alltid inom r\u00e4ckh\u00e5ll. Tack vare den breda sockeln st\u00e5r st\u00e4llningen stabilt och \u00e4r tipps\u00e4ker. Smyckesst\u00e4llet \u00e4r mycket funktionellt och samtidigt ett visuellt blickf\u00e5ng. Produktdetaljer:  &#8211; F\u00e4rg: svart &#8211; Produktm\u00e5tt: 34,5 x 34 x 12,5 cm (B x H x D) &#8211; Avst\u00e5nd mellan 2 horisontella h\u00e5l: 1 cm Leveransomfattning: &#8211; 1 x smyckesst\u00e4ll<\/p>\n","protected":false},"excerpt":{"rendered":"<p>SONGMICS smyckesst\u00e4ll smyckesh\u00e5llare \u00f6rh\u00e4ngesh\u00e5llare armbandst\u00e4ll kedjest\u00e4ll JDS78B<\/p>\n","protected":false},"featured_media":40866,"comment_status":"open","ping_status":"closed","template":"","meta":[],"product_brand":[],"product_cat":[33],"product_tag":[],"class_list":{"0":"post-12643","1":"product","2":"type-product","3":"status-publish","4":"has-post-thumbnail","6":"product_cat-okategoriserad","8":"first","9":"instock","10":"shipping-taxable","11":"purchasable","12":"product-type-simple"},"_links":{"self":[{"href":"https:\/\/nordicmart.andreevmaster.com\/sv\/wp-json\/wp\/v2\/product\/12643","targetHints":{"allow":["GET"]}}],"collection":[{"href":"https:\/\/nordicmart.andreevmaster.com\/sv\/wp-json\/wp\/v2\/product"}],"about":[{"href":"https:\/\/nordicmart.andreevmaster.com\/sv\/wp-json\/wp\/v2\/types\/product"}],"replies":[{"embeddable":true,"href":"https:\/\/nordicmart.andreevmaster.com\/sv\/wp-json\/wp\/v2\/comments?post=12643"}],"wp:featuredmedia":[{"embeddable":true,"href":"https:\/\/nordicmart.andreevmaster.com\/sv\/wp-json\/wp\/v2\/media\/40866"}],"wp:attachment":[{"href":"https:\/\/nordicmart.andreevmaster.com\/sv\/wp-json\/wp\/v2\/media?parent=12643"}],"wp:term":[{"taxonomy":"product_brand","embeddable":true,"href":"https:\/\/nordicmart.andreevmaster.com\/sv\/wp-json\/wp\/v2\/product_brand?post=12643"},{"taxonomy":"product_cat","embeddable":true,"href":"https:\/\/nordicmart.andreevmaster.com\/sv\/wp-json\/wp\/v2\/product_cat?post=12643"},{"taxonomy":"product_tag","embeddable":true,"href":"https:\/\/nordicmart.andreevmaster.com\/sv\/wp-json\/wp\/v2\/product_tag?post=12643"}],"curies":[{"name":"wp","href":"https:\/\/api.w.org\/{rel}","templated":true}]}}