{"id":12642,"date":"2026-02-27T00:14:49","date_gmt":"2026-02-27T00:14:49","guid":{"rendered":"https:\/\/nordicmart.andreevmaster.com\/product\/songmics-diskret-smyckeskrin-vitt\/"},"modified":"2026-02-27T08:08:45","modified_gmt":"2026-02-27T08:08:45","slug":"songmics-diskret-smyckeskrin-vitt","status":"publish","type":"product","link":"https:\/\/nordicmart.andreevmaster.com\/sv\/produkt\/songmics-diskret-smyckeskrin-vitt\/","title":{"rendered":"SONGMICS Diskret smyckeskrin Vitt"},"content":{"rendered":"<p>Med ett enkelt l\u00e5s kan locket \u00f6ppnas l\u00e4tt med en hand. Mjukt innerfoder skyddar dina smycken fr\u00e5n repor. Det nedre facket \u00e4r utrustat med en avtagbar skiljev\u00e4gg s\u00e5 att du \u00e4ven kan l\u00e4gga st\u00f6rre smycken i det. Produktdetaljer: M\u00e5tt: 26 x 10 x 26 cm (B x H x D) M\u00e5tt avdelare: 24 x 3 x 24 cm (B x H x D) M\u00e5tt fack nedtill: 8 x 2,5 x 8 cm (B x H x D) Nettovikt: 1,24 kg F\u00e4rg: vit Leveransomfattning: 1 x smyckeskrin<\/p>\n","protected":false},"excerpt":{"rendered":"<p>SONGMICS smyckeskrin, smyckesk\u00e5p, med 2 niv\u00e5er, f\u00f6r halsband och \u00f6rh\u00e4ngen, svart JDS305B<\/p>\n","protected":false},"featured_media":40865,"comment_status":"open","ping_status":"closed","template":"","meta":[],"product_brand":[],"product_cat":[33],"product_tag":[],"class_list":{"0":"post-12642","1":"product","2":"type-product","3":"status-publish","4":"has-post-thumbnail","6":"product_cat-okategoriserad","8":"first","9":"instock","10":"shipping-taxable","11":"purchasable","12":"product-type-simple"},"_links":{"self":[{"href":"https:\/\/nordicmart.andreevmaster.com\/sv\/wp-json\/wp\/v2\/product\/12642","targetHints":{"allow":["GET"]}}],"collection":[{"href":"https:\/\/nordicmart.andreevmaster.com\/sv\/wp-json\/wp\/v2\/product"}],"about":[{"href":"https:\/\/nordicmart.andreevmaster.com\/sv\/wp-json\/wp\/v2\/types\/product"}],"replies":[{"embeddable":true,"href":"https:\/\/nordicmart.andreevmaster.com\/sv\/wp-json\/wp\/v2\/comments?post=12642"}],"wp:featuredmedia":[{"embeddable":true,"href":"https:\/\/nordicmart.andreevmaster.com\/sv\/wp-json\/wp\/v2\/media\/40865"}],"wp:attachment":[{"href":"https:\/\/nordicmart.andreevmaster.com\/sv\/wp-json\/wp\/v2\/media?parent=12642"}],"wp:term":[{"taxonomy":"product_brand","embeddable":true,"href":"https:\/\/nordicmart.andreevmaster.com\/sv\/wp-json\/wp\/v2\/product_brand?post=12642"},{"taxonomy":"product_cat","embeddable":true,"href":"https:\/\/nordicmart.andreevmaster.com\/sv\/wp-json\/wp\/v2\/product_cat?post=12642"},{"taxonomy":"product_tag","embeddable":true,"href":"https:\/\/nordicmart.andreevmaster.com\/sv\/wp-json\/wp\/v2\/product_tag?post=12642"}],"curies":[{"name":"wp","href":"https:\/\/api.w.org\/{rel}","templated":true}]}}