{"id":12641,"date":"2026-02-27T00:14:49","date_gmt":"2026-02-27T00:14:49","guid":{"rendered":"https:\/\/nordicmart.andreevmaster.com\/product\/songmics-diskret-smyckeskrin-svart\/"},"modified":"2026-02-27T08:08:45","modified_gmt":"2026-02-27T08:08:45","slug":"songmics-diskret-smyckeskrin-svart","status":"publish","type":"product","link":"https:\/\/nordicmart.andreevmaster.com\/sv\/produkt\/songmics-diskret-smyckeskrin-svart\/","title":{"rendered":"SONGMICS Diskret smyckeskrin Svart"},"content":{"rendered":"<p>Dubbelskiktad smyckeskrin F\u00f6rsk\u00f6na ditt sminkbord med ett nytt smyckeskrin och njut av din sk\u00f6nhetsrutin med mer gl\u00e4dje! Tack vare olika fack kan olika typer av smycken f\u00f6rvaras i detta smyckeskrin. Hitta det du letar efter p\u00e5 nolltid.Sl\u00f6sa inte l\u00e4ngre tid p\u00e5 att leta efter f\u00f6rsvunna \u00f6rh\u00e4ngen och reda ut halsband. Stor kapacitet och olika enheter Nu kan du ge dina ringar, halsband, \u00f6rh\u00e4ngen, \u00f6rh\u00e4ngen och armband som du anv\u00e4nder mest ett hem.Denna smyckeskrin organiserar allt och eliminerar kaoset p\u00e5 toalettbordet. Produktdetaljer: M\u00e5tt: 26 x 10 x 26 cm (B x H x D) Nettovikt: 1,24 kg F\u00e4rg: svart Material: MDF-skiva + sammet + PU Leveransomfattning: 1 x smyckeskrin<\/p>\n","protected":false},"excerpt":{"rendered":"<p>SONGMICS smyckeskrin, smyckesk\u00e5p, med 2 niv\u00e5er, f\u00f6r halsband och \u00f6rh\u00e4ngen, svart JDS305B<\/p>\n","protected":false},"featured_media":40864,"comment_status":"open","ping_status":"closed","template":"","meta":[],"product_brand":[],"product_cat":[33],"product_tag":[],"class_list":{"0":"post-12641","1":"product","2":"type-product","3":"status-publish","4":"has-post-thumbnail","6":"product_cat-okategoriserad","8":"first","9":"instock","10":"shipping-taxable","11":"purchasable","12":"product-type-simple"},"_links":{"self":[{"href":"https:\/\/nordicmart.andreevmaster.com\/sv\/wp-json\/wp\/v2\/product\/12641","targetHints":{"allow":["GET"]}}],"collection":[{"href":"https:\/\/nordicmart.andreevmaster.com\/sv\/wp-json\/wp\/v2\/product"}],"about":[{"href":"https:\/\/nordicmart.andreevmaster.com\/sv\/wp-json\/wp\/v2\/types\/product"}],"replies":[{"embeddable":true,"href":"https:\/\/nordicmart.andreevmaster.com\/sv\/wp-json\/wp\/v2\/comments?post=12641"}],"wp:featuredmedia":[{"embeddable":true,"href":"https:\/\/nordicmart.andreevmaster.com\/sv\/wp-json\/wp\/v2\/media\/40864"}],"wp:attachment":[{"href":"https:\/\/nordicmart.andreevmaster.com\/sv\/wp-json\/wp\/v2\/media?parent=12641"}],"wp:term":[{"taxonomy":"product_brand","embeddable":true,"href":"https:\/\/nordicmart.andreevmaster.com\/sv\/wp-json\/wp\/v2\/product_brand?post=12641"},{"taxonomy":"product_cat","embeddable":true,"href":"https:\/\/nordicmart.andreevmaster.com\/sv\/wp-json\/wp\/v2\/product_cat?post=12641"},{"taxonomy":"product_tag","embeddable":true,"href":"https:\/\/nordicmart.andreevmaster.com\/sv\/wp-json\/wp\/v2\/product_tag?post=12641"}],"curies":[{"name":"wp","href":"https:\/\/api.w.org\/{rel}","templated":true}]}}