{"id":12640,"date":"2026-02-27T00:14:48","date_gmt":"2026-02-27T00:14:48","guid":{"rendered":"https:\/\/nordicmart.andreevmaster.com\/product\/songmics-smyckeskrin-24-fack-svart\/"},"modified":"2026-02-27T08:08:45","modified_gmt":"2026-02-27T08:08:45","slug":"songmics-smyckeskrin-24-fack-svart","status":"publish","type":"product","link":"https:\/\/nordicmart.andreevmaster.com\/sv\/produkt\/songmics-smyckeskrin-24-fack-svart\/","title":{"rendered":"SONGMICS smyckeskrin  24 fack Svart"},"content":{"rendered":"<p>Oavsett om du handlar till dina v\u00e4nner, syskon eller kollegor kommer det att vara sp\u00e4nnande att v\u00e4lja den perfekta presenten. Denna charmiga och h\u00f6gkvalitativa smyckeskrin fr\u00e5n SONGMICS kommer att inspirera dig. Organisera dina smycken Denna smyckeskrin har 24 rymliga, fyrkantiga fack och \u00e4r idealisk f\u00f6r f\u00f6rvaring av halsband, armband, ringar och andra vardagliga accessoarer.Chic &amp; \u201dolycksfri\u201d presentval Denna svarta, handgjorda smyckeskrin \u00e4r b\u00e5de snygg, funktionell och lyxig och \u00e4r en perfekt presentid\u00e9 om du letar efter n\u00e5got annat \u00e4n den vanliga chokladen eller tr\u00e5kiga blommorna.Utm\u00e4rkt kvalitet Tillverkad av MDF och f\u00f6rsedd med en h\u00f6gkvalitativ PU-yta samt mjukt, svart sammetfoder, \u00e4r denna smyckeskrin som en mysig vagga som effektivt skyddar dina smycken fr\u00e5n damm och repor. \u00c4nnu mer att v\u00e4lja mellan Vi har ett stort utbud av smyckeskrin i m\u00e5nga storlekar och stilar. S\u00f6k bara efter &#8221;SONGMICS smyckeskrin&#8221; f\u00f6r att l\u00e4ra dig mer.Tveka inte. Smyckeskrin fr\u00e5n SONGMICS uppfyller alla dina f\u00f6rv\u00e4ntningar perfekt! Produktdetaljer: &#8211; F\u00e4rg: Svart &#8211; Material: MDF (medeldensitetsfiberplatta), PU, sammet &#8211; Produktstorlek: 35 x 24 x 4,3 cm (B x D x H) &#8211; Produktvikt: 1,1 kg Leveransomfattning: &#8211; 1 x smyckeskrin<\/p>\n","protected":false},"excerpt":{"rendered":"<p>SONGMICS smyckesk\u00e5p, smyckeskrin med 24 fack, smyckesorganiserare med sammof\u00f6ring, glaslock och l\u00e5s, presentid\u00e9, svart JDS303, glas, 35 x 24 x 4,3 cm<\/p>\n","protected":false},"featured_media":40863,"comment_status":"open","ping_status":"closed","template":"","meta":[],"product_brand":[],"product_cat":[33],"product_tag":[],"class_list":{"0":"post-12640","1":"product","2":"type-product","3":"status-publish","4":"has-post-thumbnail","6":"product_cat-okategoriserad","8":"first","9":"instock","10":"shipping-taxable","11":"purchasable","12":"product-type-simple"},"_links":{"self":[{"href":"https:\/\/nordicmart.andreevmaster.com\/sv\/wp-json\/wp\/v2\/product\/12640","targetHints":{"allow":["GET"]}}],"collection":[{"href":"https:\/\/nordicmart.andreevmaster.com\/sv\/wp-json\/wp\/v2\/product"}],"about":[{"href":"https:\/\/nordicmart.andreevmaster.com\/sv\/wp-json\/wp\/v2\/types\/product"}],"replies":[{"embeddable":true,"href":"https:\/\/nordicmart.andreevmaster.com\/sv\/wp-json\/wp\/v2\/comments?post=12640"}],"wp:featuredmedia":[{"embeddable":true,"href":"https:\/\/nordicmart.andreevmaster.com\/sv\/wp-json\/wp\/v2\/media\/40863"}],"wp:attachment":[{"href":"https:\/\/nordicmart.andreevmaster.com\/sv\/wp-json\/wp\/v2\/media?parent=12640"}],"wp:term":[{"taxonomy":"product_brand","embeddable":true,"href":"https:\/\/nordicmart.andreevmaster.com\/sv\/wp-json\/wp\/v2\/product_brand?post=12640"},{"taxonomy":"product_cat","embeddable":true,"href":"https:\/\/nordicmart.andreevmaster.com\/sv\/wp-json\/wp\/v2\/product_cat?post=12640"},{"taxonomy":"product_tag","embeddable":true,"href":"https:\/\/nordicmart.andreevmaster.com\/sv\/wp-json\/wp\/v2\/product_tag?post=12640"}],"curies":[{"name":"wp","href":"https:\/\/api.w.org\/{rel}","templated":true}]}}