{"id":12639,"date":"2026-02-27T00:14:48","date_gmt":"2026-02-27T00:14:48","guid":{"rendered":"https:\/\/nordicmart.andreevmaster.com\/product\/songmics-smyckeskrin-for-ringar-svart\/"},"modified":"2026-02-27T08:08:44","modified_gmt":"2026-02-27T08:08:44","slug":"songmics-smyckeskrin-for-ringar-svart","status":"publish","type":"product","link":"https:\/\/nordicmart.andreevmaster.com\/sv\/produkt\/songmics-smyckeskrin-for-ringar-svart\/","title":{"rendered":"SONGMICS smyckeskrin f\u00f6r ringar, svart"},"content":{"rendered":"<p>Mycket plats f\u00f6r dina ringar Ringdisplayen har en storlek p\u00e5 35 x 4,5 x 24 cm (B x H x D) och med 12 rader erbjuder den mycket plats f\u00f6r dina ringar. Du kan f\u00f6rvara stora och sm\u00e5 ringar samt fingerringar med stora och sm\u00e5 ringhuvuden. Sortera dina fingerringar efter f\u00e4rg, storlek eller blandade f\u00e4rger \u2013 med denna ringl\u00e5da har du nu tillr\u00e4ckligt med plats. Med glaslock har du alltid koll p\u00e5 ringarna Du beh\u00f6ver inte l\u00e4ngre leta efter dina ringar och har omedelbart en \u00f6versikt \u00f6ver dem. V\u00e4lj din fingerring efter tillf\u00e4lle eller outfit och spara tid med v\u00e5r ringdisplay. Glasinsatsen \u00e4r s\u00e5 stor att du kan se alla ringar i l\u00e5dan. Med silverf\u00e4rgade sn\u00e4ppl\u00e5s. F\u00f6r att du ska kunna ta med dig ringl\u00e5dan p\u00e5 resan finns tv\u00e5 sn\u00e4ppl\u00e5s. P\u00e5 s\u00e5 s\u00e4tt h\u00e5lls l\u00e5dan v\u00e4l st\u00e4ngd och dina fingerringar \u00e4r v\u00e4l skyddade, eftersom l\u00e5dan inte kan \u00f6ppnas pl\u00f6tsligt.  Med h\u00f6gkvalitativ sammet som inl\u00e4gg Ringarna placeras i ett sammetinl\u00e4gg, s\u00e5 att de inte bara skyddas mot damm i skrinet, utan ocks\u00e5 skyddas mot repor n\u00e4r de l\u00e4ggs in och tas ut. Vid behov kan du damma av sammetinl\u00e4gget med en l\u00e4tt fuktad trasa. Produktdetaljer:  &#8211; Material: PU + medeldensitetsfiberplatta + glas &#8211; M\u00e5tt: 35 x 4,5 x 24 cm (B x H x D) &#8211; Nettovikt: 1,1 kg &#8211; F\u00e4rg: svart Leveransomfattning: &#8211; 1 x ringl\u00e5da<\/p>\n","protected":false},"excerpt":{"rendered":"<p>SONGMICS f\u00f6rs\u00e4ljningsst\u00e4ll, presentask, smyckeskrin f\u00f6r 100 ringar JDS301<\/p>\n","protected":false},"featured_media":40862,"comment_status":"open","ping_status":"closed","template":"","meta":[],"product_brand":[],"product_cat":[33],"product_tag":[],"class_list":{"0":"post-12639","1":"product","2":"type-product","3":"status-publish","4":"has-post-thumbnail","6":"product_cat-okategoriserad","8":"first","9":"instock","10":"shipping-taxable","11":"purchasable","12":"product-type-simple"},"_links":{"self":[{"href":"https:\/\/nordicmart.andreevmaster.com\/sv\/wp-json\/wp\/v2\/product\/12639","targetHints":{"allow":["GET"]}}],"collection":[{"href":"https:\/\/nordicmart.andreevmaster.com\/sv\/wp-json\/wp\/v2\/product"}],"about":[{"href":"https:\/\/nordicmart.andreevmaster.com\/sv\/wp-json\/wp\/v2\/types\/product"}],"replies":[{"embeddable":true,"href":"https:\/\/nordicmart.andreevmaster.com\/sv\/wp-json\/wp\/v2\/comments?post=12639"}],"wp:featuredmedia":[{"embeddable":true,"href":"https:\/\/nordicmart.andreevmaster.com\/sv\/wp-json\/wp\/v2\/media\/40862"}],"wp:attachment":[{"href":"https:\/\/nordicmart.andreevmaster.com\/sv\/wp-json\/wp\/v2\/media?parent=12639"}],"wp:term":[{"taxonomy":"product_brand","embeddable":true,"href":"https:\/\/nordicmart.andreevmaster.com\/sv\/wp-json\/wp\/v2\/product_brand?post=12639"},{"taxonomy":"product_cat","embeddable":true,"href":"https:\/\/nordicmart.andreevmaster.com\/sv\/wp-json\/wp\/v2\/product_cat?post=12639"},{"taxonomy":"product_tag","embeddable":true,"href":"https:\/\/nordicmart.andreevmaster.com\/sv\/wp-json\/wp\/v2\/product_tag?post=12639"}],"curies":[{"name":"wp","href":"https:\/\/api.w.org\/{rel}","templated":true}]}}