{"id":12638,"date":"2026-02-27T00:14:48","date_gmt":"2026-02-27T00:14:48","guid":{"rendered":"https:\/\/nordicmart.andreevmaster.com\/product\/songmics-armbandsrullar-konstlader-svart\/"},"modified":"2026-02-27T08:08:44","modified_gmt":"2026-02-27T08:08:44","slug":"songmics-armbandsrullar-konstlader-svart","status":"publish","type":"product","link":"https:\/\/nordicmart.andreevmaster.com\/sv\/produkt\/songmics-armbandsrullar-konstlader-svart\/","title":{"rendered":"SONGMICS armbandsrullar konstl\u00e4der svart"},"content":{"rendered":"<p>Produktdetaljer:  &#8211; En vacker, elegant och tidl\u00f6s smyckesst\u00e4llning! Denna eleganta smyckesst\u00e4llning \u00f6vertygar inte bara med sin eleganta design, utan ocks\u00e5 med sin h\u00f6ga funktionalitet. Med 3 avtagbara rullar \u00e4r st\u00e4llningen perfekt f\u00f6r att organisera, f\u00f6rvara och presentera dina armband, klockor och kedjor.  &#8211; Den eleganta armbandsst\u00e4llningen skapar ordning i varje armbandschaos och f\u00e5r armbanden att se exklusiva och eleganta ut. Ett m\u00e5ste f\u00f6r alla smyckesfans! Anm\u00e4rkningar : &#8211; Tryckm\u00e4rken kan uppst\u00e5 under transporten, men dessa f\u00f6rsvinner efter n\u00e5gra timmar och p\u00e5verkar inte anv\u00e4ndningen. &#8211; Rullens omkrets \u00e4r 11,9 cm. M\u00e4t l\u00e4ngden p\u00e5 dina smycken f\u00f6re k\u00f6pet f\u00f6r att undvika att storleken inte passar. F\u00f6rvaring och sk\u00f6tsel: &#8211; Placera smyckesst\u00e4llet i ett ventilerat rum och undvik att l\u00e4mna det i solen eller i ett rum med h\u00f6g luftfuktighet under l\u00e4ngre tid. L\u00e4mplig temperatur: 10-40 \u2103.- Fl\u00e4ckar p\u00e5 ytan kan torkas bort med en l\u00e4tt fuktad trasa. &#8211; Anv\u00e4nd regelbundet ett speciellt v\u00e5rdmedel f\u00f6r l\u00e4der f\u00f6r att bevara l\u00e4drets glans under l\u00e5ng tid. &#8211; Skydda smyckesst\u00e4llet fr\u00e5n att krossas vid f\u00f6rvaring. &#8211; F\u00f6rvara inte smyckesst\u00e4llet tillsammans med kemikalier. Leveransomfattning: &#8211; 1 x smyckesst\u00e4ll (utan smycken)<\/p>\n","protected":false},"excerpt":{"rendered":"<p>SONGMICS smyckesst\u00e4ll, smyckesh\u00e5llare, f\u00f6r klockor och armband, svart JDS104<\/p>\n","protected":false},"featured_media":40861,"comment_status":"open","ping_status":"closed","template":"","meta":[],"product_brand":[],"product_cat":[33],"product_tag":[],"class_list":{"0":"post-12638","1":"product","2":"type-product","3":"status-publish","4":"has-post-thumbnail","6":"product_cat-okategoriserad","8":"first","9":"instock","10":"shipping-taxable","11":"purchasable","12":"product-type-simple"},"_links":{"self":[{"href":"https:\/\/nordicmart.andreevmaster.com\/sv\/wp-json\/wp\/v2\/product\/12638","targetHints":{"allow":["GET"]}}],"collection":[{"href":"https:\/\/nordicmart.andreevmaster.com\/sv\/wp-json\/wp\/v2\/product"}],"about":[{"href":"https:\/\/nordicmart.andreevmaster.com\/sv\/wp-json\/wp\/v2\/types\/product"}],"replies":[{"embeddable":true,"href":"https:\/\/nordicmart.andreevmaster.com\/sv\/wp-json\/wp\/v2\/comments?post=12638"}],"wp:featuredmedia":[{"embeddable":true,"href":"https:\/\/nordicmart.andreevmaster.com\/sv\/wp-json\/wp\/v2\/media\/40861"}],"wp:attachment":[{"href":"https:\/\/nordicmart.andreevmaster.com\/sv\/wp-json\/wp\/v2\/media?parent=12638"}],"wp:term":[{"taxonomy":"product_brand","embeddable":true,"href":"https:\/\/nordicmart.andreevmaster.com\/sv\/wp-json\/wp\/v2\/product_brand?post=12638"},{"taxonomy":"product_cat","embeddable":true,"href":"https:\/\/nordicmart.andreevmaster.com\/sv\/wp-json\/wp\/v2\/product_cat?post=12638"},{"taxonomy":"product_tag","embeddable":true,"href":"https:\/\/nordicmart.andreevmaster.com\/sv\/wp-json\/wp\/v2\/product_tag?post=12638"}],"curies":[{"name":"wp","href":"https:\/\/api.w.org\/{rel}","templated":true}]}}