{"id":12637,"date":"2026-02-27T00:14:48","date_gmt":"2026-02-27T00:14:48","guid":{"rendered":"https:\/\/nordicmart.andreevmaster.com\/product\/songmics-smyckesstall-2-rullar-vit\/"},"modified":"2026-02-27T08:08:44","modified_gmt":"2026-02-27T08:08:44","slug":"songmics-smyckesstall-2-rullar-vit","status":"publish","type":"product","link":"https:\/\/nordicmart.andreevmaster.com\/sv\/produkt\/songmics-smyckesstall-2-rullar-vit\/","title":{"rendered":"SONGMICS smyckesst\u00e4ll 2 rullar Vit"},"content":{"rendered":"<p>En vacker, elegant och tidl\u00f6s smyckesst\u00e4llning! Denna eleganta smyckesst\u00e4llning \u00f6vertygar inte bara med sin eleganta design, utan ocks\u00e5 med sin h\u00f6ga funktionalitet. Den eleganta armbandsst\u00e4llningen skapar ordning i varje armbandschaos och f\u00e5r armbanden att se exklusiva och eleganta ut. Ett m\u00e5ste f\u00f6r alla smyckes\u00e4lskare! Material: PVC-r\u00f6r + PU + medeldensitetsfiberplatta (MDF) Rullernas diameter: 4 cm Nettovikt: 326 g F\u00e4rg: Vit F\u00f6rvaring och sk\u00f6tsel:&nbsp;Placera smyckesst\u00e4llet i ett ventilerat rum och undvik att l\u00e4mna st\u00e4llet i solen eller i ett rum med h\u00f6g luftfuktighet under en l\u00e4ngre tid. L\u00e4mplig temperatur: 10-40 \u2103. Fl\u00e4ckar p\u00e5 ytan kan torkas bort med en l\u00e4tt fuktad trasa.Anv\u00e4nd regelbundet ett speciellt v\u00e5rdmedel f\u00f6r l\u00e4der f\u00f6r att bevara l\u00e4drets glans under l\u00e5ng tid. Skydda smyckesst\u00e4llet fr\u00e5n att bli krossat vid f\u00f6rvaring. F\u00f6rvara inte smyckesst\u00e4llet tillsammans med kemikalier. Leveransomfattning: 1 x smyckesst\u00e4ll (utan smycken)<\/p>\n","protected":false},"excerpt":{"rendered":"<p>SONGMICS smyckesst\u00e4ll smyckesh\u00e5llare armbandsst\u00e4ll JDS103<\/p>\n","protected":false},"featured_media":40860,"comment_status":"open","ping_status":"closed","template":"","meta":[],"product_brand":[],"product_cat":[33],"product_tag":[],"class_list":{"0":"post-12637","1":"product","2":"type-product","3":"status-publish","4":"has-post-thumbnail","6":"product_cat-okategoriserad","8":"first","9":"instock","10":"shipping-taxable","11":"purchasable","12":"product-type-simple"},"_links":{"self":[{"href":"https:\/\/nordicmart.andreevmaster.com\/sv\/wp-json\/wp\/v2\/product\/12637","targetHints":{"allow":["GET"]}}],"collection":[{"href":"https:\/\/nordicmart.andreevmaster.com\/sv\/wp-json\/wp\/v2\/product"}],"about":[{"href":"https:\/\/nordicmart.andreevmaster.com\/sv\/wp-json\/wp\/v2\/types\/product"}],"replies":[{"embeddable":true,"href":"https:\/\/nordicmart.andreevmaster.com\/sv\/wp-json\/wp\/v2\/comments?post=12637"}],"wp:featuredmedia":[{"embeddable":true,"href":"https:\/\/nordicmart.andreevmaster.com\/sv\/wp-json\/wp\/v2\/media\/40860"}],"wp:attachment":[{"href":"https:\/\/nordicmart.andreevmaster.com\/sv\/wp-json\/wp\/v2\/media?parent=12637"}],"wp:term":[{"taxonomy":"product_brand","embeddable":true,"href":"https:\/\/nordicmart.andreevmaster.com\/sv\/wp-json\/wp\/v2\/product_brand?post=12637"},{"taxonomy":"product_cat","embeddable":true,"href":"https:\/\/nordicmart.andreevmaster.com\/sv\/wp-json\/wp\/v2\/product_cat?post=12637"},{"taxonomy":"product_tag","embeddable":true,"href":"https:\/\/nordicmart.andreevmaster.com\/sv\/wp-json\/wp\/v2\/product_tag?post=12637"}],"curies":[{"name":"wp","href":"https:\/\/api.w.org\/{rel}","templated":true}]}}