{"id":12635,"date":"2026-02-27T00:14:47","date_gmt":"2026-02-27T00:14:47","guid":{"rendered":"https:\/\/nordicmart.andreevmaster.com\/product\/songmics-armbandsrullar-konstlader-vitt\/"},"modified":"2026-02-27T08:08:44","modified_gmt":"2026-02-27T08:08:44","slug":"songmics-armbandsrullar-konstlader-vitt","status":"publish","type":"product","link":"https:\/\/nordicmart.andreevmaster.com\/sv\/produkt\/songmics-armbandsrullar-konstlader-vitt\/","title":{"rendered":"SONGMICS armbandsrullar konstl\u00e4der vitt"},"content":{"rendered":"<p>Produktdetaljer:  &#8211; En vacker, elegant och tidl\u00f6s smyckesst\u00e4llning! Denna eleganta smyckesst\u00e4llning \u00f6vertygar inte bara med sin eleganta design, utan ocks\u00e5 med sin h\u00f6ga funktionalitet. Med 3 avtagbara rullar \u00e4r stativet perfekt f\u00f6r att organisera, f\u00f6rvara och presentera dina armband, klockor och kedjor.  &#8211; Det eleganta armbandsst\u00e4llet skapar ordning i alla armbandschaos och ger armbanden ett h\u00f6gkvalitativt och elegant utseende. Ett m\u00e5ste f\u00f6r alla smyckesfantaster! Anm\u00e4rkningar: &#8211; Tryckm\u00e4rken kan uppst\u00e5 under transporten, men dessa f\u00f6rsvinner efter n\u00e5gra timmar och p\u00e5verkar inte anv\u00e4ndningen. &#8211; Rullens omkrets \u00e4r 11,9 cm. M\u00e4t l\u00e4ngden p\u00e5 dina smycken f\u00f6re k\u00f6pet f\u00f6r att utesluta att storleken inte \u00e4r tillr\u00e4cklig. Leveransomfattning: &#8211; 1 x smyckesst\u00e4ll (utan smycken)<\/p>\n","protected":false},"excerpt":{"rendered":"<p>SONGMICS smyckesst\u00e4ll, \u00f6rh\u00e4ngesh\u00e5llare, smyckesh\u00e5llare, vit JDS101<\/p>\n","protected":false},"featured_media":40858,"comment_status":"open","ping_status":"closed","template":"","meta":[],"product_brand":[],"product_cat":[33],"product_tag":[],"class_list":{"0":"post-12635","1":"product","2":"type-product","3":"status-publish","4":"has-post-thumbnail","6":"product_cat-okategoriserad","8":"first","9":"instock","10":"shipping-taxable","11":"purchasable","12":"product-type-simple"},"_links":{"self":[{"href":"https:\/\/nordicmart.andreevmaster.com\/sv\/wp-json\/wp\/v2\/product\/12635","targetHints":{"allow":["GET"]}}],"collection":[{"href":"https:\/\/nordicmart.andreevmaster.com\/sv\/wp-json\/wp\/v2\/product"}],"about":[{"href":"https:\/\/nordicmart.andreevmaster.com\/sv\/wp-json\/wp\/v2\/types\/product"}],"replies":[{"embeddable":true,"href":"https:\/\/nordicmart.andreevmaster.com\/sv\/wp-json\/wp\/v2\/comments?post=12635"}],"wp:featuredmedia":[{"embeddable":true,"href":"https:\/\/nordicmart.andreevmaster.com\/sv\/wp-json\/wp\/v2\/media\/40858"}],"wp:attachment":[{"href":"https:\/\/nordicmart.andreevmaster.com\/sv\/wp-json\/wp\/v2\/media?parent=12635"}],"wp:term":[{"taxonomy":"product_brand","embeddable":true,"href":"https:\/\/nordicmart.andreevmaster.com\/sv\/wp-json\/wp\/v2\/product_brand?post=12635"},{"taxonomy":"product_cat","embeddable":true,"href":"https:\/\/nordicmart.andreevmaster.com\/sv\/wp-json\/wp\/v2\/product_cat?post=12635"},{"taxonomy":"product_tag","embeddable":true,"href":"https:\/\/nordicmart.andreevmaster.com\/sv\/wp-json\/wp\/v2\/product_tag?post=12635"}],"curies":[{"name":"wp","href":"https:\/\/api.w.org\/{rel}","templated":true}]}}