{"id":12634,"date":"2026-02-27T00:14:47","date_gmt":"2026-02-27T00:14:47","guid":{"rendered":"https:\/\/nordicmart.andreevmaster.com\/product\/songmics-smyckesstall-karussell-vitt\/"},"modified":"2026-02-27T08:08:44","modified_gmt":"2026-02-27T08:08:44","slug":"songmics-smyckesstall-karussell-vitt","status":"publish","type":"product","link":"https:\/\/nordicmart.andreevmaster.com\/sv\/produkt\/songmics-smyckesstall-karussell-vitt\/","title":{"rendered":"SONGMICS smyckesst\u00e4ll \u201dKarussell\u201d vitt"},"content":{"rendered":"<p>Ligger \u00f6rh\u00e4ngen och kedjor \u00f6verallt? Med Songmics smyckesst\u00e4ll blir allt nu uppst\u00e4dat \u2013 det l\u00e5nga letandet i alla l\u00e5dor efter matchande \u00f6rh\u00e4ngen \u00e4r \u00e4ntligen \u00f6ver. Alla dina skatter p\u00e5 sin plats \u2013 en ren fr\u00f6jd f\u00f6r \u00f6gat! Stativet \u00e4r tillverkat av metall och har en elegant design som understryker dess romantiska karakt\u00e4r. Ytan \u00e4r pulverlackerad, sl\u00e4t och h\u00e5llbar. Du kan h\u00e4nga upp till 96 par \u00f6rh\u00e4ngen eller \u00f6rh\u00e4ngen p\u00e5 det. Stativet kan roteras 360\u00b0, s\u00e5 att du kommer \u00e5t allt. Alla dina skatter f\u00f6rvaras optimalt och \u00e4r alltid inom r\u00e4ckh\u00e5ll. Med det stabila trebenta stativet kan du st\u00e4lla det p\u00e5 ett bord, samtidigt som det \u00e4r tippfast. Med Songmics smyckesst\u00e4ll blir dina smycken snyggt upph\u00e4ngda och det fungerar \u00e4ven som dekoration i rummet. Produktdetaljer: &#8211; Material: j\u00e4rn &#8211; F\u00e4rg: vit &#8211; Produktm\u00e5tt: 20 x 35 x 20 cm (B x H x D) &#8211; Avst\u00e5nd mellan 2 ben: 20 cm &#8211; H\u00f6jd: 35 cm Leveransomfattning: &#8211; 1 x smyckesst\u00e4ll<\/p>\n","protected":false},"excerpt":{"rendered":"<p>SONGMICS smyckesst\u00e4ll, smyckesh\u00e5llare, \u00f6rh\u00e4ngesh\u00e5llare, kedjest\u00e4ll, armbandsst\u00e4ll, vit JDS055<\/p>\n","protected":false},"featured_media":40857,"comment_status":"open","ping_status":"closed","template":"","meta":[],"product_brand":[],"product_cat":[33],"product_tag":[],"class_list":{"0":"post-12634","1":"product","2":"type-product","3":"status-publish","4":"has-post-thumbnail","6":"product_cat-okategoriserad","8":"first","9":"instock","10":"shipping-taxable","11":"purchasable","12":"product-type-simple"},"_links":{"self":[{"href":"https:\/\/nordicmart.andreevmaster.com\/sv\/wp-json\/wp\/v2\/product\/12634","targetHints":{"allow":["GET"]}}],"collection":[{"href":"https:\/\/nordicmart.andreevmaster.com\/sv\/wp-json\/wp\/v2\/product"}],"about":[{"href":"https:\/\/nordicmart.andreevmaster.com\/sv\/wp-json\/wp\/v2\/types\/product"}],"replies":[{"embeddable":true,"href":"https:\/\/nordicmart.andreevmaster.com\/sv\/wp-json\/wp\/v2\/comments?post=12634"}],"wp:featuredmedia":[{"embeddable":true,"href":"https:\/\/nordicmart.andreevmaster.com\/sv\/wp-json\/wp\/v2\/media\/40857"}],"wp:attachment":[{"href":"https:\/\/nordicmart.andreevmaster.com\/sv\/wp-json\/wp\/v2\/media?parent=12634"}],"wp:term":[{"taxonomy":"product_brand","embeddable":true,"href":"https:\/\/nordicmart.andreevmaster.com\/sv\/wp-json\/wp\/v2\/product_brand?post=12634"},{"taxonomy":"product_cat","embeddable":true,"href":"https:\/\/nordicmart.andreevmaster.com\/sv\/wp-json\/wp\/v2\/product_cat?post=12634"},{"taxonomy":"product_tag","embeddable":true,"href":"https:\/\/nordicmart.andreevmaster.com\/sv\/wp-json\/wp\/v2\/product_tag?post=12634"}],"curies":[{"name":"wp","href":"https:\/\/api.w.org\/{rel}","templated":true}]}}