{"id":12632,"date":"2026-02-27T00:14:46","date_gmt":"2026-02-27T00:14:46","guid":{"rendered":"https:\/\/nordicmart.andreevmaster.com\/product\/songmics-smyckesstall-onsketrad-silver\/"},"modified":"2026-02-27T08:08:43","modified_gmt":"2026-02-27T08:08:43","slug":"songmics-smyckesstall-onsketrad-silver","status":"publish","type":"product","link":"https:\/\/nordicmart.andreevmaster.com\/sv\/produkt\/songmics-smyckesstall-onsketrad-silver\/","title":{"rendered":"SONGMICS smyckesst\u00e4ll &#8221;\u00d6nsketr\u00e4d&#8221; silver"},"content":{"rendered":"<p>Ligger \u00f6rh\u00e4ngen och kedjor \u00f6verallt? Och hittar du aldrig de smycken du beh\u00f6ver? Songmics smyckesst\u00e4ll erbjuder dig en idealisk l\u00f6sning, s\u00e5 du slipper leta l\u00e4nge efter r\u00e4tt smycken! Det \u00e4r ett stabilt stativ med sockel i tr\u00e4ddesign. Stativet \u00e4r v\u00e4lsvetsat och har en utm\u00e4rkt lackering, vilket understryker den romantiska karakt\u00e4ren. Ytan \u00e4r pulverlackerad, vilket g\u00f6r den h\u00e5llbar. P\u00e5 grenarna och bladen kan du h\u00e4nga halsband, armband, h\u00e5rband, \u00f6rh\u00e4ngen etc. p\u00e5 ett dekorativt och utrymmesbesparande s\u00e4tt. I korgen finns \u00e4ven plats f\u00f6r ringar eller broscher. Alla dina skatter f\u00f6rvaras p\u00e5 ett optimalt s\u00e4tt och \u00e4r alltid inom r\u00e4ckh\u00e5ll. Tack vare den breda sockeln st\u00e5r stativet stabilt och \u00e4r tipps\u00e4ker. Smyckesst\u00e4llningen \u00e4r mycket funktionell och samtidigt ett visuellt blickf\u00e5ng. Produktdetaljer: &#8211; Material: j\u00e4rn &#8211; Produktm\u00e5tt: h\u00f6jd: 44 cm, bredd: 37 cm &#8211; M\u00e5tt p\u00e5 sockeln: 18 x 8 cm (B x D) &#8211; Nettovikt: 645 g &#8211; F\u00e4rg: vit Leveransomfattning: &#8211; 1 x smyckesst\u00e4llning<\/p>\n","protected":false},"excerpt":{"rendered":"<p>SONGMICS smyckesst\u00e4ll, smyckesh\u00e5llare, \u00f6rh\u00e4ngesh\u00e5llare, kedjest\u00e4ll, armbandsst\u00e4ll JDS051<\/p>\n","protected":false},"featured_media":40855,"comment_status":"open","ping_status":"closed","template":"","meta":[],"product_brand":[],"product_cat":[33],"product_tag":[],"class_list":{"0":"post-12632","1":"product","2":"type-product","3":"status-publish","4":"has-post-thumbnail","6":"product_cat-okategoriserad","8":"first","9":"instock","10":"shipping-taxable","11":"purchasable","12":"product-type-simple"},"_links":{"self":[{"href":"https:\/\/nordicmart.andreevmaster.com\/sv\/wp-json\/wp\/v2\/product\/12632","targetHints":{"allow":["GET"]}}],"collection":[{"href":"https:\/\/nordicmart.andreevmaster.com\/sv\/wp-json\/wp\/v2\/product"}],"about":[{"href":"https:\/\/nordicmart.andreevmaster.com\/sv\/wp-json\/wp\/v2\/types\/product"}],"replies":[{"embeddable":true,"href":"https:\/\/nordicmart.andreevmaster.com\/sv\/wp-json\/wp\/v2\/comments?post=12632"}],"wp:featuredmedia":[{"embeddable":true,"href":"https:\/\/nordicmart.andreevmaster.com\/sv\/wp-json\/wp\/v2\/media\/40855"}],"wp:attachment":[{"href":"https:\/\/nordicmart.andreevmaster.com\/sv\/wp-json\/wp\/v2\/media?parent=12632"}],"wp:term":[{"taxonomy":"product_brand","embeddable":true,"href":"https:\/\/nordicmart.andreevmaster.com\/sv\/wp-json\/wp\/v2\/product_brand?post=12632"},{"taxonomy":"product_cat","embeddable":true,"href":"https:\/\/nordicmart.andreevmaster.com\/sv\/wp-json\/wp\/v2\/product_cat?post=12632"},{"taxonomy":"product_tag","embeddable":true,"href":"https:\/\/nordicmart.andreevmaster.com\/sv\/wp-json\/wp\/v2\/product_tag?post=12632"}],"curies":[{"name":"wp","href":"https:\/\/api.w.org\/{rel}","templated":true}]}}