{"id":12630,"date":"2026-02-27T00:14:46","date_gmt":"2026-02-27T00:14:46","guid":{"rendered":"https:\/\/nordicmart.andreevmaster.com\/product\/songmics-smyckesstall-karussell-kopparfargat\/"},"modified":"2026-02-27T08:08:43","modified_gmt":"2026-02-27T08:08:43","slug":"songmics-smyckesstall-karussell-kopparfargat","status":"publish","type":"product","link":"https:\/\/nordicmart.andreevmaster.com\/sv\/produkt\/songmics-smyckesstall-karussell-kopparfargat\/","title":{"rendered":"SONGMICS smyckesst\u00e4ll &#8221;Karussell&#8221; kopparf\u00e4rgat"},"content":{"rendered":"<p>Ligger \u00f6rh\u00e4ngen och halsband \u00f6verallt? Och hittar du aldrig de smycken du beh\u00f6ver? Songmics smyckesst\u00e4ll \u00e4r den perfekta l\u00f6sningen, s\u00e5 du slipper leta efter r\u00e4tt smycken! St\u00e4llet \u00e4r tillverkat av metall och har en kopparf\u00e4rgad yta som understryker dess romantiska karakt\u00e4r. Ytan \u00e4r pulverlackerad, sl\u00e4t och h\u00e5llbar. Stativet erbjuder tillr\u00e4ckligt med utrymme och har \u00e4ven tillr\u00e4cklig l\u00e4ngd f\u00f6r l\u00e4ngre \u00f6rh\u00e4ngen. Stativet kan vridas 360\u00b0, s\u00e5 att du kommer \u00e5t allt. Alla dina skatter f\u00f6rvaras p\u00e5 ett optimalt s\u00e4tt och \u00e4r alltid inom r\u00e4ckh\u00e5ll. Med det stabila trebenta stativet kan du ocks\u00e5 st\u00e4lla det p\u00e5 ett bord, samtidigt som det \u00e4r tippfast. Med Songmics smyckesst\u00e4ll blir dina smycken snyggt upph\u00e4ngda, och det fungerar \u00e4ven som dekoration och \u00e4r ett blickf\u00e5ng i rummet. Produktdetaljer: &#8211; Material: j\u00e4rn &#8211; F\u00e4rg: kopparf\u00e4rgad &#8211; Produktm\u00e5tt: 20 x 35 x 20 cm (B x H x D) &#8211; Avst\u00e5nd mellan 2 f\u00f6tter: 20 cm &#8211; H\u00f6jd: 35 cm Leveransomfattning: &#8211; 1 x smyckesst\u00e4ll<\/p>\n","protected":false},"excerpt":{"rendered":"<p>SONGMICS smyckesst\u00e4ll 4 v\u00e5ningar smyckesh\u00e5llare kopparf\u00e4rgad JDS012<\/p>\n","protected":false},"featured_media":40853,"comment_status":"open","ping_status":"closed","template":"","meta":[],"product_brand":[],"product_cat":[33],"product_tag":[],"class_list":{"0":"post-12630","1":"product","2":"type-product","3":"status-publish","4":"has-post-thumbnail","6":"product_cat-okategoriserad","8":"first","9":"instock","10":"shipping-taxable","11":"purchasable","12":"product-type-simple"},"_links":{"self":[{"href":"https:\/\/nordicmart.andreevmaster.com\/sv\/wp-json\/wp\/v2\/product\/12630","targetHints":{"allow":["GET"]}}],"collection":[{"href":"https:\/\/nordicmart.andreevmaster.com\/sv\/wp-json\/wp\/v2\/product"}],"about":[{"href":"https:\/\/nordicmart.andreevmaster.com\/sv\/wp-json\/wp\/v2\/types\/product"}],"replies":[{"embeddable":true,"href":"https:\/\/nordicmart.andreevmaster.com\/sv\/wp-json\/wp\/v2\/comments?post=12630"}],"wp:featuredmedia":[{"embeddable":true,"href":"https:\/\/nordicmart.andreevmaster.com\/sv\/wp-json\/wp\/v2\/media\/40853"}],"wp:attachment":[{"href":"https:\/\/nordicmart.andreevmaster.com\/sv\/wp-json\/wp\/v2\/media?parent=12630"}],"wp:term":[{"taxonomy":"product_brand","embeddable":true,"href":"https:\/\/nordicmart.andreevmaster.com\/sv\/wp-json\/wp\/v2\/product_brand?post=12630"},{"taxonomy":"product_cat","embeddable":true,"href":"https:\/\/nordicmart.andreevmaster.com\/sv\/wp-json\/wp\/v2\/product_cat?post=12630"},{"taxonomy":"product_tag","embeddable":true,"href":"https:\/\/nordicmart.andreevmaster.com\/sv\/wp-json\/wp\/v2\/product_tag?post=12630"}],"curies":[{"name":"wp","href":"https:\/\/api.w.org\/{rel}","templated":true}]}}