{"id":12628,"date":"2026-02-27T00:14:46","date_gmt":"2026-02-27T00:14:46","guid":{"rendered":"https:\/\/nordicmart.andreevmaster.com\/product\/songmics-smyckeshallare-for-orhangen-och-kedjor-svart\/"},"modified":"2026-02-27T08:08:43","modified_gmt":"2026-02-27T08:08:43","slug":"songmics-smyckeshallare-for-orhangen-och-kedjor-svart","status":"publish","type":"product","link":"https:\/\/nordicmart.andreevmaster.com\/sv\/produkt\/songmics-smyckeshallare-for-orhangen-och-kedjor-svart\/","title":{"rendered":"SONGMICS smyckesh\u00e5llare f\u00f6r \u00f6rh\u00e4ngen och kedjor, svart"},"content":{"rendered":"<p>Ligger \u00f6rh\u00e4ngen och halsband \u00f6verallt? Och hittar du aldrig r\u00e4tt n\u00e4r du beh\u00f6ver dem? Songmics smyckesst\u00e4ll \u00e4r den perfekta l\u00f6sningen p\u00e5 detta problem. Det \u00e4r tillverkat av robust j\u00e4rn och har en pulverlackerad yta som \u00e4r sl\u00e4t och skyddar metallen under. Du kan h\u00e4nga upp till 18 par \u00f6rh\u00e4ngen och 10 halsband p\u00e5 det. Dina ringar f\u00e5r ocks\u00e5 plats p\u00e5 en rad insatsytor. Dessutom kan du st\u00e4lla den p\u00e5 ett bord eller h\u00e4nga den p\u00e5 v\u00e4ggen. Med Songmics smyckesst\u00e4ll kommer dina smycken att se snyggt uppst\u00e4dade ut, och det fungerar \u00e4ven som dekoration. Produktdetaljer: &#8211; Material: j\u00e4rn &#8211; F\u00e4rg: svart &#8211; M\u00e5tt: 31,5 x 33 cm (B x H) &#8211; M\u00e5tt fot: 11 x 1,8 cm &#8211; Avst\u00e5nd mellan 2 h\u00e5lrader: 5,5 cm &#8211; Horisontellt avst\u00e5nd mellan b\u00e5da h\u00e5len\/krokarna: 1 cm &#8211; Avst\u00e5nd mellan kroken och nedre ramkant: 24,5 cm &#8211; L\u00e4ngd krok: 3 cm  Leveransomfattning: &#8211; 1x smyckeskrin<\/p>\n","protected":false},"excerpt":{"rendered":"<p>SONGMICS smyckesst\u00e4ll smyckesh\u00e5llare \u00f6rh\u00e4ngesh\u00e5llare kedjest\u00e4ll armbandst\u00e4ll svart JDS005B<\/p>\n","protected":false},"featured_media":40851,"comment_status":"open","ping_status":"closed","template":"","meta":[],"product_brand":[],"product_cat":[33],"product_tag":[],"class_list":{"0":"post-12628","1":"product","2":"type-product","3":"status-publish","4":"has-post-thumbnail","6":"product_cat-okategoriserad","8":"first","9":"instock","10":"shipping-taxable","11":"purchasable","12":"product-type-simple"},"_links":{"self":[{"href":"https:\/\/nordicmart.andreevmaster.com\/sv\/wp-json\/wp\/v2\/product\/12628","targetHints":{"allow":["GET"]}}],"collection":[{"href":"https:\/\/nordicmart.andreevmaster.com\/sv\/wp-json\/wp\/v2\/product"}],"about":[{"href":"https:\/\/nordicmart.andreevmaster.com\/sv\/wp-json\/wp\/v2\/types\/product"}],"replies":[{"embeddable":true,"href":"https:\/\/nordicmart.andreevmaster.com\/sv\/wp-json\/wp\/v2\/comments?post=12628"}],"wp:featuredmedia":[{"embeddable":true,"href":"https:\/\/nordicmart.andreevmaster.com\/sv\/wp-json\/wp\/v2\/media\/40851"}],"wp:attachment":[{"href":"https:\/\/nordicmart.andreevmaster.com\/sv\/wp-json\/wp\/v2\/media?parent=12628"}],"wp:term":[{"taxonomy":"product_brand","embeddable":true,"href":"https:\/\/nordicmart.andreevmaster.com\/sv\/wp-json\/wp\/v2\/product_brand?post=12628"},{"taxonomy":"product_cat","embeddable":true,"href":"https:\/\/nordicmart.andreevmaster.com\/sv\/wp-json\/wp\/v2\/product_cat?post=12628"},{"taxonomy":"product_tag","embeddable":true,"href":"https:\/\/nordicmart.andreevmaster.com\/sv\/wp-json\/wp\/v2\/product_tag?post=12628"}],"curies":[{"name":"wp","href":"https:\/\/api.w.org\/{rel}","templated":true}]}}