{"id":12626,"date":"2026-02-27T00:14:45","date_gmt":"2026-02-27T00:14:45","guid":{"rendered":"https:\/\/nordicmart.andreevmaster.com\/product\/songmics-smyckeskap-staende-spegel-spegelskap\/"},"modified":"2026-02-27T08:08:42","modified_gmt":"2026-02-27T08:08:42","slug":"songmics-smyckeskap-staende-spegel-spegelskap","status":"publish","type":"product","link":"https:\/\/nordicmart.andreevmaster.com\/sv\/produkt\/songmics-smyckeskap-staende-spegel-spegelskap\/","title":{"rendered":"SONGMICS smyckesk\u00e5p, st\u00e5ende spegel, spegelsk\u00e5p"},"content":{"rendered":"<p>Om du letar efter en st\u00e5ende spegel med f\u00f6rvaringsm\u00f6jligheter \u00e4r SONGMICS spegel- och smyckesk\u00e5p, som kan roteras 360\u00b0, ett bra val. Sk\u00e5pet erbjuder gott om utrymme och stegen p\u00e5 baksidan utnyttjar utrymmet optimalt. \u00c4ntligen kan allt f\u00f6rvaras snyggt utan att trassla ihop sig. Du hittar enkelt de smycken du vill ha medan du kl\u00e4r dig och tittar i spegeln. Med SONGMICS spegel- och smyckesk\u00e5p kommer du att ha gl\u00e4dje av ditt k\u00f6p i m\u00e5nga \u00e5r. Anvisningar: &#8211; Spegeln \u00e4r \u00f6mt\u00e5lig, hantera den f\u00f6rsiktigt f\u00f6r att undvika att den g\u00e5r s\u00f6nder. &#8211; Undvik att dra i smyckesk\u00e5pet f\u00f6r att f\u00f6rhindra att det v\u00e4lter. Produktdetaljer: Nettovikt: 19,56 kg Material: MDF-skiva M\u00e5tt: 54 x 161 x 54 cm (B x H x D) M\u00e5tt liten fyrkantig hylla: 34 x 3 x 13 cm (B x H x D) M\u00e5tt stor fyrkantig hylla: 35,5 x 3 x 19,5 cm (B x H x D)M\u00e5tt p\u00e5 ytterbackspegel: 26 x 144 cm (B x H)M\u00e5tt p\u00e5 innerbackspegel: 34,5 x 23 cm (B x H) Leveransomfattning:- 1 x smyckesk\u00e5p &#8211; 1 x vridbart stativ- 1 x beslagsp\u00e5se- 2 x nycklar- 1 x bruksanvisning (DE, EN, FR, IT, ES)<\/p>\n","protected":false},"excerpt":{"rendered":"<p>Smyckesk\u00e5p, stativspegel, spegelsk\u00e5p, med helfigursspegel, 360\u00b0 vridbar, l\u00e5sbar, med nycklar, vit med gr\u00e5 tr\u00e4\u00e5dring<\/p>\n","protected":false},"featured_media":40849,"comment_status":"open","ping_status":"closed","template":"","meta":[],"product_brand":[],"product_cat":[33],"product_tag":[],"class_list":{"0":"post-12626","1":"product","2":"type-product","3":"status-publish","4":"has-post-thumbnail","6":"product_cat-okategoriserad","8":"first","9":"instock","10":"shipping-taxable","11":"purchasable","12":"product-type-simple"},"_links":{"self":[{"href":"https:\/\/nordicmart.andreevmaster.com\/sv\/wp-json\/wp\/v2\/product\/12626","targetHints":{"allow":["GET"]}}],"collection":[{"href":"https:\/\/nordicmart.andreevmaster.com\/sv\/wp-json\/wp\/v2\/product"}],"about":[{"href":"https:\/\/nordicmart.andreevmaster.com\/sv\/wp-json\/wp\/v2\/types\/product"}],"replies":[{"embeddable":true,"href":"https:\/\/nordicmart.andreevmaster.com\/sv\/wp-json\/wp\/v2\/comments?post=12626"}],"wp:featuredmedia":[{"embeddable":true,"href":"https:\/\/nordicmart.andreevmaster.com\/sv\/wp-json\/wp\/v2\/media\/40849"}],"wp:attachment":[{"href":"https:\/\/nordicmart.andreevmaster.com\/sv\/wp-json\/wp\/v2\/media?parent=12626"}],"wp:term":[{"taxonomy":"product_brand","embeddable":true,"href":"https:\/\/nordicmart.andreevmaster.com\/sv\/wp-json\/wp\/v2\/product_brand?post=12626"},{"taxonomy":"product_cat","embeddable":true,"href":"https:\/\/nordicmart.andreevmaster.com\/sv\/wp-json\/wp\/v2\/product_cat?post=12626"},{"taxonomy":"product_tag","embeddable":true,"href":"https:\/\/nordicmart.andreevmaster.com\/sv\/wp-json\/wp\/v2\/product_tag?post=12626"}],"curies":[{"name":"wp","href":"https:\/\/api.w.org\/{rel}","templated":true}]}}