{"id":12625,"date":"2026-02-27T00:14:45","date_gmt":"2026-02-27T00:14:45","guid":{"rendered":"https:\/\/nordicmart.andreevmaster.com\/product\/songmics-smyckeskap-spegelskap-hangskap\/"},"modified":"2026-02-27T08:08:42","modified_gmt":"2026-02-27T08:08:42","slug":"songmics-smyckeskap-spegelskap-hangskap","status":"publish","type":"product","link":"https:\/\/nordicmart.andreevmaster.com\/sv\/produkt\/songmics-smyckeskap-spegelskap-hangskap\/","title":{"rendered":"SONGMICS smyckesk\u00e5p, spegelsk\u00e5p, h\u00e4ngsk\u00e5p"},"content":{"rendered":"<p>Om du letar efter en v\u00e4ggspegel med f\u00f6rvaringsm\u00f6jlighet \u00e4r Songmics spegel- och smyckesk\u00e5p ett bra val. Sk\u00e5pet erbjuder gott om plats och allt kan f\u00f6rvaras snyggt utan att trassla ihop sig. Du hittar enkelt de smycken du letar efter. Det \u00e4r superenkelt att montera, eftersom sk\u00e5pstommen redan \u00e4r helt monterad. Du beh\u00f6ver bara h\u00e4nga upp den p\u00e5 v\u00e4ggen. Du kommer dessutom att bli f\u00f6rv\u00e5nad n\u00e4r du \u00f6ppnar paketet. Med Songmics spegel- och smyckesk\u00e5p kommer du att ha gl\u00e4dje av ditt k\u00f6p i m\u00e5nga \u00e5r. Anm\u00e4rkningar: &#8211; Spegeln \u00e4r \u00f6mt\u00e5lig, hantera den f\u00f6rsiktigt och skydda sk\u00e5pet fr\u00e5n att v\u00e4lta f\u00f6r att undvika att spegeln g\u00e5r s\u00f6nder. Produktdetaljer: &#8211; F\u00e4rg: vit &#8211; M\u00e5tt: 37 x 67 x 10,5 cm (B x H x D) &#8211; Spegelm\u00e5tt: 59 x 29 cm (B x D) &#8211; Material: MDF-skiva + sammet + spegel &#8211; Vikt: 5,4 kg   Leveransomfattning: &#8211; 1 x smyckesk\u00e5p &#8211; 2 x nycklar &#8211; 2 x skruvar &#8211; 2 x pluggar<\/p>\n","protected":false},"excerpt":{"rendered":"<p>SONGMICS h\u00e4ngande smyckesk\u00e5p, v\u00e4ggspegel att h\u00e4nga upp, med d\u00f6rr och magnetl\u00e5s, v\u00e4ggmontering, med spegel, f\u00f6r v\u00e4gg 67x37x10,5 cm Vit JBC51W<\/p>\n","protected":false},"featured_media":40848,"comment_status":"open","ping_status":"closed","template":"","meta":[],"product_brand":[],"product_cat":[33],"product_tag":[],"class_list":{"0":"post-12625","1":"product","2":"type-product","3":"status-publish","4":"has-post-thumbnail","6":"product_cat-okategoriserad","8":"first","9":"instock","10":"shipping-taxable","11":"purchasable","12":"product-type-simple"},"_links":{"self":[{"href":"https:\/\/nordicmart.andreevmaster.com\/sv\/wp-json\/wp\/v2\/product\/12625","targetHints":{"allow":["GET"]}}],"collection":[{"href":"https:\/\/nordicmart.andreevmaster.com\/sv\/wp-json\/wp\/v2\/product"}],"about":[{"href":"https:\/\/nordicmart.andreevmaster.com\/sv\/wp-json\/wp\/v2\/types\/product"}],"replies":[{"embeddable":true,"href":"https:\/\/nordicmart.andreevmaster.com\/sv\/wp-json\/wp\/v2\/comments?post=12625"}],"wp:featuredmedia":[{"embeddable":true,"href":"https:\/\/nordicmart.andreevmaster.com\/sv\/wp-json\/wp\/v2\/media\/40848"}],"wp:attachment":[{"href":"https:\/\/nordicmart.andreevmaster.com\/sv\/wp-json\/wp\/v2\/media?parent=12625"}],"wp:term":[{"taxonomy":"product_brand","embeddable":true,"href":"https:\/\/nordicmart.andreevmaster.com\/sv\/wp-json\/wp\/v2\/product_brand?post=12625"},{"taxonomy":"product_cat","embeddable":true,"href":"https:\/\/nordicmart.andreevmaster.com\/sv\/wp-json\/wp\/v2\/product_cat?post=12625"},{"taxonomy":"product_tag","embeddable":true,"href":"https:\/\/nordicmart.andreevmaster.com\/sv\/wp-json\/wp\/v2\/product_tag?post=12625"}],"curies":[{"name":"wp","href":"https:\/\/api.w.org\/{rel}","templated":true}]}}