{"id":12623,"date":"2026-02-27T00:14:44","date_gmt":"2026-02-27T00:14:44","guid":{"rendered":"https:\/\/nordicmart.andreevmaster.com\/product\/songmics-smyckeskrin-med-3-nivaer-modernt-karamellbrunt-guld\/"},"modified":"2026-02-27T08:08:42","modified_gmt":"2026-02-27T08:08:42","slug":"songmics-smyckeskrin-med-3-nivaer-modernt-karamellbrunt-guld","status":"publish","type":"product","link":"https:\/\/nordicmart.andreevmaster.com\/sv\/produkt\/songmics-smyckeskrin-med-3-nivaer-modernt-karamellbrunt-guld\/","title":{"rendered":"SONGMICS smyckeskrin med 3 niv\u00e5er, modernt karamellbrunt-guld"},"content":{"rendered":"<p>Smyckeskrin, smyckeskrin med 3 niv\u00e5er, smyckeskrin med glaslock, 2 l\u00e5dor, smyckesf\u00f6rvaring, modernt, molnvit-guldf\u00e4rgat<br \/>\nF\u00e4rg: Karamellbrun-gyllene<br \/>\nMaterial: MDF (medeldensitetsfiberplatta), PU (polyuretan), sammet, glas<br \/>\nStorlek: 20,3 x 23,1 x 13,5 cm (D x B x H)<br \/>\nVikt: 1,4 kg<\/p>\n","protected":false},"excerpt":{"rendered":"<p>Smyckeskrin, smyckeskrin med 3 niv\u00e5er, smyckeskrin med glaslock, 2 l\u00e5dor, smyckesf\u00f6rvaring, modernt, molnvit-guldf\u00e4rgat<\/p>\n","protected":false},"featured_media":40846,"comment_status":"open","ping_status":"closed","template":"","meta":[],"product_brand":[],"product_cat":[33],"product_tag":[],"class_list":{"0":"post-12623","1":"product","2":"type-product","3":"status-publish","4":"has-post-thumbnail","6":"product_cat-okategoriserad","8":"first","9":"instock","10":"shipping-taxable","11":"purchasable","12":"product-type-simple"},"_links":{"self":[{"href":"https:\/\/nordicmart.andreevmaster.com\/sv\/wp-json\/wp\/v2\/product\/12623","targetHints":{"allow":["GET"]}}],"collection":[{"href":"https:\/\/nordicmart.andreevmaster.com\/sv\/wp-json\/wp\/v2\/product"}],"about":[{"href":"https:\/\/nordicmart.andreevmaster.com\/sv\/wp-json\/wp\/v2\/types\/product"}],"replies":[{"embeddable":true,"href":"https:\/\/nordicmart.andreevmaster.com\/sv\/wp-json\/wp\/v2\/comments?post=12623"}],"wp:featuredmedia":[{"embeddable":true,"href":"https:\/\/nordicmart.andreevmaster.com\/sv\/wp-json\/wp\/v2\/media\/40846"}],"wp:attachment":[{"href":"https:\/\/nordicmart.andreevmaster.com\/sv\/wp-json\/wp\/v2\/media?parent=12623"}],"wp:term":[{"taxonomy":"product_brand","embeddable":true,"href":"https:\/\/nordicmart.andreevmaster.com\/sv\/wp-json\/wp\/v2\/product_brand?post=12623"},{"taxonomy":"product_cat","embeddable":true,"href":"https:\/\/nordicmart.andreevmaster.com\/sv\/wp-json\/wp\/v2\/product_cat?post=12623"},{"taxonomy":"product_tag","embeddable":true,"href":"https:\/\/nordicmart.andreevmaster.com\/sv\/wp-json\/wp\/v2\/product_tag?post=12623"}],"curies":[{"name":"wp","href":"https:\/\/api.w.org\/{rel}","templated":true}]}}