{"id":12619,"date":"2026-02-27T00:14:44","date_gmt":"2026-02-27T00:14:44","guid":{"rendered":"https:\/\/nordicmart.andreevmaster.com\/product\/songmics-home-smyckeskrin-med-spegel-smyckesforvaring-3-nivaer-smyckeslada-2-lador\/"},"modified":"2026-02-27T08:08:41","modified_gmt":"2026-02-27T08:08:41","slug":"songmics-home-smyckeskrin-med-spegel-smyckesforvaring-3-nivaer-smyckeslada-2-lador","status":"publish","type":"product","link":"https:\/\/nordicmart.andreevmaster.com\/sv\/produkt\/songmics-home-smyckeskrin-med-spegel-smyckesforvaring-3-nivaer-smyckeslada-2-lador\/","title":{"rendered":"SONGMICS HOME smyckeskrin med spegel, smyckesf\u00f6rvaring 3 niv\u00e5er, smyckesl\u00e5da 2 l\u00e5dor"},"content":{"rendered":"<p>Smyckeskrin med spegel, smyckesf\u00f6rvaring i 3 niv\u00e5er, smyckesl\u00e5da med 2 l\u00e5dor, PU med s\u00f6mmar, sv\u00e4vande effekt, presentid\u00e9, molnvit<br \/>\nProduktdetaljer:<br \/>\n&#8211; F\u00e4rg: molnvit<br \/>\n&#8211; Material: PU-konstl\u00e4der (polyuretan), MDF (medeldensitetsfiberplatta), sammet, metall, glas<br \/>\n&#8211; Storlek: 21,5 x 24 x 15,8 cm (D x B x H)<br \/>\n&#8211; Vikt: 2 kg<\/p>\n<p>Leveransomfattning:<br \/>\n&#8211; 1 x smyckeskrin<br \/>\nAnvisningar:<br \/>\n&#8211; Torka omedelbart bort eventuell fukt p\u00e5 konstl\u00e4dersytan.<br \/>\n&#8211; Detta smyckeskrin f\u00f6rhindrar inte att silverf\u00f6rem\u00e5l oxiderar.<br \/>\n&#8211; Det kan h\u00e4nda att l\u00e5dan har en svag lukt n\u00e4r du packar upp den. Placera den i s\u00e5 fall p\u00e5 en v\u00e4l ventilerad plats i n\u00e5gra timmar.<br \/>\n&#8211; Om ytan eller spegeln blir dammig, torka av den med en mjuk trasa.<br \/>\n&#8211; H\u00e5ll l\u00e5dan borta fr\u00e5n vassa och h\u00e5rda f\u00f6rem\u00e5l f\u00f6r att undvika repor.<\/p>\n","protected":false},"excerpt":{"rendered":"<p>Smyckeskrin med spegel, smyckesf\u00f6rvaring i 3 niv\u00e5er, smyckesl\u00e5da med 2 l\u00e5dor, PU med s\u00f6mmar, sv\u00e4vande effekt, presentid\u00e9, molnvit<\/p>\n","protected":false},"featured_media":40842,"comment_status":"open","ping_status":"closed","template":"","meta":[],"product_brand":[],"product_cat":[33],"product_tag":[],"class_list":{"0":"post-12619","1":"product","2":"type-product","3":"status-publish","4":"has-post-thumbnail","6":"product_cat-okategoriserad","8":"first","9":"instock","10":"shipping-taxable","11":"purchasable","12":"product-type-simple"},"_links":{"self":[{"href":"https:\/\/nordicmart.andreevmaster.com\/sv\/wp-json\/wp\/v2\/product\/12619","targetHints":{"allow":["GET"]}}],"collection":[{"href":"https:\/\/nordicmart.andreevmaster.com\/sv\/wp-json\/wp\/v2\/product"}],"about":[{"href":"https:\/\/nordicmart.andreevmaster.com\/sv\/wp-json\/wp\/v2\/types\/product"}],"replies":[{"embeddable":true,"href":"https:\/\/nordicmart.andreevmaster.com\/sv\/wp-json\/wp\/v2\/comments?post=12619"}],"wp:featuredmedia":[{"embeddable":true,"href":"https:\/\/nordicmart.andreevmaster.com\/sv\/wp-json\/wp\/v2\/media\/40842"}],"wp:attachment":[{"href":"https:\/\/nordicmart.andreevmaster.com\/sv\/wp-json\/wp\/v2\/media?parent=12619"}],"wp:term":[{"taxonomy":"product_brand","embeddable":true,"href":"https:\/\/nordicmart.andreevmaster.com\/sv\/wp-json\/wp\/v2\/product_brand?post=12619"},{"taxonomy":"product_cat","embeddable":true,"href":"https:\/\/nordicmart.andreevmaster.com\/sv\/wp-json\/wp\/v2\/product_cat?post=12619"},{"taxonomy":"product_tag","embeddable":true,"href":"https:\/\/nordicmart.andreevmaster.com\/sv\/wp-json\/wp\/v2\/product_tag?post=12619"}],"curies":[{"name":"wp","href":"https:\/\/api.w.org\/{rel}","templated":true}]}}