{"id":12616,"date":"2026-02-27T00:14:43","date_gmt":"2026-02-27T00:14:43","guid":{"rendered":"https:\/\/nordicmart.andreevmaster.com\/product\/songmics-smyckeskrin-med-6-nivaer-smyckeskrin-med-5-lador-lock-av-glas\/"},"modified":"2026-02-27T08:08:41","modified_gmt":"2026-02-27T08:08:41","slug":"songmics-smyckeskrin-med-6-nivaer-smyckeskrin-med-5-lador-lock-av-glas","status":"publish","type":"product","link":"https:\/\/nordicmart.andreevmaster.com\/sv\/produkt\/songmics-smyckeskrin-med-6-nivaer-smyckeskrin-med-5-lador-lock-av-glas\/","title":{"rendered":"SONGMICS smyckeskrin med 6 niv\u00e5er, smyckeskrin med 5 l\u00e5dor, lock av glas"},"content":{"rendered":"<p>SONGMICS smyckeskrin, smyckeskrin med 6 niv\u00e5er, smyckeskrin med glaslock, 5 l\u00e5dor, f\u00f6r solglas\u00f6gon, stora smycken, smyckesf\u00f6rvaring, modernt, duvgr\u00e5tt-guld JBC171G01<br \/>\nSpecifikationer:<br \/>\n&#8211; M\u00e5tt: 16,3 x 25,1 x 29 cm (D x B x H)<br \/>\n&#8211; Vikt: 2,4 kg<br \/>\n&#8211; Material: MDF (medeldensitetsfiberplatta), PU (polyuretan), sammet, glas<br \/>\n&#8211; F\u00e4rg: Vit<\/p>\n","protected":false},"excerpt":{"rendered":"<p>SONGMICS smyckeskrin, smyckeskrin med 6 niv\u00e5er, smyckeskrin med glaslock, 5 l\u00e5dor, f\u00f6r solglas\u00f6gon, stora smycken, smyckesf\u00f6rvaring, modernt, duvgr\u00e5tt-guld JBC171G01<\/p>\n","protected":false},"featured_media":40839,"comment_status":"open","ping_status":"closed","template":"","meta":[],"product_brand":[],"product_cat":[33],"product_tag":[],"class_list":{"0":"post-12616","1":"product","2":"type-product","3":"status-publish","4":"has-post-thumbnail","6":"product_cat-okategoriserad","8":"first","9":"instock","10":"shipping-taxable","11":"purchasable","12":"product-type-simple"},"_links":{"self":[{"href":"https:\/\/nordicmart.andreevmaster.com\/sv\/wp-json\/wp\/v2\/product\/12616","targetHints":{"allow":["GET"]}}],"collection":[{"href":"https:\/\/nordicmart.andreevmaster.com\/sv\/wp-json\/wp\/v2\/product"}],"about":[{"href":"https:\/\/nordicmart.andreevmaster.com\/sv\/wp-json\/wp\/v2\/types\/product"}],"replies":[{"embeddable":true,"href":"https:\/\/nordicmart.andreevmaster.com\/sv\/wp-json\/wp\/v2\/comments?post=12616"}],"wp:featuredmedia":[{"embeddable":true,"href":"https:\/\/nordicmart.andreevmaster.com\/sv\/wp-json\/wp\/v2\/media\/40839"}],"wp:attachment":[{"href":"https:\/\/nordicmart.andreevmaster.com\/sv\/wp-json\/wp\/v2\/media?parent=12616"}],"wp:term":[{"taxonomy":"product_brand","embeddable":true,"href":"https:\/\/nordicmart.andreevmaster.com\/sv\/wp-json\/wp\/v2\/product_brand?post=12616"},{"taxonomy":"product_cat","embeddable":true,"href":"https:\/\/nordicmart.andreevmaster.com\/sv\/wp-json\/wp\/v2\/product_cat?post=12616"},{"taxonomy":"product_tag","embeddable":true,"href":"https:\/\/nordicmart.andreevmaster.com\/sv\/wp-json\/wp\/v2\/product_tag?post=12616"}],"curies":[{"name":"wp","href":"https:\/\/api.w.org\/{rel}","templated":true}]}}