{"id":12605,"date":"2026-02-27T00:14:40","date_gmt":"2026-02-27T00:14:40","guid":{"rendered":"https:\/\/nordicmart.andreevmaster.com\/product\/songmics-smyckeskrin-6-nivaer-smyckeskrin-med-5-lador-med-spegel\/"},"modified":"2026-02-27T08:08:39","modified_gmt":"2026-02-27T08:08:39","slug":"songmics-smyckeskrin-6-nivaer-smyckeskrin-med-5-lador-med-spegel","status":"publish","type":"product","link":"https:\/\/nordicmart.andreevmaster.com\/sv\/produkt\/songmics-smyckeskrin-6-nivaer-smyckeskrin-med-5-lador-med-spegel\/","title":{"rendered":"SONGMICS smyckeskrin 6 niv\u00e5er, smyckeskrin med 5 l\u00e5dor, med spegel"},"content":{"rendered":"<p>Uppt\u00e4ck sk\u00f6nheten i varje smycke Ligger dina smycken utspridda \u00f6ver hela huset och har vissa av dem inte anv\u00e4nts p\u00e5 l\u00e4nge eftersom du har gl\u00f6mt var de finns? D\u00e5 b\u00f6r du prova denna smyckesorganiserare! M\u00e5nga fack g\u00f6r att du kan f\u00f6rvara dina smycken \u00f6versk\u00e5dligt och l\u00e4ttillg\u00e4ngligt. V\u00e4lj enkelt ut passande smycken fr\u00e5n denna l\u00e5da och beundra dig sj\u00e4lv i den stora spegeln p\u00e5 locket! Enkelhet \u00e4r p\u00e5 modet Vit yta, gl\u00e4nsande metallelement, enkelt utseende \u2013 denna smyckeskrin utstr\u00e5lar en tidl\u00f6s charm p\u00e5 ditt sminkbord eller i din smyckesbutik. Med denna l\u00e5da kan du f\u00f6rvara dina glittrande smycken snyggt p\u00e5 ett st\u00e4lle \u2013 en fr\u00f6jd f\u00f6r \u00f6gat! Dessutom \u00e4r denna l\u00e5da perfekt som present till dina v\u00e4nner och n\u00e4ra och k\u00e4ra. Produktdetaljer: &#8211; F\u00e4rg: Vit &#8211; Material: MDF (medeldensitetsfiberplatta), PU-\u00f6verdrag (polyuretan), sammetfoder &#8211; Total storlek: 26 x 15,5 x 32 cm (L x B x H) &#8211; Vikt: 3,2 kg Leveransomfattning: &#8211; 1 x smyckeskrin<\/p>\n","protected":false},"excerpt":{"rendered":"<p>Smyckeskrin med 6 niv\u00e5er, smyckeskrin med 5 l\u00e5dor, med spegel, l\u00e5sbart, smyckesf\u00f6rvaring, f\u00f6r klockor, vitt<\/p>\n","protected":false},"featured_media":40829,"comment_status":"open","ping_status":"closed","template":"","meta":[],"product_brand":[],"product_cat":[33],"product_tag":[],"class_list":{"0":"post-12605","1":"product","2":"type-product","3":"status-publish","4":"has-post-thumbnail","6":"product_cat-okategoriserad","8":"first","9":"instock","10":"shipping-taxable","11":"purchasable","12":"product-type-simple"},"_links":{"self":[{"href":"https:\/\/nordicmart.andreevmaster.com\/sv\/wp-json\/wp\/v2\/product\/12605","targetHints":{"allow":["GET"]}}],"collection":[{"href":"https:\/\/nordicmart.andreevmaster.com\/sv\/wp-json\/wp\/v2\/product"}],"about":[{"href":"https:\/\/nordicmart.andreevmaster.com\/sv\/wp-json\/wp\/v2\/types\/product"}],"replies":[{"embeddable":true,"href":"https:\/\/nordicmart.andreevmaster.com\/sv\/wp-json\/wp\/v2\/comments?post=12605"}],"wp:featuredmedia":[{"embeddable":true,"href":"https:\/\/nordicmart.andreevmaster.com\/sv\/wp-json\/wp\/v2\/media\/40829"}],"wp:attachment":[{"href":"https:\/\/nordicmart.andreevmaster.com\/sv\/wp-json\/wp\/v2\/media?parent=12605"}],"wp:term":[{"taxonomy":"product_brand","embeddable":true,"href":"https:\/\/nordicmart.andreevmaster.com\/sv\/wp-json\/wp\/v2\/product_brand?post=12605"},{"taxonomy":"product_cat","embeddable":true,"href":"https:\/\/nordicmart.andreevmaster.com\/sv\/wp-json\/wp\/v2\/product_cat?post=12605"},{"taxonomy":"product_tag","embeddable":true,"href":"https:\/\/nordicmart.andreevmaster.com\/sv\/wp-json\/wp\/v2\/product_tag?post=12605"}],"curies":[{"name":"wp","href":"https:\/\/api.w.org\/{rel}","templated":true}]}}