{"id":12602,"date":"2026-02-27T00:14:40","date_gmt":"2026-02-27T00:14:40","guid":{"rendered":"https:\/\/nordicmart.andreevmaster.com\/product\/songmics-fantastiskt-smyckeskap-med-led\/"},"modified":"2026-02-27T08:08:39","modified_gmt":"2026-02-27T08:08:39","slug":"songmics-fantastiskt-smyckeskap-med-led","status":"publish","type":"product","link":"https:\/\/nordicmart.andreevmaster.com\/sv\/produkt\/songmics-fantastiskt-smyckeskap-med-led\/","title":{"rendered":"SONGMICS Fantastiskt smyckesk\u00e5p med LED"},"content":{"rendered":"<p>Anvisningar: Spegeln \u00e4r \u00f6mt\u00e5lig, var f\u00f6rsiktig och skydda sk\u00e5pet fr\u00e5n att v\u00e4lta f\u00f6r att undvika att spegeln g\u00e5r s\u00f6nder. Om du inte anv\u00e4nder LED-belysningen under en l\u00e4ngre tid, ta ut batterierna.Med den praktiska magnetl\u00e5set och dolda handtag kan du enkelt \u00f6ppna och st\u00e4nga d\u00f6rren. Det skonsamma l\u00e5set erbjuder optimal skydd f\u00f6r dina f\u00f6rvaringssaker. SONGMICS st\u00e4ller h\u00f6ga krav p\u00e5 f\u00f6rpackningen. Smyckesk\u00e5pet \u00e4r v\u00e4l skyddat s\u00e5 att inget kan h\u00e4nda under transporten. Produktdetaljer: F\u00e4rg: vit St\u00e5ende m\u00e5tt: 41 x 151 x 36,5 cm (B x H x D) M\u00e5tt p\u00e5 sk\u00e5pets stomme: 37 x 110 x 9 cm (B x H x D) Material: milj\u00f6v\u00e4nlig MDF (medeldensitetsfiberplatta) Leveransomfattning: 1 x spegel- och smyckesk\u00e5p 2 x nycklar 1 x bruksanvisning (tyska, engelska, franska, italienska, spanska) 1 x beslagsp\u00e5se<\/p>\n","protected":false},"excerpt":{"rendered":"<p>SONGMICS smyckesk\u00e5p med LED-belysning, l\u00e5sbart sk\u00e5p med spegel, stativspegel, 5 hyllor och 2 sm\u00e5 l\u00e5dor, vitt JBC94W<\/p>\n","protected":false},"featured_media":40826,"comment_status":"open","ping_status":"closed","template":"","meta":[],"product_brand":[],"product_cat":[33],"product_tag":[],"class_list":{"0":"post-12602","1":"product","2":"type-product","3":"status-publish","4":"has-post-thumbnail","6":"product_cat-okategoriserad","8":"first","9":"instock","10":"shipping-taxable","11":"purchasable","12":"product-type-simple"},"_links":{"self":[{"href":"https:\/\/nordicmart.andreevmaster.com\/sv\/wp-json\/wp\/v2\/product\/12602","targetHints":{"allow":["GET"]}}],"collection":[{"href":"https:\/\/nordicmart.andreevmaster.com\/sv\/wp-json\/wp\/v2\/product"}],"about":[{"href":"https:\/\/nordicmart.andreevmaster.com\/sv\/wp-json\/wp\/v2\/types\/product"}],"replies":[{"embeddable":true,"href":"https:\/\/nordicmart.andreevmaster.com\/sv\/wp-json\/wp\/v2\/comments?post=12602"}],"wp:featuredmedia":[{"embeddable":true,"href":"https:\/\/nordicmart.andreevmaster.com\/sv\/wp-json\/wp\/v2\/media\/40826"}],"wp:attachment":[{"href":"https:\/\/nordicmart.andreevmaster.com\/sv\/wp-json\/wp\/v2\/media?parent=12602"}],"wp:term":[{"taxonomy":"product_brand","embeddable":true,"href":"https:\/\/nordicmart.andreevmaster.com\/sv\/wp-json\/wp\/v2\/product_brand?post=12602"},{"taxonomy":"product_cat","embeddable":true,"href":"https:\/\/nordicmart.andreevmaster.com\/sv\/wp-json\/wp\/v2\/product_cat?post=12602"},{"taxonomy":"product_tag","embeddable":true,"href":"https:\/\/nordicmart.andreevmaster.com\/sv\/wp-json\/wp\/v2\/product_tag?post=12602"}],"curies":[{"name":"wp","href":"https:\/\/api.w.org\/{rel}","templated":true}]}}