{"id":12601,"date":"2026-02-27T00:14:40","date_gmt":"2026-02-27T00:14:40","guid":{"rendered":"https:\/\/nordicmart.andreevmaster.com\/product\/songmics-elegant-smyckeskap-for-upphangning\/"},"modified":"2026-02-27T08:08:39","modified_gmt":"2026-02-27T08:08:39","slug":"songmics-elegant-smyckeskap-for-upphangning","status":"publish","type":"product","link":"https:\/\/nordicmart.andreevmaster.com\/sv\/produkt\/songmics-elegant-smyckeskap-for-upphangning\/","title":{"rendered":"SONGMICS Elegant smyckesk\u00e5p f\u00f6r upph\u00e4ngning"},"content":{"rendered":"<p>N\u00e4r du tittar p\u00e5 h\u00f6gen av brokiga smycken som tar upp plats p\u00e5 ditt sminkbord, vad skulle du helst vilja g\u00f6ra? Kasta dem inte i n\u00e4rmaste l\u00e5da, utan anv\u00e4nd detta smyckesk\u00e5p fr\u00e5n SONGMICS! Smyckesf\u00f6rvaring som ett proffs F\u00f6rvara \u00f6rh\u00e4ngen p\u00e5 \u00f6rh\u00e4ngesh\u00e5llarna, kedjor p\u00e5 krokarna och armband p\u00e5 armbandsst\u00e5ngen. Men vad g\u00f6r du med de fack som fortfarande \u00e4r tomma? Fyll dem till exempel med smyckesk\u00f6tselprodukter, parfymer eller andra sm\u00e5saker. Tack vare den gener\u00f6sa och smarta utformningen av detta smyckesk\u00e5p kan du ordna dina smycken som ett proffs. Sk\u00f6nhetsprogram utan hinder Eftersom du nu har ordnat dina smycken beh\u00f6ver du inte l\u00e4ngre leta frenetiskt efter f\u00f6rlorade \u00f6rh\u00e4ngen eller reda ut dina trassliga kedjor p\u00e5 morgonen. Ist\u00e4llet kan du enkelt v\u00e4lja passande smycken fr\u00e5n detta allt-i-ett-smyckesk\u00e5p och beundra din outfit i den stora spegeln innan du l\u00e4mnar huset. Fr\u00e5n och med nu blir varje morgon underbar! Produktdetaljer: &#8211; F\u00e4rg: Vit &#8211; Material: MDF (medeldensitetsfiberplatta), sammet, glas &#8211; Total storlek: 37 x 10 x 120 cm (L x B x H) &#8211; Spegelstorlek: 27,3 x 110 cm &#8211; Vikt: 10 kg Leveransomfattning:- 1 x h\u00e4ngande smyckesk\u00e5p &#8211; 2 x v\u00e4ggkrokar f\u00f6r upph\u00e4ngning av sk\u00e5pet &#8211; 1 x tillbeh\u00f6rspaket &#8211; 1 x bruksanvisning (DE, EN, FR, ES, IT) SONGMICS Anm\u00e4rkningar: &#8211; Ta bort batterierna om du inte kommer att anv\u00e4nda LED-belysningen under en l\u00e4ngre tid.- F\u00f6r att undvika deformationer b\u00f6r denna produkt inte placeras i en fuktig milj\u00f6.<\/p>\n","protected":false},"excerpt":{"rendered":"<p>SONGMICS H\u00e4ngande smyckesk\u00e5p, l\u00e5sbart spegelsk\u00e5p, v\u00e4ggsk\u00e5p med spegel och m\u00e5nga fack, v\u00e4ggmontering, h\u00e4ngande p\u00e5 d\u00f6rren, f\u00f6r kedjor, \u00f6rh\u00e4ngen, vit JBC93W<\/p>\n","protected":false},"featured_media":40825,"comment_status":"open","ping_status":"closed","template":"","meta":[],"product_brand":[],"product_cat":[33],"product_tag":[],"class_list":{"0":"post-12601","1":"product","2":"type-product","3":"status-publish","4":"has-post-thumbnail","6":"product_cat-okategoriserad","8":"first","9":"instock","10":"shipping-taxable","11":"purchasable","12":"product-type-simple"},"_links":{"self":[{"href":"https:\/\/nordicmart.andreevmaster.com\/sv\/wp-json\/wp\/v2\/product\/12601","targetHints":{"allow":["GET"]}}],"collection":[{"href":"https:\/\/nordicmart.andreevmaster.com\/sv\/wp-json\/wp\/v2\/product"}],"about":[{"href":"https:\/\/nordicmart.andreevmaster.com\/sv\/wp-json\/wp\/v2\/types\/product"}],"replies":[{"embeddable":true,"href":"https:\/\/nordicmart.andreevmaster.com\/sv\/wp-json\/wp\/v2\/comments?post=12601"}],"wp:featuredmedia":[{"embeddable":true,"href":"https:\/\/nordicmart.andreevmaster.com\/sv\/wp-json\/wp\/v2\/media\/40825"}],"wp:attachment":[{"href":"https:\/\/nordicmart.andreevmaster.com\/sv\/wp-json\/wp\/v2\/media?parent=12601"}],"wp:term":[{"taxonomy":"product_brand","embeddable":true,"href":"https:\/\/nordicmart.andreevmaster.com\/sv\/wp-json\/wp\/v2\/product_brand?post=12601"},{"taxonomy":"product_cat","embeddable":true,"href":"https:\/\/nordicmart.andreevmaster.com\/sv\/wp-json\/wp\/v2\/product_cat?post=12601"},{"taxonomy":"product_tag","embeddable":true,"href":"https:\/\/nordicmart.andreevmaster.com\/sv\/wp-json\/wp\/v2\/product_tag?post=12601"}],"curies":[{"name":"wp","href":"https:\/\/api.w.org\/{rel}","templated":true}]}}