{"id":12600,"date":"2026-02-27T00:14:39","date_gmt":"2026-02-27T00:14:39","guid":{"rendered":"https:\/\/nordicmart.andreevmaster.com\/product\/songmics-smyckeskap-med-stor-spegel\/"},"modified":"2026-02-27T08:08:38","modified_gmt":"2026-02-27T08:08:38","slug":"songmics-smyckeskap-med-stor-spegel","status":"publish","type":"product","link":"https:\/\/nordicmart.andreevmaster.com\/sv\/produkt\/songmics-smyckeskap-med-stor-spegel\/","title":{"rendered":"SONGMICS smyckesk\u00e5p med stor spegel"},"content":{"rendered":"<p>SONGMICS, pionj\u00e4r inom smyckesk\u00e5psbranschen Utvalda material, fin finish, unik design, ett eftertraktat produkt f\u00f6r smyckesf\u00f6rvaring Till skillnad fr\u00e5n vanliga smala krokar har detta smyckesk\u00e5p tjocka retro-krokar som \u00e4r tillr\u00e4ckligt robusta f\u00f6r att h\u00e5lla m\u00e5nga halsband. Oavsett vilken typ av smycke du har finns det plats f\u00f6r det i detta sk\u00e5p! Du beh\u00f6ver inte l\u00e4ngre leta efter f\u00f6rlorade \u00f6rh\u00e4ngen eller reda ut trassliga kedjor! En tydlig indelning g\u00f6r att du kan se alla dina smycken p\u00e5 ett \u00f6gonblick, s\u00e5 att du snabbt hittar det du s\u00f6ker \u00e4ven under stressiga morgnar. Med sin eleganta design och filigrana detaljer \u00e4r smyckesk\u00e5pet en fantastisk present till f\u00f6delsedagar, alla hj\u00e4rtans dag, mors dag, br\u00f6llopsdagar, \u00e5rsdagar och jul. Produktdetaljer: F\u00e4rg: Vit Material: Glas, h\u00f6gkvalitativ MDF, mjuk sammet M\u00e5tt: 38 x 156 x 40 cm (B x H x D) Vikt: 10,65 kg Leveransomfattning: 1 x smyckesk\u00e5p 2 x nycklar 1 x bruksanvisning 1 x monterings tillbeh\u00f6r Anm\u00e4rkningar: Ta bort batterierna om LED-lamporna inte anv\u00e4nds under en l\u00e4ngre tid.F\u00f6rvara monteringsdetaljerna utom r\u00e4ckh\u00e5ll f\u00f6r barn under monteringen.<\/p>\n","protected":false},"excerpt":{"rendered":"<p>SONGMICS smyckesk\u00e5p med 8 LED-lampor med rundade kanter, spegel, l\u00e5sbar smyckesorganiserare med 6 l\u00e5dor och f\u00f6rvaring f\u00f6r \u00f6rh\u00e4ngen, vit JBC89WT<\/p>\n","protected":false},"featured_media":40824,"comment_status":"open","ping_status":"closed","template":"","meta":[],"product_brand":[],"product_cat":[33],"product_tag":[],"class_list":{"0":"post-12600","1":"product","2":"type-product","3":"status-publish","4":"has-post-thumbnail","6":"product_cat-okategoriserad","8":"first","9":"instock","10":"shipping-taxable","11":"purchasable","12":"product-type-simple"},"_links":{"self":[{"href":"https:\/\/nordicmart.andreevmaster.com\/sv\/wp-json\/wp\/v2\/product\/12600","targetHints":{"allow":["GET"]}}],"collection":[{"href":"https:\/\/nordicmart.andreevmaster.com\/sv\/wp-json\/wp\/v2\/product"}],"about":[{"href":"https:\/\/nordicmart.andreevmaster.com\/sv\/wp-json\/wp\/v2\/types\/product"}],"replies":[{"embeddable":true,"href":"https:\/\/nordicmart.andreevmaster.com\/sv\/wp-json\/wp\/v2\/comments?post=12600"}],"wp:featuredmedia":[{"embeddable":true,"href":"https:\/\/nordicmart.andreevmaster.com\/sv\/wp-json\/wp\/v2\/media\/40824"}],"wp:attachment":[{"href":"https:\/\/nordicmart.andreevmaster.com\/sv\/wp-json\/wp\/v2\/media?parent=12600"}],"wp:term":[{"taxonomy":"product_brand","embeddable":true,"href":"https:\/\/nordicmart.andreevmaster.com\/sv\/wp-json\/wp\/v2\/product_brand?post=12600"},{"taxonomy":"product_cat","embeddable":true,"href":"https:\/\/nordicmart.andreevmaster.com\/sv\/wp-json\/wp\/v2\/product_cat?post=12600"},{"taxonomy":"product_tag","embeddable":true,"href":"https:\/\/nordicmart.andreevmaster.com\/sv\/wp-json\/wp\/v2\/product_tag?post=12600"}],"curies":[{"name":"wp","href":"https:\/\/api.w.org\/{rel}","templated":true}]}}