{"id":12598,"date":"2026-02-27T00:14:39","date_gmt":"2026-02-27T00:14:39","guid":{"rendered":"https:\/\/nordicmart.andreevmaster.com\/product\/songmics-fristaende-smyckeskap-med-spegel-vit\/"},"modified":"2026-02-27T08:08:38","modified_gmt":"2026-02-27T08:08:38","slug":"songmics-fristaende-smyckeskap-med-spegel-vit","status":"publish","type":"product","link":"https:\/\/nordicmart.andreevmaster.com\/sv\/produkt\/songmics-fristaende-smyckeskap-med-spegel-vit\/","title":{"rendered":"SONGMICS Frist\u00e5ende smyckesk\u00e5p med spegel Vit"},"content":{"rendered":"<p>Denna tidl\u00f6sa, vackra smyckesk\u00e5p fr\u00e5n Songmics passar i alla rum och \u00e4r ett individuellt blickf\u00e5ng! Om du letar efter en kl\u00e4dspegel med f\u00f6rvaringsm\u00f6jlighet \u00e4r Songmics spegel- och smyckesk\u00e5p ett bra val. Sk\u00e5pet har olika kroklisteror, hyllfack och kl\u00e4mbr\u00e4dor med plats f\u00f6r alla dina smycken, s\u00e5 att du \u00e4ntligen kan f\u00f6rvara allt snyggt och prydligt utan att det trasslar ihop sig. Med magnetl\u00e5s h\u00e5ller det dina skatter s\u00e4kra. Det \u00e4r superenkelt att montera. Tack vare f\u00f6rb\u00e4ttrad f\u00f6rpackning \u00e4r sk\u00e5pet mycket v\u00e4l skyddat. Det finns en tr\u00e4skiva som skyddar spegeln, kantskydd, skumplast, styropor etc. s\u00e5 att inget kan h\u00e4nda under transporten. Med Songmics spegel- och smyckesk\u00e5p kommer du att ha gl\u00e4dje av ditt k\u00f6p i m\u00e5nga \u00e5r. Produktdetaljer: Produktm\u00e5tt: 35,5 x 153 x 35 cm (B x H x D) Spegelm\u00e5tt: 22,5 x 111 cm (B x H) Paketm\u00e5tt: 40 x 132,5 x 21,5 cm (B x H x D) Material: milj\u00f6v\u00e4nlig MDF (medeldensitetsfiberplatta) F\u00e4rg: vit Obs!- Spegeln \u00e4r \u00f6mt\u00e5lig, hantera den f\u00f6rsiktigt och skydda sk\u00e5pet fr\u00e5n att v\u00e4lta f\u00f6r att undvika att spegeln g\u00e5r s\u00f6nder. &#8211; Levereras utan dekoration. Leveransomfattning? &#8211; 1 x spegelsk\u00e5p (med skruvar och pluggar) &#8211; 1 x bruksanvisning (DE, FR, EN, ES, IT)<\/p>\n","protected":false},"excerpt":{"rendered":"<p>SONGMICS smyckesk\u00e5p och stativspegel tv\u00e5 i ett, imitationsl\u00e4der, vitt, 35,5 x 153 x 35 cm<\/p>\n","protected":false},"featured_media":40822,"comment_status":"open","ping_status":"closed","template":"","meta":[],"product_brand":[],"product_cat":[33],"product_tag":[],"class_list":{"0":"post-12598","1":"product","2":"type-product","3":"status-publish","4":"has-post-thumbnail","6":"product_cat-okategoriserad","8":"first","9":"instock","10":"shipping-taxable","11":"purchasable","12":"product-type-simple"},"_links":{"self":[{"href":"https:\/\/nordicmart.andreevmaster.com\/sv\/wp-json\/wp\/v2\/product\/12598","targetHints":{"allow":["GET"]}}],"collection":[{"href":"https:\/\/nordicmart.andreevmaster.com\/sv\/wp-json\/wp\/v2\/product"}],"about":[{"href":"https:\/\/nordicmart.andreevmaster.com\/sv\/wp-json\/wp\/v2\/types\/product"}],"replies":[{"embeddable":true,"href":"https:\/\/nordicmart.andreevmaster.com\/sv\/wp-json\/wp\/v2\/comments?post=12598"}],"wp:featuredmedia":[{"embeddable":true,"href":"https:\/\/nordicmart.andreevmaster.com\/sv\/wp-json\/wp\/v2\/media\/40822"}],"wp:attachment":[{"href":"https:\/\/nordicmart.andreevmaster.com\/sv\/wp-json\/wp\/v2\/media?parent=12598"}],"wp:term":[{"taxonomy":"product_brand","embeddable":true,"href":"https:\/\/nordicmart.andreevmaster.com\/sv\/wp-json\/wp\/v2\/product_brand?post=12598"},{"taxonomy":"product_cat","embeddable":true,"href":"https:\/\/nordicmart.andreevmaster.com\/sv\/wp-json\/wp\/v2\/product_cat?post=12598"},{"taxonomy":"product_tag","embeddable":true,"href":"https:\/\/nordicmart.andreevmaster.com\/sv\/wp-json\/wp\/v2\/product_tag?post=12598"}],"curies":[{"name":"wp","href":"https:\/\/api.w.org\/{rel}","templated":true}]}}