{"id":12597,"date":"2026-02-27T00:14:39","date_gmt":"2026-02-27T00:14:39","guid":{"rendered":"https:\/\/nordicmart.andreevmaster.com\/product\/songmics-smyckeskap-med-belysning\/"},"modified":"2026-02-27T08:08:38","modified_gmt":"2026-02-27T08:08:38","slug":"songmics-smyckeskap-med-belysning","status":"publish","type":"product","link":"https:\/\/nordicmart.andreevmaster.com\/sv\/produkt\/songmics-smyckeskap-med-belysning\/","title":{"rendered":"SONGMICS smyckesk\u00e5p med belysning"},"content":{"rendered":"<p>Din nya r\u00f6da kl\u00e4nning sitter som gjuten. Ta p\u00e5 dig dina h\u00f6gklackade skor och beundra din outfit i den stora, upplysta spegeln p\u00e5 detta uppseendev\u00e4ckande h\u00e4ngande sk\u00e5p. Ljusramen kan dimmas genom att r\u00f6ra vid spegeln. Om du vill kontrollera din sminkning rekommenderar vi dock att du v\u00e4ljer den ljusaste inst\u00e4llningen f\u00f6r ytterbelysningen.  V\u00e4nta! Det saknas n\u00e5got! Passande \u00f6rh\u00e4ngen och ett glittrande halsband kompletterar din styling. Lyckligtvis beh\u00f6ver du inte leta l\u00e4nge efter r\u00e4tt smycken, eftersom de ligger prydligt uppradade bakom d\u00f6rren till spegelsk\u00e5pet.  Smyckes\u00e4lskare kan f\u00f6rv\u00e4nta sig f\u00f6ljande f\u00f6rdelar: &#8211; Bred spegel utan ram f\u00f6r en st\u00f6rre spegelyta &#8211; Kan h\u00e4ngas p\u00e5 d\u00f6rrkarmen eller monteras p\u00e5 v\u00e4ggen &#8211; Dimbar ytterbelysning med touch-switch  &#8211; 3 smyckesst\u00e4nger i rostfritt st\u00e5l &#8211; 4 rader med vardera 16 platser f\u00f6r \u00f6rh\u00e4ngen (totalt 64) &#8211; 6 rader med vardera 13 platser f\u00f6r ringar (totalt 78)  &#8211; 3 rader med vardera 12 krokar f\u00f6r kedjor etc. (totalt 36) &#8211; 1 avtagbar rulle f\u00f6r armband och armringar &#8211; 4 hyllor f\u00f6r nagellack, parfym etc. &#8211; L\u00e5sbar  Produktdetaljer: &#8211; F\u00e4rg: Vit &#8211; Material: MDF (medeldensitetsfiberplatta) &#8211; Storlek: 37 x 10 x 108 cm (L x B x H) &#8211; Vikt: 10,5 kg  Leveransomfattning: &#8211; 1 x h\u00e4ngande smyckesk\u00e5p &#8211; 1 x beh\u00e5llare med tillbeh\u00f6r &#8211; 1 x bruksanvisning (DE, EN, FR, ES, IT)  SONGMICS Anm\u00e4rkningar:  &#8211; Var f\u00f6rsiktig n\u00e4r du ansluter adaptern till eln\u00e4tet. &#8211; Barn f\u00e5r inte ansluta adaptern till eln\u00e4tet. &#8211; H\u00e5ll barn borta fr\u00e5n alla tillbeh\u00f6r och f\u00f6rpackningsdelar under montering av denna produkt. Om dessa sv\u00e4ljs eller inandas kan det leda till livsfarliga situationer.<\/p>\n","protected":false},"excerpt":{"rendered":"<p>SONGMICS H\u00e4ngande smyckesk\u00e5p, v\u00e4ggsk\u00e5p med ljusram, spegelsk\u00e5p med ytterbelysning, helkroppsspegel, present, v\u00e4ggmontering, h\u00e4ngande p\u00e5 d\u00f6rren, dimbar, vit JBC66NL<\/p>\n","protected":false},"featured_media":40821,"comment_status":"open","ping_status":"closed","template":"","meta":[],"product_brand":[],"product_cat":[33],"product_tag":[],"class_list":{"0":"post-12597","1":"product","2":"type-product","3":"status-publish","4":"has-post-thumbnail","6":"product_cat-okategoriserad","8":"first","9":"instock","10":"shipping-taxable","11":"purchasable","12":"product-type-simple"},"_links":{"self":[{"href":"https:\/\/nordicmart.andreevmaster.com\/sv\/wp-json\/wp\/v2\/product\/12597","targetHints":{"allow":["GET"]}}],"collection":[{"href":"https:\/\/nordicmart.andreevmaster.com\/sv\/wp-json\/wp\/v2\/product"}],"about":[{"href":"https:\/\/nordicmart.andreevmaster.com\/sv\/wp-json\/wp\/v2\/types\/product"}],"replies":[{"embeddable":true,"href":"https:\/\/nordicmart.andreevmaster.com\/sv\/wp-json\/wp\/v2\/comments?post=12597"}],"wp:featuredmedia":[{"embeddable":true,"href":"https:\/\/nordicmart.andreevmaster.com\/sv\/wp-json\/wp\/v2\/media\/40821"}],"wp:attachment":[{"href":"https:\/\/nordicmart.andreevmaster.com\/sv\/wp-json\/wp\/v2\/media?parent=12597"}],"wp:term":[{"taxonomy":"product_brand","embeddable":true,"href":"https:\/\/nordicmart.andreevmaster.com\/sv\/wp-json\/wp\/v2\/product_brand?post=12597"},{"taxonomy":"product_cat","embeddable":true,"href":"https:\/\/nordicmart.andreevmaster.com\/sv\/wp-json\/wp\/v2\/product_cat?post=12597"},{"taxonomy":"product_tag","embeddable":true,"href":"https:\/\/nordicmart.andreevmaster.com\/sv\/wp-json\/wp\/v2\/product_tag?post=12597"}],"curies":[{"name":"wp","href":"https:\/\/api.w.org\/{rel}","templated":true}]}}