{"id":12596,"date":"2026-02-27T00:14:38","date_gmt":"2026-02-27T00:14:38","guid":{"rendered":"https:\/\/nordicmart.andreevmaster.com\/product\/songmics-smyckeskap-med-ramlos-spegeldorr\/"},"modified":"2026-02-27T08:08:38","modified_gmt":"2026-02-27T08:08:38","slug":"songmics-smyckeskap-med-ramlos-spegeldorr","status":"publish","type":"product","link":"https:\/\/nordicmart.andreevmaster.com\/sv\/produkt\/songmics-smyckeskap-med-ramlos-spegeldorr\/","title":{"rendered":"SONGMICS smyckesk\u00e5p med raml\u00f6s spegeld\u00f6rr"},"content":{"rendered":"<p>Om du letar efter en kl\u00e4dspegel med f\u00f6rvaringsm\u00f6jligheter \u00e4r Songmics spegel-, smink- och smyckesk\u00e5p ett bra val. Tillverkningen \u00e4r av h\u00f6g kvalitet och alla detaljer \u00e4r noggrant utarbetade. Fr\u00e5n design, struktur och tillverkning till f\u00f6rpackning och frakt st\u00e4ller vi h\u00f6ga krav p\u00e5 varje del f\u00f6r att uppfylla dina kvalitetskrav. Sj\u00e4lvh\u00e4ftande kardborreband medf\u00f6ljer, som kan f\u00e4stas p\u00e5 baksidan av sk\u00e5pet och p\u00e5 d\u00f6rren\/v\u00e4ggen f\u00f6r att f\u00f6rhindra att sk\u00e5pet svajar. Sk\u00e5pet erbjuder gott om utrymme och \u00e4ntligen kan allt f\u00f6rvaras snyggt utan att trassla ihop sig. De \u00f6nskade smyckena och sminkprodukterna \u00e4r l\u00e4tta att hitta medan du kl\u00e4r dig framf\u00f6r spegeln. Anvisningar: &#8211; Spegeln \u00e4r \u00f6mt\u00e5lig, hantera den f\u00f6rsiktigt f\u00f6r att undvika att den g\u00e5r s\u00f6nder. &#8211; Metallh\u00e4ngare f\u00f6r upph\u00e4ngning \u00e4r l\u00e4mpliga f\u00f6r d\u00f6rrar med en tjocklek p\u00e5 ca 4 cm och det \u00f6vre luftspalten mellan d\u00f6rrbladet och karmen b\u00f6r inte vara mindre \u00e4n 3 mm. &#8211; D\u00f6rren kan \u00f6ppnas ca 120\u00b0. Produktdetaljer: &#8211; F\u00e4rg: vit &#8211; Material: milj\u00f6v\u00e4nlig MDF-skiva &#8211; M\u00e5tt: 37 x 110 x 9,5 cm (B x H x D) &#8211; M\u00e5tt p\u00e5 yttre spegel: 36,5 x 110 cm (B x H) &#8211; M\u00e5tt p\u00e5 innerbackspegel: 34,5 x 20,5 cm (B x H) &#8211; M\u00e5tt p\u00e5 f\u00e4llbar innerhylla: 34 x 19 cm (B x D) Leveransomfattning:- 1 x spegel- och smyckesk\u00e5p &#8211; 2 x d\u00f6rrkrokar &#8211; 1 x beslagsp\u00e5se &#8211; 1 x kardborreband &#8211; 2 x nycklar &#8211; 1 x bruksanvisning (tyska, engelska, franska, italienska, spanska)<\/p>\n","protected":false},"excerpt":{"rendered":"<p>SONGMICS smyckesk\u00e5p extra bred spegel (raml\u00f6s spegeld\u00f6rr) D\u00f6rrmontering V\u00e4ggmontering med sminkbord Inre spegel l\u00e5sbar Vit JBC63WV1<\/p>\n","protected":false},"featured_media":40820,"comment_status":"open","ping_status":"closed","template":"","meta":[],"product_brand":[],"product_cat":[33],"product_tag":[],"class_list":{"0":"post-12596","1":"product","2":"type-product","3":"status-publish","4":"has-post-thumbnail","6":"product_cat-okategoriserad","8":"first","9":"instock","10":"shipping-taxable","11":"purchasable","12":"product-type-simple"},"_links":{"self":[{"href":"https:\/\/nordicmart.andreevmaster.com\/sv\/wp-json\/wp\/v2\/product\/12596","targetHints":{"allow":["GET"]}}],"collection":[{"href":"https:\/\/nordicmart.andreevmaster.com\/sv\/wp-json\/wp\/v2\/product"}],"about":[{"href":"https:\/\/nordicmart.andreevmaster.com\/sv\/wp-json\/wp\/v2\/types\/product"}],"replies":[{"embeddable":true,"href":"https:\/\/nordicmart.andreevmaster.com\/sv\/wp-json\/wp\/v2\/comments?post=12596"}],"wp:featuredmedia":[{"embeddable":true,"href":"https:\/\/nordicmart.andreevmaster.com\/sv\/wp-json\/wp\/v2\/media\/40820"}],"wp:attachment":[{"href":"https:\/\/nordicmart.andreevmaster.com\/sv\/wp-json\/wp\/v2\/media?parent=12596"}],"wp:term":[{"taxonomy":"product_brand","embeddable":true,"href":"https:\/\/nordicmart.andreevmaster.com\/sv\/wp-json\/wp\/v2\/product_brand?post=12596"},{"taxonomy":"product_cat","embeddable":true,"href":"https:\/\/nordicmart.andreevmaster.com\/sv\/wp-json\/wp\/v2\/product_cat?post=12596"},{"taxonomy":"product_tag","embeddable":true,"href":"https:\/\/nordicmart.andreevmaster.com\/sv\/wp-json\/wp\/v2\/product_tag?post=12596"}],"curies":[{"name":"wp","href":"https:\/\/api.w.org\/{rel}","templated":true}]}}