{"id":12595,"date":"2026-02-27T00:14:38","date_gmt":"2026-02-27T00:14:38","guid":{"rendered":"https:\/\/nordicmart.andreevmaster.com\/product\/smyckeskap-rammelost-ekstra-bredt-opbevaringsstativ-med-spejl-smykkearrangor-med-kroge-og-indbygget-spejl-makeup-aflaselig-jbc63wv1\/"},"modified":"2026-02-27T08:08:37","modified_gmt":"2026-02-27T08:08:37","slug":"smyckeskap-rammelost-ekstra-bredt-opbevaringsstativ-med-spejl-smykkearrangor-med-kroge-og-indbygget-spejl-makeup-aflaselig-jbc63wv1","status":"publish","type":"product","link":"https:\/\/nordicmart.andreevmaster.com\/sv\/produkt\/smyckeskap-rammelost-ekstra-bredt-opbevaringsstativ-med-spejl-smykkearrangor-med-kroge-og-indbygget-spejl-makeup-aflaselig-jbc63wv1\/","title":{"rendered":"Smyckesk\u00e5p, rammel\u00f8st ekstra bredt opbevaringsstativ med spejl, smykkearrang\u00f8r med kroge og indbygget spejl, makeup, afl\u00e5selig, JBC63WV1"},"content":{"rendered":"<p>DELIKAT UDSEENDE: Med spejld\u00f8ren i fuld st\u00f8rrelse ser dette skab delikat og elegant ud. Spejlet er helt glat, reflekterer perfekt og forvr\u00e6nger ikke billedet.<\/p>\n<p>NYTTIG DESIGN: Smyckesk\u00e5p, sminkspegel och f\u00f6rvaringshylla i ett, denna produkt \u00e4r praktisk att anv\u00e4nda. Utrustad med inbyggd spegel och byr\u00e5 \u00e4r detta sk\u00e5p praktiskt n\u00e4r du ska sminka dig och b\u00e4ra smycken. F\u00e4st med metallringar p\u00e5 b\u00e5da sidor, vilket \u00e4r praktiskt f\u00f6r f\u00f6rvaring av dina halsdukar.<\/p>\n<p>MILJ\u00d6V\u00c4NLIGA MATERIAL: Belagt med milj\u00f6v\u00e4nlig lack och tillverkat av E1-klassad standarddensitetsplatta \u00e4r detta f\u00f6rvaringssk\u00e5p giftfritt, icke-f\u00f6rorenande, rept\u00e5ligt, deformationsbest\u00e4ndigt och v\u00e4rmet\u00e5ligt.<\/p>\n<p>S\u00c4KERT ATT ANV\u00c4NDA: Med l\u00e5sverktyg och 2 nycklar kan detta sk\u00e5p l\u00e5sas, och du beh\u00f6ver inte oroa dig f\u00f6r dina v\u00e4rdesaker. Med d\u00f6rrmagneten kan d\u00f6rren st\u00e4ngas t\u00e4tt. Med rundade h\u00f6rn \u00e4r det s\u00e4kert att anv\u00e4nda.<\/p>\n<p>STOR F\u00d6RVARINGSKAPACITET: Fantastisk f\u00f6rvaringsplats med krokar och mellanl\u00e4gg (inkluderar 54 h\u00e5l f\u00f6r \u00f6rh\u00e4ngen, 18 h\u00e5l f\u00f6r \u00f6rh\u00e4ngen, 24 krokar f\u00f6r halsband, 60 h\u00e5l f\u00f6r ringar, 3 plastbeh\u00e5llare f\u00f6r pennor, 3 plastgaller, 3 hyllor, 4 fack och 1 scarfst\u00e4ll).. Om du letar efter ett sminkspegel med f\u00f6rvaringsm\u00f6jligheter \u00e4r Songmics spegel-, smink- och smyckesk\u00e5p det perfekta valet. Utf\u00f6randet \u00e4r av h\u00f6g kvalitet och alla detaljer \u00e4r genomt\u00e4nkta. Fr\u00e5n design, struktur, tillverkning till f\u00f6rpackning och frakt st\u00e4ller vi h\u00f6ga krav p\u00e5 varje enskild del f\u00f6r att uppfylla dina kvalitetskrav. Det medf\u00f6ljer sj\u00e4lvh\u00e4ftande kardborreband som du kan f\u00e4sta p\u00e5 baksidan av sk\u00e5pet och p\u00e5 d\u00f6rren\/v\u00e4ggen f\u00f6r att f\u00f6rhindra att sk\u00e5pet svajar. Sk\u00e5pet ger massor av plats, och \u00e4ntligen kan allt organiseras snyggt utan att det blir r\u00f6rigt. Det \u00e4r l\u00e4tt att hitta \u00f6nskade smycken och sminkprodukter n\u00e4r man tittar i spegeln och kl\u00e4r p\u00e5 sig. Anm\u00e4rkningar: &#8211; Spegeln \u00e4r \u00f6mt\u00e5lig, s\u00e5 hantera den f\u00f6rsiktigt s\u00e5 att den inte g\u00e5r s\u00f6nder.- Metallh\u00e4ngarna passar d\u00f6rrar med en tjocklek p\u00e5 ca. 4 cm, och det \u00f6vre luftspalten mellan d\u00f6rrbladet och karmen b\u00f6r inte vara mindre \u00e4n 3 mm. &#8211; D\u00f6rren kan \u00f6ppnas ca. 120\u00b0. Produktdetaljer: &#8211; F\u00e4rg: vit &#8211; Material: milj\u00f6v\u00e4nlig MDF-skiva &#8211; M\u00e5tt: 37 x 110 x 9,5 cm (B x H x D) &#8211; M\u00e5tt p\u00e5 yttre spegel: 36,5 x 110 cm (B x H) &#8211; M\u00e5tt p\u00e5 inre spegel: 34,5 x 20,5 cm (B x H) &#8211; M\u00e5tt p\u00e5 hopf\u00e4llbar inre hylla: 34 x 19 cm (B x D)Leveransomfattning:- 1 x spegel- och smyckesk\u00e5p- 2 x d\u00f6rrkrokar- 1 x p\u00e5se med beslag- 1 x kardborreband- 2 x nycklar- 1 x bruksanvisning (tyska, engelska, franska, italienska, spanska).<\/p>\n","protected":false},"excerpt":{"rendered":"<p>DELIKAT UDSEENDE: Med spejld\u00f8ren i fuld st\u00f8rrelse ser dette skab delikat og elegant ud. Spejlet er helt glat, reflekterer perfekt og forvr\u00e6nger ikke billedet. NYTTIG DESIGN: Smyckesk\u00e5p, sminkspegel och f\u00f6rvaringshylla i ett, denna produkt \u00e4r praktisk att anv\u00e4nda. Utrustad med inbyggd spegel och byr\u00e5 \u00e4r detta sk\u00e5p praktiskt n\u00e4r du ska sminka dig och b\u00e4ra [&hellip;]<\/p>\n","protected":false},"featured_media":0,"comment_status":"open","ping_status":"closed","template":"","meta":[],"product_brand":[],"product_cat":[33],"product_tag":[],"class_list":{"0":"post-12595","1":"product","2":"type-product","3":"status-publish","5":"product_cat-okategoriserad","7":"first","8":"instock","9":"shipping-taxable","10":"product-type-simple"},"_links":{"self":[{"href":"https:\/\/nordicmart.andreevmaster.com\/sv\/wp-json\/wp\/v2\/product\/12595","targetHints":{"allow":["GET"]}}],"collection":[{"href":"https:\/\/nordicmart.andreevmaster.com\/sv\/wp-json\/wp\/v2\/product"}],"about":[{"href":"https:\/\/nordicmart.andreevmaster.com\/sv\/wp-json\/wp\/v2\/types\/product"}],"replies":[{"embeddable":true,"href":"https:\/\/nordicmart.andreevmaster.com\/sv\/wp-json\/wp\/v2\/comments?post=12595"}],"wp:attachment":[{"href":"https:\/\/nordicmart.andreevmaster.com\/sv\/wp-json\/wp\/v2\/media?parent=12595"}],"wp:term":[{"taxonomy":"product_brand","embeddable":true,"href":"https:\/\/nordicmart.andreevmaster.com\/sv\/wp-json\/wp\/v2\/product_brand?post=12595"},{"taxonomy":"product_cat","embeddable":true,"href":"https:\/\/nordicmart.andreevmaster.com\/sv\/wp-json\/wp\/v2\/product_cat?post=12595"},{"taxonomy":"product_tag","embeddable":true,"href":"https:\/\/nordicmart.andreevmaster.com\/sv\/wp-json\/wp\/v2\/product_tag?post=12595"}],"curies":[{"name":"wp","href":"https:\/\/api.w.org\/{rel}","templated":true}]}}