{"id":12593,"date":"2026-02-27T00:14:38","date_gmt":"2026-02-27T00:14:38","guid":{"rendered":"https:\/\/nordicmart.andreevmaster.com\/product\/songmics-mobil-smyckeskap-vit\/"},"modified":"2026-02-27T08:08:37","modified_gmt":"2026-02-27T08:08:37","slug":"songmics-mobil-smyckeskap-vit","status":"publish","type":"product","link":"https:\/\/nordicmart.andreevmaster.com\/sv\/produkt\/songmics-mobil-smyckeskap-vit\/","title":{"rendered":"SONGMICS Mobil smyckesk\u00e5p Vit"},"content":{"rendered":"<p>Denna smyckesk\u00e5p f\u00f6rsk\u00f6nar ditt hem. Smyckesk\u00e5pet med stort f\u00f6rvaringsutrymme ger ditt hem en st\u00e4mningsfull touch. Bakom den eleganta garderobsspegeln finns ett stort innerutrymme d\u00e4r m\u00e5nga accessoarer kan f\u00f6rvaras. Det \u00e4r en idealisk present till din familj eller v\u00e4nner. Anm\u00e4rkningar:- Spegeln \u00e4r \u00f6mt\u00e5lig, hantera den f\u00f6rsiktigt och skydda sk\u00e5pet fr\u00e5n att v\u00e4lta f\u00f6r att undvika att spegeln g\u00e5r s\u00f6nder. &#8211; Batterierna till belysningen, AAA LR03, ing\u00e5r INTE i leveransen! &#8211; Om du inte anv\u00e4nder LED-belysningen p\u00e5 l\u00e4nge, ta ut batterierna. Produktdetaljer:- F\u00e4rg: vit &#8211; Material: milj\u00f6v\u00e4nlig MDF-skiva &#8211; M\u00e5tt: 45 x 156 x 45 cm (B x H x D) &#8211; M\u00e5tt sk\u00e5p: 37 x 126 x 9,5 cm (B x H x D) &#8211; M\u00e5tt l\u00e5da (inre, liten): 15,5 x 4 x 4 (B x H x D) &#8211; M\u00e5tt l\u00e5da (yttre, stor): 35,5 x 12,5 x 28,5 cm (B x H x D) &#8211; M\u00e5tt spegel: 27 x 111 cm (B x H)<\/p>\n","protected":false},"excerpt":{"rendered":"<p>SONGMICS smyckesk\u00e5p med hjul och LED-belysning, l\u00e5sbart, vitt JBC61W<\/p>\n","protected":false},"featured_media":40819,"comment_status":"open","ping_status":"closed","template":"","meta":[],"product_brand":[],"product_cat":[33],"product_tag":[],"class_list":{"0":"post-12593","1":"product","2":"type-product","3":"status-publish","4":"has-post-thumbnail","6":"product_cat-okategoriserad","8":"first","9":"instock","10":"shipping-taxable","11":"purchasable","12":"product-type-simple"},"_links":{"self":[{"href":"https:\/\/nordicmart.andreevmaster.com\/sv\/wp-json\/wp\/v2\/product\/12593","targetHints":{"allow":["GET"]}}],"collection":[{"href":"https:\/\/nordicmart.andreevmaster.com\/sv\/wp-json\/wp\/v2\/product"}],"about":[{"href":"https:\/\/nordicmart.andreevmaster.com\/sv\/wp-json\/wp\/v2\/types\/product"}],"replies":[{"embeddable":true,"href":"https:\/\/nordicmart.andreevmaster.com\/sv\/wp-json\/wp\/v2\/comments?post=12593"}],"wp:featuredmedia":[{"embeddable":true,"href":"https:\/\/nordicmart.andreevmaster.com\/sv\/wp-json\/wp\/v2\/media\/40819"}],"wp:attachment":[{"href":"https:\/\/nordicmart.andreevmaster.com\/sv\/wp-json\/wp\/v2\/media?parent=12593"}],"wp:term":[{"taxonomy":"product_brand","embeddable":true,"href":"https:\/\/nordicmart.andreevmaster.com\/sv\/wp-json\/wp\/v2\/product_brand?post=12593"},{"taxonomy":"product_cat","embeddable":true,"href":"https:\/\/nordicmart.andreevmaster.com\/sv\/wp-json\/wp\/v2\/product_cat?post=12593"},{"taxonomy":"product_tag","embeddable":true,"href":"https:\/\/nordicmart.andreevmaster.com\/sv\/wp-json\/wp\/v2\/product_tag?post=12593"}],"curies":[{"name":"wp","href":"https:\/\/api.w.org\/{rel}","templated":true}]}}