{"id":12592,"date":"2026-02-27T00:14:38","date_gmt":"2026-02-27T00:14:38","guid":{"rendered":"https:\/\/nordicmart.andreevmaster.com\/product\/songmics-stor-smyckesorganiserare-vit\/"},"modified":"2026-02-27T08:08:37","modified_gmt":"2026-02-27T08:08:37","slug":"songmics-stor-smyckesorganiserare-vit","status":"publish","type":"product","link":"https:\/\/nordicmart.andreevmaster.com\/sv\/produkt\/songmics-stor-smyckesorganiserare-vit\/","title":{"rendered":"SONGMICS Stor smyckesorganiserare Vit"},"content":{"rendered":"<p>Songmics smyckeskrin i tr\u00e4 med fin finish \u00e4r ett riktigt hantverk som \u00e4r en oumb\u00e4rlig present till f\u00f6delsedagen, julen, andra tillf\u00e4llen och \u00e4ven till dig sj\u00e4lv. Samtidigt som det erbjuder stort f\u00f6rvaringsutrymme f\u00f6r dina smycken tar detta smyckeskrin bara lite plats.Produktdetaljer: M\u00e5tt: 34 x 29,5 x 16 cm (B x H x D) M\u00e5tt p\u00e5 spegeln i locket: 24 x 11 cm M\u00e5tt p\u00e5 1:a niv\u00e5n: 12,5 x 4,2 x 13,5 cm (B x H x D) M\u00e5tt p\u00e5 l\u00e5dan (4 x ): 11 x 4,2 x 12 cm (B x H x D) F\u00e4rg: vit Material: akryl, MDF-skiva, sammet Leveransomfattning: 1 x smyckeskrin Obs: Anv\u00e4nd f\u00f6rsiktigt f\u00f6r att undvika st\u00f6tar eller repor p\u00e5 produkten.<\/p>\n","protected":false},"excerpt":{"rendered":"<p>SONGMICS Smyckeskrin Smyckeskrin stort i tr\u00e4 med d\u00f6rr i transparent akryl, 4 l\u00e5dor, vitt lanthus, JBC57W<\/p>\n","protected":false},"featured_media":40818,"comment_status":"open","ping_status":"closed","template":"","meta":[],"product_brand":[],"product_cat":[33],"product_tag":[],"class_list":{"0":"post-12592","1":"product","2":"type-product","3":"status-publish","4":"has-post-thumbnail","6":"product_cat-okategoriserad","8":"first","9":"instock","10":"shipping-taxable","11":"purchasable","12":"product-type-simple"},"_links":{"self":[{"href":"https:\/\/nordicmart.andreevmaster.com\/sv\/wp-json\/wp\/v2\/product\/12592","targetHints":{"allow":["GET"]}}],"collection":[{"href":"https:\/\/nordicmart.andreevmaster.com\/sv\/wp-json\/wp\/v2\/product"}],"about":[{"href":"https:\/\/nordicmart.andreevmaster.com\/sv\/wp-json\/wp\/v2\/types\/product"}],"replies":[{"embeddable":true,"href":"https:\/\/nordicmart.andreevmaster.com\/sv\/wp-json\/wp\/v2\/comments?post=12592"}],"wp:featuredmedia":[{"embeddable":true,"href":"https:\/\/nordicmart.andreevmaster.com\/sv\/wp-json\/wp\/v2\/media\/40818"}],"wp:attachment":[{"href":"https:\/\/nordicmart.andreevmaster.com\/sv\/wp-json\/wp\/v2\/media?parent=12592"}],"wp:term":[{"taxonomy":"product_brand","embeddable":true,"href":"https:\/\/nordicmart.andreevmaster.com\/sv\/wp-json\/wp\/v2\/product_brand?post=12592"},{"taxonomy":"product_cat","embeddable":true,"href":"https:\/\/nordicmart.andreevmaster.com\/sv\/wp-json\/wp\/v2\/product_cat?post=12592"},{"taxonomy":"product_tag","embeddable":true,"href":"https:\/\/nordicmart.andreevmaster.com\/sv\/wp-json\/wp\/v2\/product_tag?post=12592"}],"curies":[{"name":"wp","href":"https:\/\/api.w.org\/{rel}","templated":true}]}}