{"id":12591,"date":"2026-02-27T00:14:37","date_gmt":"2026-02-27T00:14:37","guid":{"rendered":"https:\/\/nordicmart.andreevmaster.com\/product\/songmics-smyckeskrin-kleeblatt-morkbrunt\/"},"modified":"2026-02-27T08:08:37","modified_gmt":"2026-02-27T08:08:37","slug":"songmics-smyckeskrin-kleeblatt-morkbrunt","status":"publish","type":"product","link":"https:\/\/nordicmart.andreevmaster.com\/sv\/produkt\/songmics-smyckeskrin-kleeblatt-morkbrunt\/","title":{"rendered":"SONGMICS smyckeskrin \u201dKleeblatt\u201d m\u00f6rkbrunt"},"content":{"rendered":"<p>En vacker, elegant och dubbel funktionell f\u00f6rvaringshylla \u2013 ett riktigt blickf\u00e5ng i alla moderna hem! Den eleganta f\u00f6rvaringshyllan \u00f6vertygar inte bara med sin eleganta design, utan ocks\u00e5 med sin funktionalitet. Produktdetaljer: &#8211; M\u00e5tt: 31,5 x 26,5 x 19,5 cm &#8211; F\u00e4rg: m\u00f6rkbrun &#8211; Material: MDF-skiva + sammet &#8211; P\u00e5 den f\u00f6rsta niv\u00e5n finns 12 fack (vardera 4,5 x 4,5 cm) och en insats (15,5 x 7,5 cm) f\u00f6r ringar, s\u00e5 att du kan sortera dina \u00f6rh\u00e4ngen, broscher och ringar. &#8211; Den andra niv\u00e5n \u00e4r indelad i 12 lika stora fack (6 x 5 cm vardera). Den tredje och fj\u00e4rde niv\u00e5n \u00e4r indelade i 4 respektive 2 fack (13 x 7,5 cm och 15,5 x 13 cm vardera). &#8211; Den femte och sj\u00e4tte niv\u00e5n \u00e4r vardera en stor l\u00e5da utan indelning. &#8211; S\u00e5 m\u00e5nga fack i olika storlekar motsvarar f\u00f6rvaringsbehovet f\u00f6r dina olika favoritf\u00f6rem\u00e5l. Verkligen perfekt f\u00f6r f\u00f6rvaring av klockor, halsband, \u00f6rh\u00e4ngen och mycket mer. Ett m\u00e5ste f\u00f6r alla smyckes\u00e4lskare och perfekt som f\u00f6delsedags- och julklapp! Leveransomfattning: &#8211; 1 x smyckeskrin<\/p>\n","protected":false},"excerpt":{"rendered":"<p>SONGMICS smyckeskrin, smyckeskrin, smyckesl\u00e5da, 5 l\u00e5dor, kl\u00f6verbladm\u00f6nster, blommor, blommigt, MDF, tr\u00e4optik, m\u00f6rkbrun JBC56W<\/p>\n","protected":false},"featured_media":40817,"comment_status":"open","ping_status":"closed","template":"","meta":[],"product_brand":[],"product_cat":[33],"product_tag":[],"class_list":{"0":"post-12591","1":"product","2":"type-product","3":"status-publish","4":"has-post-thumbnail","6":"product_cat-okategoriserad","8":"first","9":"instock","10":"shipping-taxable","11":"purchasable","12":"product-type-simple"},"_links":{"self":[{"href":"https:\/\/nordicmart.andreevmaster.com\/sv\/wp-json\/wp\/v2\/product\/12591","targetHints":{"allow":["GET"]}}],"collection":[{"href":"https:\/\/nordicmart.andreevmaster.com\/sv\/wp-json\/wp\/v2\/product"}],"about":[{"href":"https:\/\/nordicmart.andreevmaster.com\/sv\/wp-json\/wp\/v2\/types\/product"}],"replies":[{"embeddable":true,"href":"https:\/\/nordicmart.andreevmaster.com\/sv\/wp-json\/wp\/v2\/comments?post=12591"}],"wp:featuredmedia":[{"embeddable":true,"href":"https:\/\/nordicmart.andreevmaster.com\/sv\/wp-json\/wp\/v2\/media\/40817"}],"wp:attachment":[{"href":"https:\/\/nordicmart.andreevmaster.com\/sv\/wp-json\/wp\/v2\/media?parent=12591"}],"wp:term":[{"taxonomy":"product_brand","embeddable":true,"href":"https:\/\/nordicmart.andreevmaster.com\/sv\/wp-json\/wp\/v2\/product_brand?post=12591"},{"taxonomy":"product_cat","embeddable":true,"href":"https:\/\/nordicmart.andreevmaster.com\/sv\/wp-json\/wp\/v2\/product_cat?post=12591"},{"taxonomy":"product_tag","embeddable":true,"href":"https:\/\/nordicmart.andreevmaster.com\/sv\/wp-json\/wp\/v2\/product_tag?post=12591"}],"curies":[{"name":"wp","href":"https:\/\/api.w.org\/{rel}","templated":true}]}}