{"id":12590,"date":"2026-02-27T00:14:37","date_gmt":"2026-02-27T00:14:37","guid":{"rendered":"https:\/\/nordicmart.andreevmaster.com\/product\/songmics-smyckeskap-kleeblatt-vitt\/"},"modified":"2026-02-27T08:08:37","modified_gmt":"2026-02-27T08:08:37","slug":"songmics-smyckeskap-kleeblatt-vitt","status":"publish","type":"product","link":"https:\/\/nordicmart.andreevmaster.com\/sv\/produkt\/songmics-smyckeskap-kleeblatt-vitt\/","title":{"rendered":"SONGMICS smyckesk\u00e5p \u201dKleeblatt\u201d vitt"},"content":{"rendered":"<p>Produktdetaljer: M\u00e5tt: 31,5 x 26,5 x 19,5 cm (B x H x D) Vikt: 3,9 kg P\u00e5 den f\u00f6rsta niv\u00e5n finns 12 fack (vardera 4,5 x 4,5 cm) och en insats (15,5 x 7,5 cm) f\u00f6r ringar. Den andra niv\u00e5n \u00e4r indelad i 12 lika stora fack (vardera 6 x 5 cm).Den tredje och fj\u00e4rde niv\u00e5n \u00e4r indelade i 4 respektive 2 fack (13 x 7,5 cm respektive 15,5 x 13 cm). Leveransomfattning: 1 x smyckeskrin<\/p>\n","protected":false},"excerpt":{"rendered":"<p>SONGMICS smyckeskrin, smyckeskrin, smyckesbox, 5 l\u00e5dor, kl\u00f6verbladm\u00f6nster, blommor, blommigt, MDF, tr\u00e4optik, vit JBC55W<\/p>\n","protected":false},"featured_media":40816,"comment_status":"open","ping_status":"closed","template":"","meta":[],"product_brand":[],"product_cat":[33],"product_tag":[],"class_list":{"0":"post-12590","1":"product","2":"type-product","3":"status-publish","4":"has-post-thumbnail","6":"product_cat-okategoriserad","8":"first","9":"instock","10":"shipping-taxable","11":"purchasable","12":"product-type-simple"},"_links":{"self":[{"href":"https:\/\/nordicmart.andreevmaster.com\/sv\/wp-json\/wp\/v2\/product\/12590","targetHints":{"allow":["GET"]}}],"collection":[{"href":"https:\/\/nordicmart.andreevmaster.com\/sv\/wp-json\/wp\/v2\/product"}],"about":[{"href":"https:\/\/nordicmart.andreevmaster.com\/sv\/wp-json\/wp\/v2\/types\/product"}],"replies":[{"embeddable":true,"href":"https:\/\/nordicmart.andreevmaster.com\/sv\/wp-json\/wp\/v2\/comments?post=12590"}],"wp:featuredmedia":[{"embeddable":true,"href":"https:\/\/nordicmart.andreevmaster.com\/sv\/wp-json\/wp\/v2\/media\/40816"}],"wp:attachment":[{"href":"https:\/\/nordicmart.andreevmaster.com\/sv\/wp-json\/wp\/v2\/media?parent=12590"}],"wp:term":[{"taxonomy":"product_brand","embeddable":true,"href":"https:\/\/nordicmart.andreevmaster.com\/sv\/wp-json\/wp\/v2\/product_brand?post=12590"},{"taxonomy":"product_cat","embeddable":true,"href":"https:\/\/nordicmart.andreevmaster.com\/sv\/wp-json\/wp\/v2\/product_cat?post=12590"},{"taxonomy":"product_tag","embeddable":true,"href":"https:\/\/nordicmart.andreevmaster.com\/sv\/wp-json\/wp\/v2\/product_tag?post=12590"}],"curies":[{"name":"wp","href":"https:\/\/api.w.org\/{rel}","templated":true}]}}