{"id":12589,"date":"2026-02-27T00:14:37","date_gmt":"2026-02-27T00:14:37","guid":{"rendered":"https:\/\/nordicmart.andreevmaster.com\/product\/songmics-smyckeskrin-i-traoptik\/"},"modified":"2026-02-27T08:08:36","modified_gmt":"2026-02-27T08:08:36","slug":"songmics-smyckeskrin-i-traoptik","status":"publish","type":"product","link":"https:\/\/nordicmart.andreevmaster.com\/sv\/produkt\/songmics-smyckeskrin-i-traoptik\/","title":{"rendered":"SONGMICS smyckeskrin i tr\u00e4optik"},"content":{"rendered":"<p>\u00d6verfl\u00f6dar dina favoritsmycken redan ur ditt smyckeskrin? Ers\u00e4tt helt enkelt din gamla l\u00e5da med detta st\u00f6rre smyckeskrin och f\u00f6rvara alla dina smycken v\u00e4l organiserade. Inget mer letande i r\u00f6riga l\u00e5dor efter r\u00e4tt smycke! Nu hittar du alla dina smycken p\u00e5 ett \u00f6gonblick. V\u00e4l skyddade fr\u00e5n snabba barnh\u00e4nder: Du skulle s\u00e4kert inte bli glad om du kom hem fr\u00e5n jobbet och hittade dina smycken hoptrasslade och smutsiga i barnrummet. Dessutom kan det h\u00e4nda igen redan imorgon! Ingen fara! Denna l\u00e5sbara smyckeskrin h\u00e5ller dina v\u00e4rdesaker utom r\u00e4ckh\u00e5ll f\u00f6r barn. En spegel f\u00e5r inte saknas: N\u00e4r du provar smycken \u00e4r det ett m\u00e5ste att titta i spegeln. Med denna speglade smyckeskrin fr\u00e5n SONGMICS kan du s\u00e4ga adj\u00f6 till dagarna d\u00e5 du var tvungen att springa fram och tillbaka mellan toalettbordet och badrummet. Tveka inte l\u00e4ngre och skaffa denna smyckeskrin till ditt hem! Produktdetaljer: F\u00e4rg: vit Material: MDF, sammet, glas Produktstorlek: 31 x 21 x 27,2 cm (B x D x H) Produktvikt: 4,7 kg Leveransomfattning: 1 x smyckeskrin<\/p>\n","protected":false},"excerpt":{"rendered":"<p>SONGMICS smyckeskrin i tr\u00e4optik, l\u00e5sbar smyckesorganiserare, smyckeskrin med spegel p\u00e5 locket, halsbandskrokar, 4 l\u00e5dor, f\u00f6r halsband, ringar, \u00f6rh\u00e4ngen, vit JBC52WV1<\/p>\n","protected":false},"featured_media":0,"comment_status":"open","ping_status":"closed","template":"","meta":[],"product_brand":[],"product_cat":[33],"product_tag":[],"class_list":{"0":"post-12589","1":"product","2":"type-product","3":"status-publish","5":"product_cat-okategoriserad","7":"first","8":"instock","9":"shipping-taxable","10":"purchasable","11":"product-type-simple"},"_links":{"self":[{"href":"https:\/\/nordicmart.andreevmaster.com\/sv\/wp-json\/wp\/v2\/product\/12589","targetHints":{"allow":["GET"]}}],"collection":[{"href":"https:\/\/nordicmart.andreevmaster.com\/sv\/wp-json\/wp\/v2\/product"}],"about":[{"href":"https:\/\/nordicmart.andreevmaster.com\/sv\/wp-json\/wp\/v2\/types\/product"}],"replies":[{"embeddable":true,"href":"https:\/\/nordicmart.andreevmaster.com\/sv\/wp-json\/wp\/v2\/comments?post=12589"}],"wp:attachment":[{"href":"https:\/\/nordicmart.andreevmaster.com\/sv\/wp-json\/wp\/v2\/media?parent=12589"}],"wp:term":[{"taxonomy":"product_brand","embeddable":true,"href":"https:\/\/nordicmart.andreevmaster.com\/sv\/wp-json\/wp\/v2\/product_brand?post=12589"},{"taxonomy":"product_cat","embeddable":true,"href":"https:\/\/nordicmart.andreevmaster.com\/sv\/wp-json\/wp\/v2\/product_cat?post=12589"},{"taxonomy":"product_tag","embeddable":true,"href":"https:\/\/nordicmart.andreevmaster.com\/sv\/wp-json\/wp\/v2\/product_tag?post=12589"}],"curies":[{"name":"wp","href":"https:\/\/api.w.org\/{rel}","templated":true}]}}