{"id":12588,"date":"2026-02-27T00:14:37","date_gmt":"2026-02-27T00:14:37","guid":{"rendered":"https:\/\/nordicmart.andreevmaster.com\/product\/smyckeskrin-i-tralook\/"},"modified":"2026-02-27T08:08:36","modified_gmt":"2026-02-27T08:08:36","slug":"smyckeskrin-i-tralook","status":"publish","type":"product","link":"https:\/\/nordicmart.andreevmaster.com\/sv\/produkt\/smyckeskrin-i-tralook\/","title":{"rendered":"Smyckeskrin i tr\u00e4look"},"content":{"rendered":"<p>H\u00e5ller dina favoritsmycken p\u00e5 att flyta ut ur ditt smyckeskrin? Byt bara ut ditt gamla smyckeskrin mot detta st\u00f6rre smyckeskrin och h\u00e5ll ordning p\u00e5 alla dina smycken. Nu beh\u00f6ver du inte l\u00e4ngre rota runt i r\u00f6riga l\u00e5dor f\u00f6r att hitta r\u00e4tt smycke! Nu kan du hitta alla dina smycken p\u00e5 ett \u00f6gonblick, v\u00e4l skyddade fr\u00e5n nyfikna barnh\u00e4nder: Du skulle s\u00e4kert inte bli glad om du kom hem fr\u00e5n jobbet och hittade dina smycken skrynkliga och smutsiga i barnrummet. Och det kan ju h\u00e4nda igen imorgon! Men var inte orolig! Detta l\u00e5sbara smyckeskrin h\u00e5ller dina v\u00e4rdesaker utom r\u00e4ckh\u00e5ll f\u00f6r barnens h\u00e4nder, och ett spegel \u00e4r ett m\u00e5ste: N\u00e4r du provar smycken \u00e4r det ett m\u00e5ste att titta i spegeln. Med detta SONGMICS smyckeskrin med spegel kan du s\u00e4ga adj\u00f6 till de dagar d\u00e5 du var tvungen att springa fram och tillbaka mellan toalettbordet och badrummet. Tveka inte l\u00e4ngre, k\u00f6p detta smyckeskrin till ditt hem! Produktdetaljer: F\u00e4rg: vit Material: MDF, sammet, glas Produktstorlek: 31 x 21 x 27,2 cm (B x D x H) Produktvikt: 4,7 kg Leveransomfattning: 1 x smyckeskrin<\/p>\n","protected":false},"excerpt":{"rendered":"<p>H\u00e5ller dina favoritsmycken p\u00e5 att flyta ut ur ditt smyckeskrin? Byt bara ut ditt gamla smyckeskrin mot detta st\u00f6rre smyckeskrin och h\u00e5ll ordning p\u00e5 alla dina smycken. Nu beh\u00f6ver du inte l\u00e4ngre rota runt i r\u00f6riga l\u00e5dor f\u00f6r att hitta r\u00e4tt smycke! Nu kan du hitta alla dina smycken p\u00e5 ett \u00f6gonblick, v\u00e4l skyddade fr\u00e5n [&hellip;]<\/p>\n","protected":false},"featured_media":0,"comment_status":"open","ping_status":"closed","template":"","meta":[],"product_brand":[],"product_cat":[33],"product_tag":[],"class_list":{"0":"post-12588","1":"product","2":"type-product","3":"status-publish","5":"product_cat-okategoriserad","7":"first","8":"instock","9":"shipping-taxable","10":"product-type-simple"},"_links":{"self":[{"href":"https:\/\/nordicmart.andreevmaster.com\/sv\/wp-json\/wp\/v2\/product\/12588","targetHints":{"allow":["GET"]}}],"collection":[{"href":"https:\/\/nordicmart.andreevmaster.com\/sv\/wp-json\/wp\/v2\/product"}],"about":[{"href":"https:\/\/nordicmart.andreevmaster.com\/sv\/wp-json\/wp\/v2\/types\/product"}],"replies":[{"embeddable":true,"href":"https:\/\/nordicmart.andreevmaster.com\/sv\/wp-json\/wp\/v2\/comments?post=12588"}],"wp:attachment":[{"href":"https:\/\/nordicmart.andreevmaster.com\/sv\/wp-json\/wp\/v2\/media?parent=12588"}],"wp:term":[{"taxonomy":"product_brand","embeddable":true,"href":"https:\/\/nordicmart.andreevmaster.com\/sv\/wp-json\/wp\/v2\/product_brand?post=12588"},{"taxonomy":"product_cat","embeddable":true,"href":"https:\/\/nordicmart.andreevmaster.com\/sv\/wp-json\/wp\/v2\/product_cat?post=12588"},{"taxonomy":"product_tag","embeddable":true,"href":"https:\/\/nordicmart.andreevmaster.com\/sv\/wp-json\/wp\/v2\/product_tag?post=12588"}],"curies":[{"name":"wp","href":"https:\/\/api.w.org\/{rel}","templated":true}]}}