{"id":12586,"date":"2026-02-27T00:14:36","date_gmt":"2026-02-27T00:14:36","guid":{"rendered":"https:\/\/nordicmart.andreevmaster.com\/product\/songmics-forsta-hjalpen-vaska-lang-och-stor\/"},"modified":"2026-02-27T08:08:36","modified_gmt":"2026-02-27T08:08:36","slug":"songmics-forsta-hjalpen-vaska-lang-och-stor","status":"publish","type":"product","link":"https:\/\/nordicmart.andreevmaster.com\/sv\/produkt\/songmics-forsta-hjalpen-vaska-lang-och-stor\/","title":{"rendered":"SONGMICS F\u00f6rsta hj\u00e4lpen-v\u00e4ska, l\u00e5ng och stor"},"content":{"rendered":"<p>Beskrivning\uff1a Denna trendiga medicinv\u00e4ska \u00e4r slagt\u00e5lig och okrossbar och h\u00e5ller din medicinsk\u00e5p alltid till hands. Med sitt eleganta och i\u00f6gonfallande utseende \u00e4r den ett riktigt blickf\u00e5ng! Den rymliga f\u00f6rsta hj\u00e4lpen-v\u00e4skan erbjuder gott om plats tack vare tv\u00e5 niv\u00e5er och flera fack p\u00e5 den f\u00f6rsta niv\u00e5n. Den rymmer en m\u00e4ngd olika produkter f\u00f6r s\u00e5rv\u00e5rd (f\u00f6rband, kompresser, pl\u00e5ster) och vanliga mediciner. Allt h\u00e5lls i ordning och \u00e4r alltid till hands. Med ett l\u00e5s och 2 nycklar kan mediciner f\u00f6rvaras s\u00e4kert och utom r\u00e4ckh\u00e5ll f\u00f6r obeh\u00f6riga och barn. Tack vare det bekv\u00e4ma b\u00e4rhandtaget och b\u00e4rremmen \u00e4r medicinsk\u00e5pet l\u00e4tt att b\u00e4ra.  Anvisningar: 1. Innan du st\u00e4nger m\u00e5ste du rikta in sp\u00e5ret p\u00e5 fj\u00e4dern p\u00e5 kanten av v\u00e4skan korrekt. 2. Det avtagbara facket \u00e4r endast l\u00e4mpligt f\u00f6r f\u00f6rem\u00e5l med en h\u00f6jd p\u00e5 mindre \u00e4n 4,5 cm.  Produktdetaljer: Material: silverf\u00e4rgad list av aluminiumlegering + silverf\u00e4rgad kornig yta av ABS + medeldensitetsfiberplatta (MDF) Handtag: f\u00f6rkromat handtag av ABS Inre utrymme: Sammet i gr\u00e5tt F\u00e4rg: silverf\u00e4rgad M\u00e5tt: M\u00e5tt p\u00e5 kofferten: 40 x 22,5 x 20,5 cm (B x H x D) Avtagbart fack: 23,5 x 4,5 x 8 cm (B x H x D) 2 rektangul\u00e4ra fack: 14 x 4,5 x 16,4 cm (B x H x D) Fyrkantigt fack: 14 x 16,4 x 4,5 cm (B x H x D) Leveransomfattning: 1 x medicinv\u00e4ska 1 x b\u00e4rrem 2 x nycklar<\/p>\n","protected":false},"excerpt":{"rendered":"<p>SONGMICS F\u00f6rbandsl\u00e5da tom, l\u00e5da med 2 lager av aluminium 40 x 20,5 x 22,5 cm JBC36S<\/p>\n","protected":false},"featured_media":40814,"comment_status":"open","ping_status":"closed","template":"","meta":[],"product_brand":[],"product_cat":[33],"product_tag":[],"class_list":{"0":"post-12586","1":"product","2":"type-product","3":"status-publish","4":"has-post-thumbnail","6":"product_cat-okategoriserad","8":"first","9":"instock","10":"shipping-taxable","11":"purchasable","12":"product-type-simple"},"_links":{"self":[{"href":"https:\/\/nordicmart.andreevmaster.com\/sv\/wp-json\/wp\/v2\/product\/12586","targetHints":{"allow":["GET"]}}],"collection":[{"href":"https:\/\/nordicmart.andreevmaster.com\/sv\/wp-json\/wp\/v2\/product"}],"about":[{"href":"https:\/\/nordicmart.andreevmaster.com\/sv\/wp-json\/wp\/v2\/types\/product"}],"replies":[{"embeddable":true,"href":"https:\/\/nordicmart.andreevmaster.com\/sv\/wp-json\/wp\/v2\/comments?post=12586"}],"wp:featuredmedia":[{"embeddable":true,"href":"https:\/\/nordicmart.andreevmaster.com\/sv\/wp-json\/wp\/v2\/media\/40814"}],"wp:attachment":[{"href":"https:\/\/nordicmart.andreevmaster.com\/sv\/wp-json\/wp\/v2\/media?parent=12586"}],"wp:term":[{"taxonomy":"product_brand","embeddable":true,"href":"https:\/\/nordicmart.andreevmaster.com\/sv\/wp-json\/wp\/v2\/product_brand?post=12586"},{"taxonomy":"product_cat","embeddable":true,"href":"https:\/\/nordicmart.andreevmaster.com\/sv\/wp-json\/wp\/v2\/product_cat?post=12586"},{"taxonomy":"product_tag","embeddable":true,"href":"https:\/\/nordicmart.andreevmaster.com\/sv\/wp-json\/wp\/v2\/product_tag?post=12586"}],"curies":[{"name":"wp","href":"https:\/\/api.w.org\/{rel}","templated":true}]}}