{"id":12585,"date":"2026-02-27T00:14:36","date_gmt":"2026-02-27T00:14:36","guid":{"rendered":"https:\/\/nordicmart.andreevmaster.com\/product\/songmics-forsta-hjalpen-vaska-stor\/"},"modified":"2026-02-27T08:08:36","modified_gmt":"2026-02-27T08:08:36","slug":"songmics-forsta-hjalpen-vaska-stor","status":"publish","type":"product","link":"https:\/\/nordicmart.andreevmaster.com\/sv\/produkt\/songmics-forsta-hjalpen-vaska-stor\/","title":{"rendered":"SONGMICS F\u00f6rsta hj\u00e4lpen-v\u00e4ska, stor"},"content":{"rendered":"<p>Denna trendiga medicinv\u00e4ska \u00e4r slagt\u00e5lig och okrossbar och h\u00e5ller din medicinsk\u00e5p alltid till hands. Med sitt eleganta och i\u00f6gonfallande utseende \u00e4r den ett riktigt blickf\u00e5ng! Den rymliga f\u00f6rsta hj\u00e4lpen-v\u00e4skan erbjuder gott om plats tack vare 2 niv\u00e5er och fickorna och f\u00e4stbanden i locket. Den rymmer en m\u00e4ngd olika produkter f\u00f6r s\u00e5rv\u00e5rd (f\u00f6rband, kompresser, pl\u00e5ster) och vanliga mediciner. Allt f\u00f6rblir ordnat och \u00e4r alltid till hands. Med ett l\u00e5s och 2 nycklar kan mediciner f\u00f6rvaras s\u00e4kert och utom r\u00e4ckh\u00e5ll f\u00f6r obeh\u00f6riga och barn. Tack vare det bekv\u00e4ma b\u00e4rhandtaget och b\u00e4rremmen \u00e4r medicinsk\u00e5pet l\u00e4tt att b\u00e4ra. Anvisningar: &#8211; Innan du st\u00e4nger m\u00e5ste du rikta in sp\u00e5ret p\u00e5 fj\u00e4dern p\u00e5 kanten av v\u00e4skan. &#8211; Det avtagbara facket \u00e4r endast l\u00e4mpligt f\u00f6r f\u00f6rem\u00e5l med en h\u00f6jd p\u00e5 mindre \u00e4n 5 cm. &#8211; Innan du best\u00e4ller, v\u00e4nligen notera m\u00e5tten p\u00e5 l\u00e5dan. Produktdetaljer: &#8211; Material: &#8211; Ram: MDF-skiva + silverf\u00e4rgade aluminiumlister &#8211; Bekl\u00e4dnad: silverf\u00e4rgat ABS med r\u00e4fflad yta &#8211; Innerfoder: gr\u00e5tt sammet &#8211; Handtag: f\u00f6rkromad ABS-plast &#8211; Totala m\u00e5tt: 35 x 23 x 20,5 cm (B x H x D) &#8211; Lock: &#8211; L\u00e4ngd p\u00e5 h\u00e5llband (2 x): 28 cm &#8211; M\u00e5tt p\u00e5 ficka (2 x): 15 x 7,5 cm &#8211; M\u00e5tt p\u00e5 avtagbar hylla: 33 x 3,5 x 17 cm (B x H x D) &#8211; M\u00e5tt 1:a fack (1 x) : 10,2 x 3 x 6,2 cm (B x H x D) &#8211; M\u00e5tt 2:a fack (3 x) : 11 x 3 x 6,5 cm (B x H x D) &#8211; M\u00e5tt 3:e fack (1 x) : 21 x 3 x 5 cm (B x H x D) &#8211; M\u00e5tt underfack: 33,5 x (14 + 3,5) x 19 cm (B x H x D) Leveransomfattning:- 1 x medicinv\u00e4ska &#8211; 1 x b\u00e4rrem &#8211; 2 x nycklar<\/p>\n","protected":false},"excerpt":{"rendered":"<p>SONGMICS JBC362S F\u00f6rsta hj\u00e4lpen-v\u00e4ska Medicinl\u00e5da med b\u00e4rhandtag Aluminiumlister ABS silverf\u00e4rgad<\/p>\n","protected":false},"featured_media":40813,"comment_status":"open","ping_status":"closed","template":"","meta":[],"product_brand":[],"product_cat":[33],"product_tag":[],"class_list":{"0":"post-12585","1":"product","2":"type-product","3":"status-publish","4":"has-post-thumbnail","6":"product_cat-okategoriserad","8":"first","9":"instock","10":"shipping-taxable","11":"purchasable","12":"product-type-simple"},"_links":{"self":[{"href":"https:\/\/nordicmart.andreevmaster.com\/sv\/wp-json\/wp\/v2\/product\/12585","targetHints":{"allow":["GET"]}}],"collection":[{"href":"https:\/\/nordicmart.andreevmaster.com\/sv\/wp-json\/wp\/v2\/product"}],"about":[{"href":"https:\/\/nordicmart.andreevmaster.com\/sv\/wp-json\/wp\/v2\/types\/product"}],"replies":[{"embeddable":true,"href":"https:\/\/nordicmart.andreevmaster.com\/sv\/wp-json\/wp\/v2\/comments?post=12585"}],"wp:featuredmedia":[{"embeddable":true,"href":"https:\/\/nordicmart.andreevmaster.com\/sv\/wp-json\/wp\/v2\/media\/40813"}],"wp:attachment":[{"href":"https:\/\/nordicmart.andreevmaster.com\/sv\/wp-json\/wp\/v2\/media?parent=12585"}],"wp:term":[{"taxonomy":"product_brand","embeddable":true,"href":"https:\/\/nordicmart.andreevmaster.com\/sv\/wp-json\/wp\/v2\/product_brand?post=12585"},{"taxonomy":"product_cat","embeddable":true,"href":"https:\/\/nordicmart.andreevmaster.com\/sv\/wp-json\/wp\/v2\/product_cat?post=12585"},{"taxonomy":"product_tag","embeddable":true,"href":"https:\/\/nordicmart.andreevmaster.com\/sv\/wp-json\/wp\/v2\/product_tag?post=12585"}],"curies":[{"name":"wp","href":"https:\/\/api.w.org\/{rel}","templated":true}]}}