{"id":12584,"date":"2026-02-27T00:14:36","date_gmt":"2026-02-27T00:14:36","guid":{"rendered":"https:\/\/nordicmart.andreevmaster.com\/product\/songmics-forsta-hjalpen-vaska-medelstor\/"},"modified":"2026-02-27T08:08:35","modified_gmt":"2026-02-27T08:08:35","slug":"songmics-forsta-hjalpen-vaska-medelstor","status":"publish","type":"product","link":"https:\/\/nordicmart.andreevmaster.com\/sv\/produkt\/songmics-forsta-hjalpen-vaska-medelstor\/","title":{"rendered":"SONGMICS F\u00f6rsta hj\u00e4lpen-v\u00e4ska, medelstor"},"content":{"rendered":"<p>Denna trendiga medicinl\u00e5da \u00e4r slagt\u00e5lig och okrossbar och h\u00e5ller din husapotek alltid till hands. Med sitt eleganta och i\u00f6gonfallande utseende \u00e4r den ett riktigt blickf\u00e5ng! Den rymliga f\u00f6rsta hj\u00e4lpen-l\u00e5dan erbjuder gott om plats tack vare tv\u00e5 niv\u00e5er och sidfickor. Den rymmer en m\u00e4ngd olika produkter f\u00f6r s\u00e5rv\u00e5rd (f\u00f6rband, kompresser, pl\u00e5ster) och vanliga mediciner. Allt h\u00e5lls i ordning och \u00e4r alltid till hands. Med ett l\u00e5s och tv\u00e5 nycklar kan mediciner f\u00f6rvaras s\u00e4kert och utom r\u00e4ckh\u00e5ll f\u00f6r barn och obeh\u00f6riga. Tack vare det bekv\u00e4ma handtaget och b\u00e4rremmen \u00e4r medicinboxen l\u00e4tt att b\u00e4ra. Anvisningar: &#8211; Innan du st\u00e4nger m\u00e5ste du rikta in sp\u00e5ret p\u00e5 fj\u00e4dern p\u00e5 kanten av v\u00e4skan. &#8211; Det avtagbara facket \u00e4r endast l\u00e4mpligt f\u00f6r f\u00f6rem\u00e5l med en h\u00f6jd p\u00e5 mindre \u00e4n 5 cm. &#8211; Innan du best\u00e4ller, v\u00e4nligen notera m\u00e5tten p\u00e5 l\u00e5dan. Produktdetaljer: &#8211; Material: &#8211; Ram: MDF-skiva + silverf\u00e4rgade aluminiumlister &#8211; Bekl\u00e4dnad: silverf\u00e4rgat ABS med r\u00e4fflad yta &#8211; Innerfoder: gr\u00e5tt sammet &#8211; Handtag: f\u00f6rkromad ABS-plast &#8211; Totala m\u00e5tt: 30 x 23 x 20,5 cm (B x H x D) &#8211; M\u00e5tt 1:a niv\u00e5: 28 x 3 x 10,5 cm (B x H x D) &#8211; M\u00e5tt rektangul\u00e4rt fack : 17 x 3 x 9,5 cm (B x H x D) &#8211; M\u00e5tt kvadratiskt fack: 9,5 x 3 x 9,5 cm (B x H x D) &#8211; M\u00e5tt 2:a niv\u00e5n: 29 x 17 x 19 cm (B x H x D) &#8211; M\u00e5tt ficka: 12 x 8 cm (B x H) Leveransomfattning: &#8211; 1 x medicinv\u00e4ska &#8211; 1 x b\u00e4rrem &#8211; 2 x nycklar<\/p>\n","protected":false},"excerpt":{"rendered":"<p>SONGMICS F\u00f6rsta hj\u00e4lpen-v\u00e4ska Medicinl\u00e5da F\u00f6rvaringsl\u00e5da Medicinl\u00e5da L\u00e4kemedelsl\u00e5da Medicinbeh\u00e5llare med b\u00e4rhandtag B\u00e4rrem Aluminiumlister ABS silverf\u00e4rgad JBC361S<\/p>\n","protected":false},"featured_media":40812,"comment_status":"open","ping_status":"closed","template":"","meta":[],"product_brand":[],"product_cat":[33],"product_tag":[],"class_list":{"0":"post-12584","1":"product","2":"type-product","3":"status-publish","4":"has-post-thumbnail","6":"product_cat-okategoriserad","8":"first","9":"instock","10":"shipping-taxable","11":"purchasable","12":"product-type-simple"},"_links":{"self":[{"href":"https:\/\/nordicmart.andreevmaster.com\/sv\/wp-json\/wp\/v2\/product\/12584","targetHints":{"allow":["GET"]}}],"collection":[{"href":"https:\/\/nordicmart.andreevmaster.com\/sv\/wp-json\/wp\/v2\/product"}],"about":[{"href":"https:\/\/nordicmart.andreevmaster.com\/sv\/wp-json\/wp\/v2\/types\/product"}],"replies":[{"embeddable":true,"href":"https:\/\/nordicmart.andreevmaster.com\/sv\/wp-json\/wp\/v2\/comments?post=12584"}],"wp:featuredmedia":[{"embeddable":true,"href":"https:\/\/nordicmart.andreevmaster.com\/sv\/wp-json\/wp\/v2\/media\/40812"}],"wp:attachment":[{"href":"https:\/\/nordicmart.andreevmaster.com\/sv\/wp-json\/wp\/v2\/media?parent=12584"}],"wp:term":[{"taxonomy":"product_brand","embeddable":true,"href":"https:\/\/nordicmart.andreevmaster.com\/sv\/wp-json\/wp\/v2\/product_brand?post=12584"},{"taxonomy":"product_cat","embeddable":true,"href":"https:\/\/nordicmart.andreevmaster.com\/sv\/wp-json\/wp\/v2\/product_cat?post=12584"},{"taxonomy":"product_tag","embeddable":true,"href":"https:\/\/nordicmart.andreevmaster.com\/sv\/wp-json\/wp\/v2\/product_tag?post=12584"}],"curies":[{"name":"wp","href":"https:\/\/api.w.org\/{rel}","templated":true}]}}